{"id":5539,"date":"2022-11-17T16:08:20","date_gmt":"2022-11-17T14:08:20","guid":{"rendered":"https:\/\/abpolar-ee.vserver.zonevs.eu\/?post_type=product&#038;p=5539"},"modified":"2023-12-30T17:05:57","modified_gmt":"2023-12-30T15:05:57","slug":"porttikoneiston-hammastanko-cris-100","status":"publish","type":"product","link":"https:\/\/abpolar.ee\/fi\/porttikoneiston-hammastanko-cris-100\/","title":{"rendered":"Porttikoneiston hammastanko Cris 100"},"content":{"rendered":"<h2 class=\"ty-product-block-title\"><bdi>Porttikoneiston hammastanko Cris 100<\/bdi><\/h2>\n<p>Porttikoneiston hammastanko Cris 100 sopii KingGates Dynamos porttikoneiston ohjaukseen.<br \/>\nMyyd\u00e4\u00e4n metrin p\u00e4tkiss\u00e4, jokaista aidan metri\u00e4 varten tarvitaan metri hammastankoa.<\/p>\n<p>&nbsp;<\/p>\n<ul>\n<li>Materiaali: Nylonp\u00e4\u00e4llysteinen metalli<\/li>\n<li>Mitat: 28x20x1000 mm<\/li>\n<li>Ty\u00f6l\u00e4mp\u00f6tila: -20 \u2013 +55 \u00b0C<\/li>\n<\/ul>\n","protected":false},"excerpt":{"rendered":"<p>Porttikoneiston hammastanko Cris 100 Porttikoneiston hammastanko Cris 100 sopii KingGates Dynamos porttikoneiston ohjaukseen. Myyd\u00e4\u00e4n metrin&#8230;<\/p>\n","protected":false},"featured_media":4482,"template":"","meta":{"_acf_changed":false,"inline_featured_image":false},"product_brand":[],"product_cat":[187,329,252],"product_tag":[],"class_list":{"0":"post-5539","1":"product","2":"type-product","3":"status-publish","4":"has-post-thumbnail","6":"product_cat-aidat-ja-portit","7":"product_cat-portit","8":"product_cat-porttiautomatiikka","9":"product_shipping_class-vaike-pakk-fi","11":"first","12":"instock","13":"taxable","14":"shipping-taxable","15":"purchasable","16":"product-type-simple"},"acf":[],"_links":{"self":[{"href":"https:\/\/abpolar.ee\/fi\/wp-json\/wp\/v2\/product\/5539","targetHints":{"allow":["GET"]}}],"collection":[{"href":"https:\/\/abpolar.ee\/fi\/wp-json\/wp\/v2\/product"}],"about":[{"href":"https:\/\/abpolar.ee\/fi\/wp-json\/wp\/v2\/types\/product"}],"wp:featuredmedia":[{"embeddable":true,"href":"https:\/\/abpolar.ee\/fi\/wp-json\/wp\/v2\/media\/4482"}],"wp:attachment":[{"href":"https:\/\/abpolar.ee\/fi\/wp-json\/wp\/v2\/media?parent=5539"}],"wp:term":[{"taxonomy":"product_brand","embeddable":true,"href":"https:\/\/abpolar.ee\/fi\/wp-json\/wp\/v2\/product_brand?post=5539"},{"taxonomy":"product_cat","embeddable":true,"href":"https:\/\/abpolar.ee\/fi\/wp-json\/wp\/v2\/product_cat?post=5539"},{"taxonomy":"product_tag","embeddable":true,"href":"https:\/\/abpolar.ee\/fi\/wp-json\/wp\/v2\/product_tag?post=5539"}],"curies":[{"name":"wp","href":"https:\/\/api.w.org\/{rel}","templated":true}]}}