{"id":5544,"date":"2022-11-17T16:08:19","date_gmt":"2022-11-17T14:08:19","guid":{"rendered":"https:\/\/abpolar-ee.vserver.zonevs.eu\/?post_type=product&#038;p=5544"},"modified":"2025-09-06T13:33:14","modified_gmt":"2025-09-06T10:33:14","slug":"porttikoneiston-varoitusvalo-kinggates-idea-24-plus","status":"publish","type":"product","link":"https:\/\/abpolar.ee\/fi\/porttikoneiston-varoitusvalo-kinggates-idea-24-plus\/","title":{"rendered":"Porttikoneiston varoitusvalo KingGates Idea 24 Plus"},"content":{"rendered":"<h2>Porttikoneiston varoitusvalo KingGates Idea 24 Plus<\/h2>\n<p>Porttikoneiston varoitusvalo Idea 24 Plus sopii k\u00e4ytett\u00e4v\u00e4ksi kaikkien KingGates porttikoneistojen kanssa.<\/p>\n<p>Automatiikka helpottaa el\u00e4m\u00e4\u00e4 huomattavasti, kun autosta ei tarvitse en\u00e4\u00e4 nousta avaamaan porttia k\u00e4sipeliss\u00e4. Kaukos\u00e4\u00e4din avaa portin nopeasti ja turvallisesti. Keltainen varoitusvalo lis\u00e4\u00e4 turvallisuutta entisest\u00e4\u00e4n.<\/p>\n<p>Haluatko avata portin helposti vain yhdell\u00e4 napin painalluksella? Porttiautomatiikan avulla se onnistuu!<\/p>\n<ul>\n<li>V\u00e4ri: keltainen<\/li>\n<li>J\u00e4nnite: 24V<\/li>\n<li>Teho: 10 W<\/li>\n<li>K\u00e4ytt\u00f6l\u00e4mp\u00f6tila: -20 &#8211; +55 \u00b0C<\/li>\n<li>Takuu: 2 vuotta<\/li>\n<\/ul>\n","protected":false},"excerpt":{"rendered":"<p>Porttikoneiston varoitusvalo KingGates Idea 24 Plus Porttikoneiston varoitusvalo Idea 24 Plus sopii k\u00e4ytett\u00e4v\u00e4ksi kaikkien KingGates&#8230;<\/p>\n","protected":false},"featured_media":4513,"template":"","meta":{"_acf_changed":false,"inline_featured_image":false},"product_brand":[],"product_cat":[187,329,252],"product_tag":[],"class_list":{"0":"post-5544","1":"product","2":"type-product","3":"status-publish","4":"has-post-thumbnail","6":"product_cat-aidat-ja-portit","7":"product_cat-portit","8":"product_cat-porttiautomatiikka","9":"product_shipping_class-vaike-pakk-fi","11":"first","12":"instock","13":"taxable","14":"shipping-taxable","15":"purchasable","16":"product-type-simple"},"acf":[],"_links":{"self":[{"href":"https:\/\/abpolar.ee\/fi\/wp-json\/wp\/v2\/product\/5544","targetHints":{"allow":["GET"]}}],"collection":[{"href":"https:\/\/abpolar.ee\/fi\/wp-json\/wp\/v2\/product"}],"about":[{"href":"https:\/\/abpolar.ee\/fi\/wp-json\/wp\/v2\/types\/product"}],"wp:featuredmedia":[{"embeddable":true,"href":"https:\/\/abpolar.ee\/fi\/wp-json\/wp\/v2\/media\/4513"}],"wp:attachment":[{"href":"https:\/\/abpolar.ee\/fi\/wp-json\/wp\/v2\/media?parent=5544"}],"wp:term":[{"taxonomy":"product_brand","embeddable":true,"href":"https:\/\/abpolar.ee\/fi\/wp-json\/wp\/v2\/product_brand?post=5544"},{"taxonomy":"product_cat","embeddable":true,"href":"https:\/\/abpolar.ee\/fi\/wp-json\/wp\/v2\/product_cat?post=5544"},{"taxonomy":"product_tag","embeddable":true,"href":"https:\/\/abpolar.ee\/fi\/wp-json\/wp\/v2\/product_tag?post=5544"}],"curies":[{"name":"wp","href":"https:\/\/api.w.org\/{rel}","templated":true}]}}