{"id":5545,"date":"2022-11-17T16:08:19","date_gmt":"2022-11-17T14:08:19","guid":{"rendered":"https:\/\/abpolar-ee.vserver.zonevs.eu\/?post_type=product&#038;p=5545"},"modified":"2025-09-06T13:32:28","modified_gmt":"2025-09-06T10:32:28","slug":"porttikoneiston-valokennosetti-kinggates-viky-30","status":"publish","type":"product","link":"https:\/\/abpolar.ee\/fi\/porttikoneiston-valokennosetti-kinggates-viky-30\/","title":{"rendered":"Porttikoneiston valokennosetti KingGates VIKY 30"},"content":{"rendered":"<h2>Porttikoneiston valokennosetti KingGates VIKY 30<\/h2>\n<p>Porttikoneiston valokennosetti Viky 30 tunnistaa henkil\u00f6t tai esineet ilman kosketusta. Valokennot pys\u00e4ytt\u00e4v\u00e4t portin v\u00e4litt\u00f6m\u00e4sti valos\u00e4teen katketessa. Viky 30 valokennosetti sopii kaikkien KingGates porttikoneistojen turvallisen k\u00e4yt\u00f6n varmistamiseen.<\/p>\n<p>Automatiikka helpottaa el\u00e4m\u00e4\u00e4 huomattavasti, kun autosta ei tarvitse en\u00e4\u00e4 nousta avaamaan porttia k\u00e4sipeliss\u00e4. Kaukos\u00e4\u00e4din avaa portin nopeasti ja turvallisesti. Keltainen varoitusvalo lis\u00e4\u00e4 turvallisuutta entisest\u00e4\u00e4n.<\/p>\n<p>Haluatko avata portin helposti vain yhdell\u00e4 napin painalluksella? Porttiautomatiikan avulla se onnistuu!<\/p>\n<ul>\n<li>2 kpl<\/li>\n<li>K\u00e4ytt\u00f6l\u00e4mp\u00f6tila: -20 &#8211; +55 \u00b0C<\/li>\n<li>Takuu: 2 vuotta<\/li>\n<\/ul>\n","protected":false},"excerpt":{"rendered":"<p>Porttikoneiston valokennosetti KingGates VIKY 30 Porttikoneiston valokennosetti Viky 30 tunnistaa henkil\u00f6t tai esineet ilman kosketusta&#8230;.<\/p>\n","protected":false},"featured_media":4518,"template":"","meta":{"_acf_changed":false,"inline_featured_image":false},"product_brand":[],"product_cat":[187,329,252],"product_tag":[],"class_list":{"0":"post-5545","1":"product","2":"type-product","3":"status-publish","4":"has-post-thumbnail","6":"product_cat-aidat-ja-portit","7":"product_cat-portit","8":"product_cat-porttiautomatiikka","9":"product_shipping_class-vaike-pakk-fi","11":"first","12":"instock","13":"taxable","14":"shipping-taxable","15":"purchasable","16":"product-type-simple"},"acf":[],"_links":{"self":[{"href":"https:\/\/abpolar.ee\/fi\/wp-json\/wp\/v2\/product\/5545","targetHints":{"allow":["GET"]}}],"collection":[{"href":"https:\/\/abpolar.ee\/fi\/wp-json\/wp\/v2\/product"}],"about":[{"href":"https:\/\/abpolar.ee\/fi\/wp-json\/wp\/v2\/types\/product"}],"wp:featuredmedia":[{"embeddable":true,"href":"https:\/\/abpolar.ee\/fi\/wp-json\/wp\/v2\/media\/4518"}],"wp:attachment":[{"href":"https:\/\/abpolar.ee\/fi\/wp-json\/wp\/v2\/media?parent=5545"}],"wp:term":[{"taxonomy":"product_brand","embeddable":true,"href":"https:\/\/abpolar.ee\/fi\/wp-json\/wp\/v2\/product_brand?post=5545"},{"taxonomy":"product_cat","embeddable":true,"href":"https:\/\/abpolar.ee\/fi\/wp-json\/wp\/v2\/product_cat?post=5545"},{"taxonomy":"product_tag","embeddable":true,"href":"https:\/\/abpolar.ee\/fi\/wp-json\/wp\/v2\/product_tag?post=5545"}],"curies":[{"name":"wp","href":"https:\/\/api.w.org\/{rel}","templated":true}]}}