{"id":5552,"date":"2022-11-17T16:08:10","date_gmt":"2022-11-17T14:08:10","guid":{"rendered":"https:\/\/abpolar-ee.vserver.zonevs.eu\/?post_type=product&#038;p=5552"},"modified":"2025-08-30T13:31:35","modified_gmt":"2025-08-30T10:31:35","slug":"levykiinnike-tyomaa-aidalle","status":"publish","type":"product","link":"https:\/\/abpolar.ee\/fi\/levykiinnike-tyomaa-aidalle\/","title":{"rendered":"Ty\u00f6maa-aidan kiinnike"},"content":{"rendered":"<h2>Ty\u00f6maa-aidan kiinnike<\/h2>\n<p>K\u00e4ytet\u00e4\u00e4n ty\u00f6maa-aidan elementtien kiinnitt\u00e4miseen toisiinsa. Kiinnike on kuumasinkitty.<\/p>\n<p>Kiinnike liitt\u00e4\u00e4 ty\u00f6maa-aidat tukevasti toisiinsa kiinni. Kiinnike laitetaan kiinni aidan pystytolppiin. Kiinnikkeit\u00e4 k\u00e4ytet\u00e4\u00e4n yleens\u00e4 yht\u00e4 aitaa kohden, mutta mik\u00e4li haluat eritt\u00e4in j\u00e4m\u00e4k\u00e4n ratkaisun, k\u00e4yt\u00e4 kahta kiinnikett\u00e4.<\/p>\n<p>Kun on tarve ty\u00f6maa-aidalle, hanki ty\u00f6maa-aidan kiinnike!<\/p>\n","protected":false},"excerpt":{"rendered":"<p>Ty\u00f6maa-aidan kiinnike K\u00e4ytet\u00e4\u00e4n ty\u00f6maa-aidan elementtien kiinnitt\u00e4miseen toisiinsa. Kiinnike on kuumasinkitty. Kiinnike liitt\u00e4\u00e4 ty\u00f6maa-aidat tukevasti toisiinsa&#8230;<\/p>\n","protected":false},"featured_media":4351,"template":"","meta":{"_acf_changed":false,"inline_featured_image":false},"product_brand":[],"product_cat":[255],"product_tag":[],"class_list":{"0":"post-5552","1":"product","2":"type-product","3":"status-publish","4":"has-post-thumbnail","6":"product_cat-tyomaa-aidat","7":"product_shipping_class-vaike-pakk-fi","9":"first","10":"instock","11":"taxable","12":"shipping-taxable","13":"purchasable","14":"product-type-simple"},"acf":[],"_links":{"self":[{"href":"https:\/\/abpolar.ee\/fi\/wp-json\/wp\/v2\/product\/5552","targetHints":{"allow":["GET"]}}],"collection":[{"href":"https:\/\/abpolar.ee\/fi\/wp-json\/wp\/v2\/product"}],"about":[{"href":"https:\/\/abpolar.ee\/fi\/wp-json\/wp\/v2\/types\/product"}],"wp:featuredmedia":[{"embeddable":true,"href":"https:\/\/abpolar.ee\/fi\/wp-json\/wp\/v2\/media\/4351"}],"wp:attachment":[{"href":"https:\/\/abpolar.ee\/fi\/wp-json\/wp\/v2\/media?parent=5552"}],"wp:term":[{"taxonomy":"product_brand","embeddable":true,"href":"https:\/\/abpolar.ee\/fi\/wp-json\/wp\/v2\/product_brand?post=5552"},{"taxonomy":"product_cat","embeddable":true,"href":"https:\/\/abpolar.ee\/fi\/wp-json\/wp\/v2\/product_cat?post=5552"},{"taxonomy":"product_tag","embeddable":true,"href":"https:\/\/abpolar.ee\/fi\/wp-json\/wp\/v2\/product_tag?post=5552"}],"curies":[{"name":"wp","href":"https:\/\/api.w.org\/{rel}","templated":true}]}}