{"id":5553,"date":"2022-12-09T10:42:58","date_gmt":"2022-12-09T08:42:58","guid":{"rendered":"https:\/\/abpolar-ee.vserver.zonevs.eu\/?post_type=product&#038;p=5553"},"modified":"2023-02-28T16:20:59","modified_gmt":"2023-02-28T14:20:59","slug":"kaarikasvihuone-nano-3x4m","status":"publish","type":"product","link":"https:\/\/abpolar.ee\/fi\/kaarikasvihuone-nano-3x4m\/","title":{"rendered":"Kaarikasvihuone NANO 3x4m"},"content":{"rendered":"<h2>Kaarikasvihuone NANO 3x4m<\/h2>\n<p id=\"tw-target-text\" class=\"tw-data-text tw-text-large tw-ta\" dir=\"ltr\" data-placeholder=\"T\u00f5lge\"><span class=\"Y2IQFc\" lang=\"fi\">NANO-kasvihuoneet takaavat kiireen ja runsaan sadon!<br \/>\nInnovatiiviseen NANO-polykarbonaattikoostumukseen lis\u00e4tyt nanorakenteiset lis\u00e4aineet varmistavat kasvihuoneessa kasvaville kasveille maksimaalisen fotosynteesiprosessin.<br \/>\nNanorakenne muuttaa ankarat ja vaaralliset UV-s\u00e4teet kasveille hy\u00f6dylliseksi punaisen spektrin s\u00e4teilyksi.<br \/>\nT\u00e4m\u00e4n seurauksena kasvisviljelm\u00e4 lis\u00e4\u00e4 satoa 30-48 % ja nopeuttaa sadonkorjuuta 3-4 viikolla.<br \/>\nNyt ilmastossammekin on mahdollista kasvattaa nopeasti satoa kasvihuoneolosuhteissa ja lis\u00e4t\u00e4 kasvien tuottavuutta!<br \/>\nKaareva kasvihuone on suunniteltu erilaisten puutarhakasvien viljelyyn.<br \/>\nLaadukkaat katelevyt valmistetaan 4 millimetrin s\u00e4\u00e4nkest\u00e4v\u00e4st\u00e4, jotta kattopaneeli voidaan sulkea mahdollisimman helposti ja nopeasti.<br \/>\nKehyksen kokoaminen kest\u00e4\u00e4 ~ 5-7 tuntia.<br \/>\nKasvihuoneen ovet ja tuuletusikkunat ovat valmiina, eik\u00e4 monimutkaisempaa ruuvaamista tai solmimista tarvitse tehd\u00e4.<br \/>\nNosta vain ja kiinnit\u00e4 nelj\u00e4 ruuvia.<br \/>\n<\/span><span class=\"Y2IQFc\" lang=\"fi\">L\u00e4mp\u00f6tilaa ja ilmankosteutta s\u00e4\u00e4dell\u00e4\u00e4n tuuletuksella.<br \/>\nKasvihuone on kiinnitett\u00e4v\u00e4 tuulenpit\u00e4v\u00e4\u00e4n puurunkoon tai suoraan maahan.<br \/>\nSarja sis\u00e4lt\u00e4\u00e4 NANO-polykarbonaattip\u00e4\u00e4llystemateriaalin ja kaiken asennukseen tarvittavan kansimateriaalin.<br \/>\nKasvihuoneen p\u00e4\u00e4dyss\u00e4 on ovi ja molemmissa p\u00e4\u00e4dyiss\u00e4 tuuletusluukku.<br \/>\nKorkeus 2,1m.<br \/>\nGalvanoitu ter\u00e4srunko.<br \/>\nKaksikerroksinen UV-kest\u00e4v\u00e4 polykarbonaattipinnoite.<br \/>\nPolykarbonaatin paksuus on 4 mm.<br \/>\nT\u00e4ydelliset asennustarvikkeet ja asennusohjeet.<br \/>\nLumikuorma 50 kg m2<\/span><\/p>\n<p dir=\"ltr\" data-placeholder=\"T\u00f5lge\">Katoilta on aina poistettava liika lumikuorma.<\/p>\n","protected":false},"excerpt":{"rendered":"<p>Kaarikasvihuone NANO 3x4m NANO-kasvihuoneet takaavat kiireen ja runsaan sadon! Innovatiiviseen NANO-polykarbonaattikoostumukseen lis\u00e4tyt nanorakenteiset lis\u00e4aineet varmistavat&#8230;<\/p>\n","protected":false},"featured_media":4920,"template":"","meta":{"_acf_changed":false,"inline_featured_image":false},"product_brand":[],"product_cat":[203,204],"product_tag":[],"class_list":{"0":"post-5553","1":"product","2":"type-product","3":"status-publish","4":"has-post-thumbnail","6":"product_cat-kaarikasvihuoneet","7":"product_cat-kasvihuoneet","8":"product_shipping_class-eur-fi","10":"first","11":"instock","12":"sale","13":"taxable","14":"shipping-taxable","15":"purchasable","16":"product-type-simple"},"acf":[],"_links":{"self":[{"href":"https:\/\/abpolar.ee\/fi\/wp-json\/wp\/v2\/product\/5553","targetHints":{"allow":["GET"]}}],"collection":[{"href":"https:\/\/abpolar.ee\/fi\/wp-json\/wp\/v2\/product"}],"about":[{"href":"https:\/\/abpolar.ee\/fi\/wp-json\/wp\/v2\/types\/product"}],"wp:featuredmedia":[{"embeddable":true,"href":"https:\/\/abpolar.ee\/fi\/wp-json\/wp\/v2\/media\/4920"}],"wp:attachment":[{"href":"https:\/\/abpolar.ee\/fi\/wp-json\/wp\/v2\/media?parent=5553"}],"wp:term":[{"taxonomy":"product_brand","embeddable":true,"href":"https:\/\/abpolar.ee\/fi\/wp-json\/wp\/v2\/product_brand?post=5553"},{"taxonomy":"product_cat","embeddable":true,"href":"https:\/\/abpolar.ee\/fi\/wp-json\/wp\/v2\/product_cat?post=5553"},{"taxonomy":"product_tag","embeddable":true,"href":"https:\/\/abpolar.ee\/fi\/wp-json\/wp\/v2\/product_tag?post=5553"}],"curies":[{"name":"wp","href":"https:\/\/api.w.org\/{rel}","templated":true}]}}