{"id":5555,"date":"2022-11-17T16:09:57","date_gmt":"2022-11-17T14:09:57","guid":{"rendered":"https:\/\/abpolar-ee.vserver.zonevs.eu\/?post_type=product&#038;p=5555"},"modified":"2025-08-25T13:33:25","modified_gmt":"2025-08-25T10:33:25","slug":"betonisokkeli-248x30x6cm","status":"publish","type":"product","link":"https:\/\/abpolar.ee\/fi\/betonisokkeli-248x30x6cm\/","title":{"rendered":"Betonisokkeli 248x30x6cm"},"content":{"rendered":"<h2>Betonisokkeli 248x30x6 cm<\/h2>\n<p>Betonisokkeli sopii erilaisten aitojen j\u00e4m\u00e4k\u00f6itt\u00e4miseen ja suojaamiseen. Sokkeli on yhteensopiva puu-, metalli- ja verkkoaitojen kanssa. My\u00f6s elementtiaitaa voidaan tukea betonisokkelin avulla.<\/p>\n<p>Betonisokkeli tukee aitatolppia ja suojaa aitaa maasta nousevalta kosteudelta. Se est\u00e4\u00e4 my\u00f6s erilaisten el\u00e4inten kaivautumisen aidan alta. Painava sokkeli pysyy tukevasti paikoillaan s\u00e4\u00e4ll\u00e4 kuin s\u00e4\u00e4ll\u00e4.<\/p>\n<p>Kun haluat j\u00e4m\u00e4k\u00e4n aitauksen, hanki sen tueksi betonisokkeli!<\/p>\n<ul>\n<li>Pituus: 248 cm<\/li>\n<li>Korkeus: 30 cm<\/li>\n<li>Paksuus: 6 cm<\/li>\n<li>Paino: 97 kg<\/li>\n<\/ul>\n","protected":false},"excerpt":{"rendered":"<p>Betonisokkeli 248x30x6 cm Betonisokkeli sopii erilaisten aitojen j\u00e4m\u00e4k\u00f6itt\u00e4miseen ja suojaamiseen. Sokkeli on yhteensopiva puu-, metalli-&#8230;<\/p>\n","protected":false},"featured_media":3739,"template":"","meta":{"_acf_changed":false,"inline_featured_image":false},"product_brand":[],"product_cat":[187,254],"product_tag":[],"class_list":{"0":"post-5555","1":"product","2":"type-product","3":"status-publish","4":"has-post-thumbnail","6":"product_cat-aidat-ja-portit","7":"product_cat-sokkelit","9":"first","10":"instock","11":"taxable","12":"shipping-taxable","13":"purchasable","14":"product-type-simple"},"acf":[],"_links":{"self":[{"href":"https:\/\/abpolar.ee\/fi\/wp-json\/wp\/v2\/product\/5555","targetHints":{"allow":["GET"]}}],"collection":[{"href":"https:\/\/abpolar.ee\/fi\/wp-json\/wp\/v2\/product"}],"about":[{"href":"https:\/\/abpolar.ee\/fi\/wp-json\/wp\/v2\/types\/product"}],"wp:featuredmedia":[{"embeddable":true,"href":"https:\/\/abpolar.ee\/fi\/wp-json\/wp\/v2\/media\/3739"}],"wp:attachment":[{"href":"https:\/\/abpolar.ee\/fi\/wp-json\/wp\/v2\/media?parent=5555"}],"wp:term":[{"taxonomy":"product_brand","embeddable":true,"href":"https:\/\/abpolar.ee\/fi\/wp-json\/wp\/v2\/product_brand?post=5555"},{"taxonomy":"product_cat","embeddable":true,"href":"https:\/\/abpolar.ee\/fi\/wp-json\/wp\/v2\/product_cat?post=5555"},{"taxonomy":"product_tag","embeddable":true,"href":"https:\/\/abpolar.ee\/fi\/wp-json\/wp\/v2\/product_tag?post=5555"}],"curies":[{"name":"wp","href":"https:\/\/api.w.org\/{rel}","templated":true}]}}