{"id":5567,"date":"2022-11-17T16:08:09","date_gmt":"2022-11-17T14:08:09","guid":{"rendered":"https:\/\/abpolar-ee.vserver.zonevs.eu\/?post_type=product&#038;p=5567"},"modified":"2025-08-14T18:12:28","modified_gmt":"2025-08-14T15:12:28","slug":"aitaelementin-metallikiinnike-nelikulmaiselle-40x60mm-tolpalle-metallivastuksella","status":"publish","type":"product","link":"https:\/\/abpolar.ee\/fi\/aitaelementin-metallikiinnike-nelikulmaiselle-40x60mm-tolpalle-metallivastuksella\/","title":{"rendered":"Aitaelementin metallikiinnike nelikulmaiselle 40x60mm tolpalle\u00a0metallivastuksella"},"content":{"rendered":"<h2>Aitaelementin metallikiinnike metallivastuksella neliskulmaiselle 40x60mm tolpalle<\/h2>\n<p>Helposti asennettava U-kiinnike metallivastuksella. Kiinnike on tarkoitettu elementtiaitojen kiinnitt\u00e4miseen 40 x 60 mm aitatolppiin.<\/p>\n<ul>\n<li>Materiaali: metalli + muovi<\/li>\n<li>Sopii neliskulmaisiin aitaelementin tolppiin<\/li>\n<li>Kiinnitt\u00e4\u00e4 aitaelementin tolppaan<\/li>\n<\/ul>\n<p>Suositeltu kiinnikkeiden m\u00e4\u00e4r\u00e4 tolppaa kohden:<\/p>\n<ul>\n<li>1,03 m elementti: 2 kiinnikett\u00e4 per tolppa<\/li>\n<li>1,23-1,53 m elementti: 3 kiinnikett\u00e4 per tolppa<\/li>\n<li>1,63-2,03 m elementti: 4 kiinnikett\u00e4 per tolppa<\/li>\n<\/ul>\n<p>Aitaelementit nopeuttavat ja helpottavat aidan rakentamista huomattavasti. Elementeist\u00e4 rakentaminen k\u00e4y aloittelijaltakin vikkel\u00e4sti.<\/p>\n<p>Lis\u00e4ksi elementtiaidan huoltaminen on vaivatonta: jos yksi elementti sattuisi menem\u00e4\u00e4n rikki, riitt\u00e4\u00e4, ett\u00e4 vaihdat kyseisen elementin uuteen.<br \/>\nKun haluat nopean ja vaivattoman tavan rakentaa aita, pyyd\u00e4 tarjous aitaelementeist\u00e4, tolpista ja kiinnikkeist\u00e4 jo t\u00e4n\u00e4\u00e4n!<\/p>\n<h2>Asennus<\/h2>\n<p>Kahden aitaelementin p\u00e4\u00e4ty- ja vaakalangat asetetaan pienemm\u00e4n kiinnikkeen osan uraan vierekk\u00e4in ja lukitaan paikalleen U-pultilla.<\/p>\n<p>Tolpan takapuolelta asennetaan suurempi kiinnikkeen osa pultin p\u00e4\u00e4lle, jonka j\u00e4lkeen elementit kiristet\u00e4\u00e4n tolppaa vasten kirist\u00e4m\u00e4ll\u00e4 mutterit ja lopuksi lis\u00e4t\u00e4\u00e4n muttereiden suojaksi muovihatut.<\/p>\n","protected":false},"excerpt":{"rendered":"<p>Aitaelementin metallikiinnike metallivastuksella neliskulmaiselle 40x60mm tolpalle Helposti asennettava U-kiinnike metallivastuksella. Kiinnike on tarkoitettu elementtiaitojen kiinnitt\u00e4miseen&#8230;<\/p>\n","protected":false},"featured_media":2708,"template":"","meta":{"_acf_changed":false,"inline_featured_image":false},"product_brand":[],"product_cat":[140],"product_tag":[],"class_list":{"0":"post-5567","1":"product","2":"type-product","3":"status-publish","4":"has-post-thumbnail","6":"product_cat-aitojen-porttien-tarvikkeet","7":"product_shipping_class-pakk-kuni-30kg-fi","9":"first","10":"instock","11":"taxable","12":"shipping-taxable","13":"purchasable","14":"product-type-simple"},"acf":[],"_links":{"self":[{"href":"https:\/\/abpolar.ee\/fi\/wp-json\/wp\/v2\/product\/5567","targetHints":{"allow":["GET"]}}],"collection":[{"href":"https:\/\/abpolar.ee\/fi\/wp-json\/wp\/v2\/product"}],"about":[{"href":"https:\/\/abpolar.ee\/fi\/wp-json\/wp\/v2\/types\/product"}],"wp:featuredmedia":[{"embeddable":true,"href":"https:\/\/abpolar.ee\/fi\/wp-json\/wp\/v2\/media\/2708"}],"wp:attachment":[{"href":"https:\/\/abpolar.ee\/fi\/wp-json\/wp\/v2\/media?parent=5567"}],"wp:term":[{"taxonomy":"product_brand","embeddable":true,"href":"https:\/\/abpolar.ee\/fi\/wp-json\/wp\/v2\/product_brand?post=5567"},{"taxonomy":"product_cat","embeddable":true,"href":"https:\/\/abpolar.ee\/fi\/wp-json\/wp\/v2\/product_cat?post=5567"},{"taxonomy":"product_tag","embeddable":true,"href":"https:\/\/abpolar.ee\/fi\/wp-json\/wp\/v2\/product_tag?post=5567"}],"curies":[{"name":"wp","href":"https:\/\/api.w.org\/{rel}","templated":true}]}}