{"id":5572,"date":"2022-11-17T16:08:49","date_gmt":"2022-11-17T14:08:49","guid":{"rendered":"https:\/\/abpolar-ee.vserver.zonevs.eu\/?post_type=product&#038;p=5572"},"modified":"2023-03-01T12:00:12","modified_gmt":"2023-03-01T10:00:12","slug":"kiinnityslangan-kiinnike-ja-ruuvi-harmaa","status":"publish","type":"product","link":"https:\/\/abpolar.ee\/fi\/kiinnityslangan-kiinnike-ja-ruuvi-harmaa\/","title":{"rendered":"Kiinnityslangan kiinnike ja ruuvi, harmaa"},"content":{"rendered":"<h2>Kiinnityslangan kiinnike ja ruuvi, harmaa<\/h2>\n<p>Kiristyslangan kiinnitt\u00e4miseksi py\u00f6re\u00e4\u00e4n aitatolppaan, sopii my\u00f6s verkkoaidan tai aitapaneelin kiinnitt\u00e4miseksi aitatolppaan. Sis\u00e4lt\u00e4\u00e4 kiinnikkeen ja itseporautuvan ruuvin.<\/p>\n","protected":false},"excerpt":{"rendered":"<p>Kiinnityslangan kiinnike ja ruuvi, harmaa Kiristyslangan kiinnitt\u00e4miseksi py\u00f6re\u00e4\u00e4n aitatolppaan, sopii my\u00f6s verkkoaidan tai aitapaneelin kiinnitt\u00e4miseksi&#8230;<\/p>\n","protected":false},"featured_media":17951,"template":"","meta":{"_acf_changed":false,"inline_featured_image":false},"product_brand":[],"product_cat":[140],"product_tag":[],"class_list":{"0":"post-5572","1":"product","2":"type-product","3":"status-publish","4":"has-post-thumbnail","6":"product_cat-aitojen-porttien-tarvikkeet","7":"product_shipping_class-vaike-pakk-fi","9":"first","10":"instock","11":"taxable","12":"shipping-taxable","13":"purchasable","14":"product-type-simple"},"acf":[],"_links":{"self":[{"href":"https:\/\/abpolar.ee\/fi\/wp-json\/wp\/v2\/product\/5572","targetHints":{"allow":["GET"]}}],"collection":[{"href":"https:\/\/abpolar.ee\/fi\/wp-json\/wp\/v2\/product"}],"about":[{"href":"https:\/\/abpolar.ee\/fi\/wp-json\/wp\/v2\/types\/product"}],"wp:featuredmedia":[{"embeddable":true,"href":"https:\/\/abpolar.ee\/fi\/wp-json\/wp\/v2\/media\/17951"}],"wp:attachment":[{"href":"https:\/\/abpolar.ee\/fi\/wp-json\/wp\/v2\/media?parent=5572"}],"wp:term":[{"taxonomy":"product_brand","embeddable":true,"href":"https:\/\/abpolar.ee\/fi\/wp-json\/wp\/v2\/product_brand?post=5572"},{"taxonomy":"product_cat","embeddable":true,"href":"https:\/\/abpolar.ee\/fi\/wp-json\/wp\/v2\/product_cat?post=5572"},{"taxonomy":"product_tag","embeddable":true,"href":"https:\/\/abpolar.ee\/fi\/wp-json\/wp\/v2\/product_tag?post=5572"}],"curies":[{"name":"wp","href":"https:\/\/api.w.org\/{rel}","templated":true}]}}