{"id":5579,"date":"2022-11-17T16:08:44","date_gmt":"2022-11-17T14:08:44","guid":{"rendered":"https:\/\/abpolar-ee.vserver.zonevs.eu\/?post_type=product&#038;p=5579"},"modified":"2023-03-01T12:12:41","modified_gmt":"2023-03-01T10:12:41","slug":"kiristimen-kiinnityspanta-pyoreaan-aitatolppaan-zn","status":"publish","type":"product","link":"https:\/\/abpolar.ee\/fi\/kiristimen-kiinnityspanta-pyoreaan-aitatolppaan-zn\/","title":{"rendered":"Kiristimen kiinnityspanta py\u00f6re\u00e4\u00e4n aitatolppaan ZN"},"content":{"rendered":"<h2>Kiristimen kiinnityspanta py\u00f6re\u00e4\u00e4n aitatolppaan ZN<\/h2>\n<p>Kiristimen kiinnityspanta aitaolppaan. Pantaan kiinnitet\u00e4\u00e4n aitaverkon kiristin. Py\u00f6re\u00e4lle aitatolpalle tarkoitettu kiinnike, jonka avulla pystyy asentamaan erityisesti panssariverkolle tarkoitetun kiristystangon ja langankiristimen tolppaan.<\/p>\n<p>&nbsp;<\/p>\n<ul>\n<li><strong>Halkaisija: valittavissa 38 mm, 48 mm tai 60 mm tolpalle<\/strong><\/li>\n<li><strong>Materiaali: ter\u00e4s, sinkitty<\/strong><\/li>\n<\/ul>\n<p>&nbsp;<\/p>\n<p>&nbsp;<\/p>\n","protected":false},"excerpt":{"rendered":"<p>Kiristimen kiinnityspanta py\u00f6re\u00e4\u00e4n aitatolppaan ZN Kiristimen kiinnityspanta aitaolppaan. Pantaan kiinnitet\u00e4\u00e4n aitaverkon kiristin. Py\u00f6re\u00e4lle aitatolpalle tarkoitettu&#8230;<\/p>\n","protected":false},"featured_media":4130,"template":"","meta":{"_acf_changed":false,"inline_featured_image":false},"product_brand":[],"product_cat":[140],"product_tag":[],"class_list":{"0":"post-5579","1":"product","2":"type-product","3":"status-publish","4":"has-post-thumbnail","6":"product_cat-aitojen-porttien-tarvikkeet","7":"product_shipping_class-vaike-pakk-fi","9":"first","10":"instock","11":"taxable","12":"shipping-taxable","13":"purchasable","14":"product-type-variable"},"acf":[],"_links":{"self":[{"href":"https:\/\/abpolar.ee\/fi\/wp-json\/wp\/v2\/product\/5579","targetHints":{"allow":["GET"]}}],"collection":[{"href":"https:\/\/abpolar.ee\/fi\/wp-json\/wp\/v2\/product"}],"about":[{"href":"https:\/\/abpolar.ee\/fi\/wp-json\/wp\/v2\/types\/product"}],"wp:featuredmedia":[{"embeddable":true,"href":"https:\/\/abpolar.ee\/fi\/wp-json\/wp\/v2\/media\/4130"}],"wp:attachment":[{"href":"https:\/\/abpolar.ee\/fi\/wp-json\/wp\/v2\/media?parent=5579"}],"wp:term":[{"taxonomy":"product_brand","embeddable":true,"href":"https:\/\/abpolar.ee\/fi\/wp-json\/wp\/v2\/product_brand?post=5579"},{"taxonomy":"product_cat","embeddable":true,"href":"https:\/\/abpolar.ee\/fi\/wp-json\/wp\/v2\/product_cat?post=5579"},{"taxonomy":"product_tag","embeddable":true,"href":"https:\/\/abpolar.ee\/fi\/wp-json\/wp\/v2\/product_tag?post=5579"}],"curies":[{"name":"wp","href":"https:\/\/api.w.org\/{rel}","templated":true}]}}