{"id":5584,"date":"2022-11-17T16:08:59","date_gmt":"2022-11-17T14:08:59","guid":{"rendered":"https:\/\/abpolar-ee.vserver.zonevs.eu\/?post_type=product&#038;p=5584"},"modified":"2023-12-30T16:19:49","modified_gmt":"2023-12-30T14:19:49","slug":"kiristimen-ja-kiristystangon-kiinnike-ral6005-vihrea","status":"publish","type":"product","link":"https:\/\/abpolar.ee\/fi\/kiristimen-ja-kiristystangon-kiinnike-ral6005-vihrea\/","title":{"rendered":"Kiristimen ja kiristystangon kiinnike RAL6005 vihre\u00e4"},"content":{"rendered":"<h2>Kiristimen ja kiristystangon kiinnike RAL6005 vihre\u00e4<\/h2>\n<p>Py\u00f6re\u00e4lle aitatolpalle tarkoitettu kiinnike, jonka avulla pystyy asentamaan erityisesti panssariverkolle tarkoitetun <a href=\"https:\/\/abpolar.ee\/fi\/kiristystanko-vihrea\/\" target=\"_blank\" rel=\"noopener\">kiristystangon<\/a> ja langankiristimen tolppaan.<\/p>\n<p>&nbsp;<\/p>\n<ul>\n<li><strong>Halkaisija: valittavissa 38mm, 48mm tai 60 mm tolpalle<\/strong><\/li>\n<li><strong>Materiaali: RAL6005 s\u00e4vyll\u00e4 jauhemaalattu ter\u00e4s<\/strong><\/li>\n<li><strong>Sis\u00e4lt\u00e4\u00e4 yhden kiinnikkeen koukulla, kiristin ja kiristystanko tilattava erikseen<\/strong><\/li>\n<\/ul>\n<p>&nbsp;<\/p>\n<p>&nbsp;<\/p>\n","protected":false},"excerpt":{"rendered":"<p>Kiristimen ja kiristystangon kiinnike RAL6005 vihre\u00e4 Py\u00f6re\u00e4lle aitatolpalle tarkoitettu kiinnike, jonka avulla pystyy asentamaan erityisesti&#8230;<\/p>\n","protected":false},"featured_media":4046,"template":"","meta":{"_acf_changed":false,"inline_featured_image":false},"product_brand":[],"product_cat":[140],"product_tag":[],"class_list":{"0":"post-5584","1":"product","2":"type-product","3":"status-publish","4":"has-post-thumbnail","6":"product_cat-aitojen-porttien-tarvikkeet","7":"product_shipping_class-vaike-pakk-fi","9":"first","10":"instock","11":"taxable","12":"shipping-taxable","13":"purchasable","14":"product-type-variable"},"acf":[],"_links":{"self":[{"href":"https:\/\/abpolar.ee\/fi\/wp-json\/wp\/v2\/product\/5584","targetHints":{"allow":["GET"]}}],"collection":[{"href":"https:\/\/abpolar.ee\/fi\/wp-json\/wp\/v2\/product"}],"about":[{"href":"https:\/\/abpolar.ee\/fi\/wp-json\/wp\/v2\/types\/product"}],"wp:featuredmedia":[{"embeddable":true,"href":"https:\/\/abpolar.ee\/fi\/wp-json\/wp\/v2\/media\/4046"}],"wp:attachment":[{"href":"https:\/\/abpolar.ee\/fi\/wp-json\/wp\/v2\/media?parent=5584"}],"wp:term":[{"taxonomy":"product_brand","embeddable":true,"href":"https:\/\/abpolar.ee\/fi\/wp-json\/wp\/v2\/product_brand?post=5584"},{"taxonomy":"product_cat","embeddable":true,"href":"https:\/\/abpolar.ee\/fi\/wp-json\/wp\/v2\/product_cat?post=5584"},{"taxonomy":"product_tag","embeddable":true,"href":"https:\/\/abpolar.ee\/fi\/wp-json\/wp\/v2\/product_tag?post=5584"}],"curies":[{"name":"wp","href":"https:\/\/api.w.org\/{rel}","templated":true}]}}