{"id":5595,"date":"2022-11-17T16:08:11","date_gmt":"2022-11-17T14:08:11","guid":{"rendered":"https:\/\/abpolar-ee.vserver.zonevs.eu\/?post_type=product&#038;p=5595"},"modified":"2025-11-06T20:57:26","modified_gmt":"2025-11-06T18:57:26","slug":"kiristystanko-zn","status":"publish","type":"product","link":"https:\/\/abpolar.ee\/fi\/kiristystanko-zn\/","title":{"rendered":"Kiristystanko ZN"},"content":{"rendered":"<h2 class=\"ty-product-block-title\"><bdi>Kiristystanko ZN<\/bdi><\/h2>\n<p>Erityisesti panssariaidan kirist\u00e4miseen tarkoitettu <a href=\"https:\/\/abpolar.ee\/fi\/kiristystanko-vihrea\/\" target=\"_blank\" rel=\"noopener\">kiristystanko.<\/a> Tanko pujotetaan verkon p\u00e4\u00e4dyn silmien v\u00e4list\u00e4 ja kiinnitet\u00e4\u00e4n aitatolppaan kiinnikkeell\u00e4.<\/p>\n<ul>\n<li><strong>Tangon pituus: valittavissa 1,5 m tai 2 m<\/strong><\/li>\n<li><strong>Halkaisija: 7,2 mm<\/strong><\/li>\n<li><strong>Materiaali: ter\u00e4s, sinkitty<\/strong><\/li>\n<li><strong>Helpottaa erityisesti panssariaidan asennusta p\u00e4\u00e4ty- ja nurkkatolppiin<\/strong><\/li>\n<\/ul>\n","protected":false},"excerpt":{"rendered":"<p>Kiristystanko ZN Erityisesti panssariaidan kirist\u00e4miseen tarkoitettu kiristystanko. Tanko pujotetaan verkon p\u00e4\u00e4dyn silmien v\u00e4list\u00e4 ja kiinnitet\u00e4\u00e4n&#8230;<\/p>\n","protected":false},"featured_media":4847,"template":"","meta":{"_acf_changed":false,"inline_featured_image":false},"product_brand":[],"product_cat":[140],"product_tag":[],"class_list":{"0":"post-5595","1":"product","2":"type-product","3":"status-publish","4":"has-post-thumbnail","6":"product_cat-aitojen-porttien-tarvikkeet","7":"product_shipping_class-pakk-kuni-30kg-fi","9":"first","10":"instock","11":"taxable","12":"shipping-taxable","13":"purchasable","14":"product-type-variable"},"acf":[],"_links":{"self":[{"href":"https:\/\/abpolar.ee\/fi\/wp-json\/wp\/v2\/product\/5595","targetHints":{"allow":["GET"]}}],"collection":[{"href":"https:\/\/abpolar.ee\/fi\/wp-json\/wp\/v2\/product"}],"about":[{"href":"https:\/\/abpolar.ee\/fi\/wp-json\/wp\/v2\/types\/product"}],"wp:featuredmedia":[{"embeddable":true,"href":"https:\/\/abpolar.ee\/fi\/wp-json\/wp\/v2\/media\/4847"}],"wp:attachment":[{"href":"https:\/\/abpolar.ee\/fi\/wp-json\/wp\/v2\/media?parent=5595"}],"wp:term":[{"taxonomy":"product_brand","embeddable":true,"href":"https:\/\/abpolar.ee\/fi\/wp-json\/wp\/v2\/product_brand?post=5595"},{"taxonomy":"product_cat","embeddable":true,"href":"https:\/\/abpolar.ee\/fi\/wp-json\/wp\/v2\/product_cat?post=5595"},{"taxonomy":"product_tag","embeddable":true,"href":"https:\/\/abpolar.ee\/fi\/wp-json\/wp\/v2\/product_tag?post=5595"}],"curies":[{"name":"wp","href":"https:\/\/api.w.org\/{rel}","templated":true}]}}