{"id":5599,"date":"2022-11-17T16:08:46","date_gmt":"2022-11-17T14:08:46","guid":{"rendered":"https:\/\/abpolar-ee.vserver.zonevs.eu\/?post_type=product&#038;p=5599"},"modified":"2023-03-01T12:02:20","modified_gmt":"2023-03-01T10:02:20","slug":"kiristyslangan-kiristin-zn","status":"publish","type":"product","link":"https:\/\/abpolar.ee\/fi\/kiristyslangan-kiristin-zn\/","title":{"rendered":"Kiristyslangan kiristin ZN"},"content":{"rendered":"<h2>Kiristyslangan kiristin ZN<\/h2>\n<p>Kiristyslangan kiristin erityisesti panssariverkon kirist\u00e4miseen.Asennetaan kulma- ja p\u00e4\u00e4tytolppiin kiinnikkeen avulla ja kiristyslanka kiristet\u00e4\u00e4n k\u00e4\u00e4nt\u00e4m\u00e4ll\u00e4 ruuvia.<\/p>\n<p>&nbsp;<\/p>\n<ul>\n<li><strong>K\u00e4ytet\u00e4\u00e4n kulma- ja p\u00e4\u00e4tytolpissa.<\/strong><\/li>\n<li><strong>Kirist\u00e4\u00e4 langan ruuvilla<\/strong><\/li>\n<li><strong>Sopii kirist\u00e4m\u00e4\u00e4n metallista verkkoaitaa, esimerkiksi yl\u00e4- ja ala-aitalankojen sovittamiseen.<\/strong><\/li>\n<li><strong>V\u00e4ri: sinkitty<\/strong><\/li>\n<\/ul>\n","protected":false},"excerpt":{"rendered":"<p>Kiristyslangan kiristin ZN Kiristyslangan kiristin erityisesti panssariverkon kirist\u00e4miseen.Asennetaan kulma- ja p\u00e4\u00e4tytolppiin kiinnikkeen avulla ja kiristyslanka&#8230;<\/p>\n","protected":false},"featured_media":4066,"template":"","meta":{"_acf_changed":false,"inline_featured_image":false},"product_brand":[],"product_cat":[140],"product_tag":[],"class_list":{"0":"post-5599","1":"product","2":"type-product","3":"status-publish","4":"has-post-thumbnail","6":"product_cat-aitojen-porttien-tarvikkeet","7":"product_shipping_class-vaike-pakk-fi","9":"first","10":"instock","11":"taxable","12":"shipping-taxable","13":"purchasable","14":"product-type-simple"},"acf":[],"_links":{"self":[{"href":"https:\/\/abpolar.ee\/fi\/wp-json\/wp\/v2\/product\/5599","targetHints":{"allow":["GET"]}}],"collection":[{"href":"https:\/\/abpolar.ee\/fi\/wp-json\/wp\/v2\/product"}],"about":[{"href":"https:\/\/abpolar.ee\/fi\/wp-json\/wp\/v2\/types\/product"}],"wp:featuredmedia":[{"embeddable":true,"href":"https:\/\/abpolar.ee\/fi\/wp-json\/wp\/v2\/media\/4066"}],"wp:attachment":[{"href":"https:\/\/abpolar.ee\/fi\/wp-json\/wp\/v2\/media?parent=5599"}],"wp:term":[{"taxonomy":"product_brand","embeddable":true,"href":"https:\/\/abpolar.ee\/fi\/wp-json\/wp\/v2\/product_brand?post=5599"},{"taxonomy":"product_cat","embeddable":true,"href":"https:\/\/abpolar.ee\/fi\/wp-json\/wp\/v2\/product_cat?post=5599"},{"taxonomy":"product_tag","embeddable":true,"href":"https:\/\/abpolar.ee\/fi\/wp-json\/wp\/v2\/product_tag?post=5599"}],"curies":[{"name":"wp","href":"https:\/\/api.w.org\/{rel}","templated":true}]}}