{"id":5610,"date":"2022-11-17T16:08:45","date_gmt":"2022-11-17T14:08:45","guid":{"rendered":"https:\/\/abpolar-ee.vserver.zonevs.eu\/?post_type=product&#038;p=5610"},"modified":"2023-03-01T12:09:55","modified_gmt":"2023-03-01T10:09:55","slug":"kiristyspihdit-hitsatulle-verkolle","status":"publish","type":"product","link":"https:\/\/abpolar.ee\/fi\/kiristyspihdit-hitsatulle-verkolle\/","title":{"rendered":"Kiristyspihdit hitsatulle verkolle"},"content":{"rendered":"<h2>Kiristyspihdit hitsatulle verkolle<\/h2>\n<p>Kiristyspihdit ovat avuksi verkkoaidan j\u00e4lkikiristyksess\u00e4 tai my\u00f6hemmiss\u00e4 korjauksissa. Kiristyspihdeill\u00e4 varmistat tasaisen ja hyv\u00e4nn\u00e4k\u00f6isen lopputuloksen.<br \/>\nVerkkoaidan lanka asetetaan pihtien v\u00e4liin ja pihdeill\u00e4 painetaan vekki lankaan, jolloin verkko kiristyy.<\/p>\n","protected":false},"excerpt":{"rendered":"<p>Kiristyspihdit hitsatulle verkolle Kiristyspihdit ovat avuksi verkkoaidan j\u00e4lkikiristyksess\u00e4 tai my\u00f6hemmiss\u00e4 korjauksissa. Kiristyspihdeill\u00e4 varmistat tasaisen ja&#8230;<\/p>\n","protected":false},"featured_media":4109,"template":"","meta":{"_acf_changed":false,"inline_featured_image":false},"product_brand":[],"product_cat":[140],"product_tag":[],"class_list":{"0":"post-5610","1":"product","2":"type-product","3":"status-publish","4":"has-post-thumbnail","6":"product_cat-aitojen-porttien-tarvikkeet","7":"product_shipping_class-vaike-pakk-fi","9":"first","10":"instock","11":"taxable","12":"shipping-taxable","13":"purchasable","14":"product-type-simple"},"acf":[],"_links":{"self":[{"href":"https:\/\/abpolar.ee\/fi\/wp-json\/wp\/v2\/product\/5610","targetHints":{"allow":["GET"]}}],"collection":[{"href":"https:\/\/abpolar.ee\/fi\/wp-json\/wp\/v2\/product"}],"about":[{"href":"https:\/\/abpolar.ee\/fi\/wp-json\/wp\/v2\/types\/product"}],"wp:featuredmedia":[{"embeddable":true,"href":"https:\/\/abpolar.ee\/fi\/wp-json\/wp\/v2\/media\/4109"}],"wp:attachment":[{"href":"https:\/\/abpolar.ee\/fi\/wp-json\/wp\/v2\/media?parent=5610"}],"wp:term":[{"taxonomy":"product_brand","embeddable":true,"href":"https:\/\/abpolar.ee\/fi\/wp-json\/wp\/v2\/product_brand?post=5610"},{"taxonomy":"product_cat","embeddable":true,"href":"https:\/\/abpolar.ee\/fi\/wp-json\/wp\/v2\/product_cat?post=5610"},{"taxonomy":"product_tag","embeddable":true,"href":"https:\/\/abpolar.ee\/fi\/wp-json\/wp\/v2\/product_tag?post=5610"}],"curies":[{"name":"wp","href":"https:\/\/api.w.org\/{rel}","templated":true}]}}