{"id":5611,"date":"2022-11-17T16:08:45","date_gmt":"2022-11-17T14:08:45","guid":{"rendered":"https:\/\/abpolar-ee.vserver.zonevs.eu\/?post_type=product&#038;p=5611"},"modified":"2023-03-01T12:11:50","modified_gmt":"2023-03-01T10:11:50","slug":"pingotuskampa-aitaverkolle","status":"publish","type":"product","link":"https:\/\/abpolar.ee\/fi\/pingotuskampa-aitaverkolle\/","title":{"rendered":"Pingotuskampa aitaverkolle"},"content":{"rendered":"<h2 class=\"page-title\"><span class=\"base\" data-ui-id=\"page-title-wrapper\">Pingotuskampa aitaverkolle<\/span><\/h2>\n<p>Pingotuskammalla pingotetaan aitaverkkoa tolppiin asennettaessa. Kamman piikit ty\u00f6nnet\u00e4\u00e4n tolpan vierest\u00e4 verkon l\u00e4vitse ja tuetaan pystylankaan. Vipuna k\u00e4\u00e4nt\u00e4en voi nyt pingottaa aitaverkkoa tolpan suhteen. Pingotettu verkko kiinnitet\u00e4\u00e4n tolppaan kiinnittimilla.<\/p>\n","protected":false},"excerpt":{"rendered":"<p>Pingotuskampa aitaverkolle Pingotuskammalla pingotetaan aitaverkkoa tolppiin asennettaessa. Kamman piikit ty\u00f6nnet\u00e4\u00e4n tolpan vierest\u00e4 verkon l\u00e4vitse ja&#8230;<\/p>\n","protected":false},"featured_media":4120,"template":"","meta":{"_acf_changed":false,"inline_featured_image":false},"product_brand":[],"product_cat":[140],"product_tag":[],"class_list":{"0":"post-5611","1":"product","2":"type-product","3":"status-publish","4":"has-post-thumbnail","6":"product_cat-aitojen-porttien-tarvikkeet","7":"product_shipping_class-vaike-pakk-fi","9":"first","10":"instock","11":"taxable","12":"shipping-taxable","13":"purchasable","14":"product-type-simple"},"acf":[],"_links":{"self":[{"href":"https:\/\/abpolar.ee\/fi\/wp-json\/wp\/v2\/product\/5611","targetHints":{"allow":["GET"]}}],"collection":[{"href":"https:\/\/abpolar.ee\/fi\/wp-json\/wp\/v2\/product"}],"about":[{"href":"https:\/\/abpolar.ee\/fi\/wp-json\/wp\/v2\/types\/product"}],"wp:featuredmedia":[{"embeddable":true,"href":"https:\/\/abpolar.ee\/fi\/wp-json\/wp\/v2\/media\/4120"}],"wp:attachment":[{"href":"https:\/\/abpolar.ee\/fi\/wp-json\/wp\/v2\/media?parent=5611"}],"wp:term":[{"taxonomy":"product_brand","embeddable":true,"href":"https:\/\/abpolar.ee\/fi\/wp-json\/wp\/v2\/product_brand?post=5611"},{"taxonomy":"product_cat","embeddable":true,"href":"https:\/\/abpolar.ee\/fi\/wp-json\/wp\/v2\/product_cat?post=5611"},{"taxonomy":"product_tag","embeddable":true,"href":"https:\/\/abpolar.ee\/fi\/wp-json\/wp\/v2\/product_tag?post=5611"}],"curies":[{"name":"wp","href":"https:\/\/api.w.org\/{rel}","templated":true}]}}