{"id":5613,"date":"2022-11-17T16:08:25","date_gmt":"2022-11-17T14:08:25","guid":{"rendered":"https:\/\/abpolar-ee.vserver.zonevs.eu\/?post_type=product&#038;p=5613"},"modified":"2025-10-06T18:31:54","modified_gmt":"2025-10-06T15:31:54","slug":"verkkoaidan-kiinnityslanka-o2-5mm-sinkitty-100m","status":"publish","type":"product","link":"https:\/\/abpolar.ee\/fi\/verkkoaidan-kiinnityslanka-o2-5mm-sinkitty-100m\/","title":{"rendered":"Verkkoaidan kiinnityslanka, \u00f82.5mm, sinkitty, 100m"},"content":{"rendered":"<h2>Verkkoaidan kiinnityslanka, \u00f8 2.5 mm, sinkitty, 100m<\/h2>\n<p>Verkkoaidan kiinnityslanka sopii etenkin panssariverkkoaidan tukevoittamiseen. Kiristyslanka on kuumasinkitty\u00e4 ter\u00e4slankaa, joka kest\u00e4\u00e4 hyvin erilaisia s\u00e4\u00e4n vaihteluita. Kiinnityslanka kirist\u00e4\u00e4 verkon ja varmistaa, ett\u00e4 aidasta tulee j\u00e4m\u00e4kk\u00e4.<\/p>\n<p>Muista hankkia samalla my\u00f6s sopiva aitaverkko ja aitatolpat.<\/p>\n<p><strong>Kun rakennat verkkoaitaa, hanki verkkoaidan kiinnityslanka!<\/strong><\/p>\n<ul>\n<li>Rullan pituus: 100 m<\/li>\n<li>Halkaisija: 2,5 mm<\/li>\n<li>Materiaali: kuumasinkitty ter\u00e4slanka<\/li>\n<\/ul>\n","protected":false},"excerpt":{"rendered":"<p>Verkkoaidan kiinnityslanka, \u00f8 2.5 mm, sinkitty, 100m Verkkoaidan kiinnityslanka sopii etenkin panssariverkkoaidan tukevoittamiseen. Kiristyslanka on&#8230;<\/p>\n","protected":false},"featured_media":4089,"template":"","meta":{"_acf_changed":false,"inline_featured_image":false},"product_brand":[],"product_cat":[140],"product_tag":[],"class_list":{"0":"post-5613","1":"product","2":"type-product","3":"status-publish","4":"has-post-thumbnail","6":"product_cat-aitojen-porttien-tarvikkeet","7":"product_shipping_class-vaike-pakk-fi","9":"first","10":"instock","11":"taxable","12":"shipping-taxable","13":"purchasable","14":"product-type-simple"},"acf":[],"_links":{"self":[{"href":"https:\/\/abpolar.ee\/fi\/wp-json\/wp\/v2\/product\/5613","targetHints":{"allow":["GET"]}}],"collection":[{"href":"https:\/\/abpolar.ee\/fi\/wp-json\/wp\/v2\/product"}],"about":[{"href":"https:\/\/abpolar.ee\/fi\/wp-json\/wp\/v2\/types\/product"}],"wp:featuredmedia":[{"embeddable":true,"href":"https:\/\/abpolar.ee\/fi\/wp-json\/wp\/v2\/media\/4089"}],"wp:attachment":[{"href":"https:\/\/abpolar.ee\/fi\/wp-json\/wp\/v2\/media?parent=5613"}],"wp:term":[{"taxonomy":"product_brand","embeddable":true,"href":"https:\/\/abpolar.ee\/fi\/wp-json\/wp\/v2\/product_brand?post=5613"},{"taxonomy":"product_cat","embeddable":true,"href":"https:\/\/abpolar.ee\/fi\/wp-json\/wp\/v2\/product_cat?post=5613"},{"taxonomy":"product_tag","embeddable":true,"href":"https:\/\/abpolar.ee\/fi\/wp-json\/wp\/v2\/product_tag?post=5613"}],"curies":[{"name":"wp","href":"https:\/\/api.w.org\/{rel}","templated":true}]}}