{"id":5616,"date":"2022-11-17T16:09:00","date_gmt":"2022-11-17T14:09:00","guid":{"rendered":"https:\/\/abpolar-ee.vserver.zonevs.eu\/?post_type=product&#038;p=5616"},"modified":"2023-03-01T11:57:03","modified_gmt":"2023-03-01T09:57:03","slug":"kiinnityslanka-o-18mm-100m-pvc-ral6005","status":"publish","type":"product","link":"https:\/\/abpolar.ee\/fi\/kiinnityslanka-o-18mm-100m-pvc-ral6005\/","title":{"rendered":"Kiinnityslanka\u00a0\u00d8 1,8mm 100m PVC RAL6005"},"content":{"rendered":"<h2 class=\"ty-product-block-title\"><bdi>Kiinnityslanka\u00a0<\/bdi>\u00d8 1,8mm 100m PVC RAL6005<\/h2>\n<p>PVC p\u00e4\u00e4llystetty kiinnityslanka aitaverkkojen kiinnitt\u00e4miseen ja kirist\u00e4miseen.<\/p>\n<ul>\n<li>Rullan pituus: 100 m<\/li>\n<li>L\u00e4pimitta: 1,8 mm<\/li>\n<li>Materiaali: Vihre\u00e4ll\u00e4 PVC-pinnoituksella p\u00e4\u00e4llystetty ter\u00e4slanka<\/li>\n<\/ul>\n","protected":false},"excerpt":{"rendered":"<p>Kiinnityslanka\u00a0\u00d8 1,8mm 100m PVC RAL6005 PVC p\u00e4\u00e4llystetty kiinnityslanka aitaverkkojen kiinnitt\u00e4miseen ja kirist\u00e4miseen. Rullan pituus: 100&#8230;<\/p>\n","protected":false},"featured_media":4320,"template":"","meta":{"_acf_changed":false,"inline_featured_image":false},"product_brand":[],"product_cat":[140],"product_tag":[],"class_list":{"0":"post-5616","1":"product","2":"type-product","3":"status-publish","4":"has-post-thumbnail","6":"product_cat-aitojen-porttien-tarvikkeet","7":"product_shipping_class-vaike-pakk-fi","9":"first","10":"instock","11":"taxable","12":"shipping-taxable","13":"purchasable","14":"product-type-simple"},"acf":[],"_links":{"self":[{"href":"https:\/\/abpolar.ee\/fi\/wp-json\/wp\/v2\/product\/5616","targetHints":{"allow":["GET"]}}],"collection":[{"href":"https:\/\/abpolar.ee\/fi\/wp-json\/wp\/v2\/product"}],"about":[{"href":"https:\/\/abpolar.ee\/fi\/wp-json\/wp\/v2\/types\/product"}],"wp:featuredmedia":[{"embeddable":true,"href":"https:\/\/abpolar.ee\/fi\/wp-json\/wp\/v2\/media\/4320"}],"wp:attachment":[{"href":"https:\/\/abpolar.ee\/fi\/wp-json\/wp\/v2\/media?parent=5616"}],"wp:term":[{"taxonomy":"product_brand","embeddable":true,"href":"https:\/\/abpolar.ee\/fi\/wp-json\/wp\/v2\/product_brand?post=5616"},{"taxonomy":"product_cat","embeddable":true,"href":"https:\/\/abpolar.ee\/fi\/wp-json\/wp\/v2\/product_cat?post=5616"},{"taxonomy":"product_tag","embeddable":true,"href":"https:\/\/abpolar.ee\/fi\/wp-json\/wp\/v2\/product_tag?post=5616"}],"curies":[{"name":"wp","href":"https:\/\/api.w.org\/{rel}","templated":true}]}}