{"id":5620,"date":"2022-11-17T16:08:13","date_gmt":"2022-11-17T14:08:13","guid":{"rendered":"https:\/\/abpolar-ee.vserver.zonevs.eu\/?post_type=product&#038;p=5620"},"modified":"2025-10-08T19:23:28","modified_gmt":"2025-10-08T16:23:28","slug":"tolppajuntta","status":"publish","type":"product","link":"https:\/\/abpolar.ee\/fi\/tolppajuntta\/","title":{"rendered":"Tolppajuntta"},"content":{"rendered":"<h2>Tolppajuntta<\/h2>\n<p>Tolppajuntta auttaa puisten aitatolppien asentamisessa maahan. Juntan kokonaispituus on 80 cm ja se on varustettu kahdella kahvalla. Kahvojen avulla tolppaan on helppo tarttua ja asentaa se halutulle paikalle.<\/p>\n<p>Tolppajuntta sopii halkaisijaltaan enint\u00e4\u00e4n 8 cm kokoisille tolpille. En\u00e4\u00e4 ei tarvitse tuskailla tolppien asentamisen kanssa, koska tolppajuntta auttaa saamaan tolpat tarpeeksi syv\u00e4lle maahan.<\/p>\n<p>Hanki samalla tarvittavat aitatolpat, aitaverkkoa ja kiinnikkeet.<\/p>\n<p><strong>Kun on aika rakentaa aita, hanki tolppajuntta!<\/strong><\/p>\n<ul>\n<li>Korkeus : 80 cm<\/li>\n<li>Leveys : 8,9 cm<\/li>\n<li>Paino 12 kg<\/li>\n<\/ul>\n","protected":false},"excerpt":{"rendered":"<p>Tolppajuntta Tolppajuntta auttaa puisten aitatolppien asentamisessa maahan. Juntan kokonaispituus on 80 cm ja se on&#8230;<\/p>\n","protected":false},"featured_media":4308,"template":"","meta":{"_acf_changed":false,"inline_featured_image":false},"product_brand":[],"product_cat":[140],"product_tag":[],"class_list":{"0":"post-5620","1":"product","2":"type-product","3":"status-publish","4":"has-post-thumbnail","6":"product_cat-aitojen-porttien-tarvikkeet","7":"product_shipping_class-pakk-kuni-30kg-fi","9":"first","10":"instock","11":"taxable","12":"shipping-taxable","13":"purchasable","14":"product-type-simple"},"acf":[],"_links":{"self":[{"href":"https:\/\/abpolar.ee\/fi\/wp-json\/wp\/v2\/product\/5620","targetHints":{"allow":["GET"]}}],"collection":[{"href":"https:\/\/abpolar.ee\/fi\/wp-json\/wp\/v2\/product"}],"about":[{"href":"https:\/\/abpolar.ee\/fi\/wp-json\/wp\/v2\/types\/product"}],"wp:featuredmedia":[{"embeddable":true,"href":"https:\/\/abpolar.ee\/fi\/wp-json\/wp\/v2\/media\/4308"}],"wp:attachment":[{"href":"https:\/\/abpolar.ee\/fi\/wp-json\/wp\/v2\/media?parent=5620"}],"wp:term":[{"taxonomy":"product_brand","embeddable":true,"href":"https:\/\/abpolar.ee\/fi\/wp-json\/wp\/v2\/product_brand?post=5620"},{"taxonomy":"product_cat","embeddable":true,"href":"https:\/\/abpolar.ee\/fi\/wp-json\/wp\/v2\/product_cat?post=5620"},{"taxonomy":"product_tag","embeddable":true,"href":"https:\/\/abpolar.ee\/fi\/wp-json\/wp\/v2\/product_tag?post=5620"}],"curies":[{"name":"wp","href":"https:\/\/api.w.org\/{rel}","templated":true}]}}