{"id":5621,"date":"2022-11-17T16:09:05","date_gmt":"2022-11-17T14:09:05","guid":{"rendered":"https:\/\/abpolar-ee.vserver.zonevs.eu\/?post_type=product&#038;p=5621"},"modified":"2026-04-27T14:32:20","modified_gmt":"2026-04-27T11:32:20","slug":"kasvihuone-hybrid-233m2","status":"publish","type":"product","link":"https:\/\/abpolar.ee\/fi\/kasvihuone-hybrid-233m2\/","title":{"rendered":"Kasvihuone HYBRID 2,33m2"},"content":{"rendered":"<h2>Kasvihuone HYBRID 2,33m2<\/h2>\n<p>Kasvihuone HYBRID\u00a0 on kompakti 2,3 neli\u00f6n kokoinen laadukas kasvihuone innokkaille puutarhureille.<br \/>\nKasvihuoneessa pystyt kasvattamaan jopa eksoottisia lajeja, jotka eiv\u00e4t muuten menestyisi Suomen kes\u00e4ss\u00e4.<br \/>\nT\u00e4m\u00e4 kasvihuone on valmistettu s\u00e4\u00e4nkest\u00e4v\u00e4st\u00e4 ja UV-k\u00e4sitellyst\u00e4 polykarbonaatista.<br \/>\nPolykarbonaatti on eritt\u00e4in kest\u00e4v\u00e4 ja k\u00e4yt\u00e4nn\u00f6ss\u00e4 s\u00e4rkym\u00e4t\u00f6n materiaali.<br \/>\nPaneeleissa k\u00e4tev\u00e4 liukuasetus, jolloin erillisi\u00e4 levyjen kiinnityslistoja ei tarvita.<br \/>\nKirkkaat polykarbonaattipaneelit pit\u00e4v\u00e4t huoneen kirkkaan valoisana.<br \/>\nMatala kynnys takaa esteett\u00f6m\u00e4n liikkumisen.<br \/>\nToimitukseen sis\u00e4ltyy selke\u00e4t asennusohjeet.<\/p>\n<ul>\n<li>Harjakorkeus (cm): 208<\/li>\n<li>R\u00e4yst\u00e4skorkeus (cm): 124<\/li>\n<li>Leveys (cm): 185<\/li>\n<li>Syvyys (cm): 125<\/li>\n<li>Pinta-ala (m\u00b2): 2,3<\/li>\n<li>V\u00e4ri: Hopea<\/li>\n<li>Materiaali: Polykarbonaatti<\/li>\n<li>Rungon materiaali: Alumiini<\/li>\n<li>Materiaalin tarkenne: Katto 4 mm paksua polykarbonaattia,\u00a0 sein\u00e4t UV-k\u00e4sitelty\u00e4, vahva ja ruostumaton alumiinirunko<\/li>\n<li>Kattoluukkujen lukum\u00e4\u00e4r\u00e4: 1<\/li>\n<li>Lumikuorma (kg\/m\u00b2): 75<\/li>\n<li>Asennus ja huolto: Helppo asentaa, huoltovapaa<\/li>\n<li>Paneelit: Polykarbonaattipaneelit takaavat 90 % valonl\u00e4p\u00e4isyn ja suojaavat 100% haitalliselta auringon UV-s\u00e4teilt\u00e4<\/li>\n<li>Paneelin asennus: Liukuasennus, ei vaadi lukittavia osia<\/li>\n<li>Katoilta on aina poistettava liika lumikuorma<\/li>\n<\/ul>\n","protected":false},"excerpt":{"rendered":"<p>Kasvihuone HYBRID 2,33m2 Kasvihuone HYBRID\u00a0 on kompakti 2,3 neli\u00f6n kokoinen laadukas kasvihuone innokkaille puutarhureille. Kasvihuoneessa&#8230;<\/p>\n","protected":false},"featured_media":3375,"template":"","meta":{"_acf_changed":false,"inline_featured_image":false},"product_brand":[],"product_cat":[210,204],"product_tag":[],"class_list":{"0":"post-5621","1":"product","2":"type-product","3":"status-publish","4":"has-post-thumbnail","6":"product_cat-harjakattoiset-kasvihuoneet","7":"product_cat-kasvihuoneet","8":"product_shipping_class-eur-fi","10":"first","11":"instock","12":"sale","13":"taxable","14":"shipping-taxable","15":"purchasable","16":"product-type-simple"},"acf":[],"_links":{"self":[{"href":"https:\/\/abpolar.ee\/fi\/wp-json\/wp\/v2\/product\/5621","targetHints":{"allow":["GET"]}}],"collection":[{"href":"https:\/\/abpolar.ee\/fi\/wp-json\/wp\/v2\/product"}],"about":[{"href":"https:\/\/abpolar.ee\/fi\/wp-json\/wp\/v2\/types\/product"}],"wp:featuredmedia":[{"embeddable":true,"href":"https:\/\/abpolar.ee\/fi\/wp-json\/wp\/v2\/media\/3375"}],"wp:attachment":[{"href":"https:\/\/abpolar.ee\/fi\/wp-json\/wp\/v2\/media?parent=5621"}],"wp:term":[{"taxonomy":"product_brand","embeddable":true,"href":"https:\/\/abpolar.ee\/fi\/wp-json\/wp\/v2\/product_brand?post=5621"},{"taxonomy":"product_cat","embeddable":true,"href":"https:\/\/abpolar.ee\/fi\/wp-json\/wp\/v2\/product_cat?post=5621"},{"taxonomy":"product_tag","embeddable":true,"href":"https:\/\/abpolar.ee\/fi\/wp-json\/wp\/v2\/product_tag?post=5621"}],"curies":[{"name":"wp","href":"https:\/\/api.w.org\/{rel}","templated":true}]}}