{"id":5624,"date":"2022-11-17T16:09:37","date_gmt":"2022-11-17T14:09:37","guid":{"rendered":"https:\/\/abpolar-ee.vserver.zonevs.eu\/?post_type=product&#038;p=5624"},"modified":"2025-10-08T19:22:46","modified_gmt":"2025-10-08T16:22:46","slug":"tolpanjalka-80x750mm","status":"publish","type":"product","link":"https:\/\/abpolar.ee\/fi\/tolpanjalka-80x750mm\/","title":{"rendered":"Tolpanjalka 80x750mm"},"content":{"rendered":"<h2>Tolpanjalka 80&#215;750 mm<\/h2>\n<p>Tolpanjalka 80&#215;750 mm on valmistettu galvanoidusta ter\u00e4ksest\u00e4. Sen avulla on k\u00e4tev\u00e4\u00e4 ankkuroida py\u00f6re\u00e4t aitatolpat tukevasti maahan kiinni. En\u00e4\u00e4 ei tarvitse tuskailla, miten hutera aita on, kun j\u00e4m\u00e4k\u00f6it\u00e4t sen n\u00e4pp\u00e4r\u00e4n tolpanjalan avulla.<\/p>\n<p>Samaan tilaukseen kannattaa lis\u00e4t\u00e4 my\u00f6s aitatolpat, aitaverkko tai aitaelementit sek\u00e4 kaikki tarvittavat kiinnikkeet ja muut tarvikkeet.<\/p>\n<p>Kun haaveissasi on rakentaa aita, hanki tolpanjalka!<\/p>\n<p><strong>Mitat:<\/strong><\/p>\n<ul>\n<li>Halkaisija: 80 mm<\/li>\n<li>Pituus: 750 mm<\/li>\n<\/ul>\n","protected":false},"excerpt":{"rendered":"<p>Tolpanjalka 80&#215;750 mm Tolpanjalka 80&#215;750 mm on valmistettu galvanoidusta ter\u00e4ksest\u00e4. Sen avulla on k\u00e4tev\u00e4\u00e4 ankkuroida&#8230;<\/p>\n","protected":false},"featured_media":4656,"template":"","meta":{"_acf_changed":false,"inline_featured_image":false},"product_brand":[],"product_cat":[140],"product_tag":[],"class_list":{"0":"post-5624","1":"product","2":"type-product","3":"status-publish","4":"has-post-thumbnail","6":"product_cat-aitojen-porttien-tarvikkeet","7":"product_shipping_class-pakk-kuni-30kg-fi","9":"first","10":"instock","11":"taxable","12":"shipping-taxable","13":"purchasable","14":"product-type-simple"},"acf":[],"_links":{"self":[{"href":"https:\/\/abpolar.ee\/fi\/wp-json\/wp\/v2\/product\/5624","targetHints":{"allow":["GET"]}}],"collection":[{"href":"https:\/\/abpolar.ee\/fi\/wp-json\/wp\/v2\/product"}],"about":[{"href":"https:\/\/abpolar.ee\/fi\/wp-json\/wp\/v2\/types\/product"}],"wp:featuredmedia":[{"embeddable":true,"href":"https:\/\/abpolar.ee\/fi\/wp-json\/wp\/v2\/media\/4656"}],"wp:attachment":[{"href":"https:\/\/abpolar.ee\/fi\/wp-json\/wp\/v2\/media?parent=5624"}],"wp:term":[{"taxonomy":"product_brand","embeddable":true,"href":"https:\/\/abpolar.ee\/fi\/wp-json\/wp\/v2\/product_brand?post=5624"},{"taxonomy":"product_cat","embeddable":true,"href":"https:\/\/abpolar.ee\/fi\/wp-json\/wp\/v2\/product_cat?post=5624"},{"taxonomy":"product_tag","embeddable":true,"href":"https:\/\/abpolar.ee\/fi\/wp-json\/wp\/v2\/product_tag?post=5624"}],"curies":[{"name":"wp","href":"https:\/\/api.w.org\/{rel}","templated":true}]}}