{"id":5625,"date":"2022-11-16T09:17:47","date_gmt":"2022-11-16T07:17:47","guid":{"rendered":"https:\/\/abpolar-ee.vserver.zonevs.eu\/?post_type=product&#038;p=5625"},"modified":"2025-09-05T18:02:34","modified_gmt":"2025-09-05T15:02:34","slug":"piikkilanka-zn-100-m","status":"publish","type":"product","link":"https:\/\/abpolar.ee\/fi\/piikkilanka-zn-100-m\/","title":{"rendered":"Piikkilanka ZN, 100 m"},"content":{"rendered":"<h2>Piikkilanka ZN, 100 m<\/h2>\n<p>Piikkilanka on sinkkipinnoitettu. Piikkilankaa voidaan k\u00e4ytt\u00e4\u00e4 yksin tai yhdess\u00e4 muiden aitojen kanssa. Piikkilanka suojaa esimerkiksi kotia ja teollisuusalueita tunkeilijoilta. Huomaathan, ett\u00e4 el\u00e4imille tarkoitetussa aitauksessa ei saa k\u00e4ytt\u00e4\u00e4 piikkilankaa.<\/p>\n<p>Kun tarvitset lis\u00e4suojaa aitaasi, ymp\u00e4r\u00f6i se piikkilangalla!<\/p>\n<h3>TUOTTEEN OMINAISUUDET:<\/h3>\n<ul>\n<li>Ter\u00e4vyysarvo: 4<\/li>\n<li>Rullan pituus: 100 m<\/li>\n<li>Pinnoite: ZN (sinkki)<\/li>\n<li>Langan halkaisija: 1,7 mm<\/li>\n<\/ul>\n","protected":false},"excerpt":{"rendered":"<p>Piikkilanka ZN, 100 m Piikkilanka on sinkkipinnoitettu. Piikkilankaa voidaan k\u00e4ytt\u00e4\u00e4 yksin tai yhdess\u00e4 muiden aitojen&#8230;<\/p>\n","protected":false},"featured_media":4464,"template":"","meta":{"_acf_changed":false,"inline_featured_image":false},"product_brand":[],"product_cat":[140],"product_tag":[],"class_list":{"0":"post-5625","1":"product","2":"type-product","3":"status-publish","4":"has-post-thumbnail","6":"product_cat-aitojen-porttien-tarvikkeet","7":"product_shipping_class-pakk-kuni-30kg-fi","9":"first","10":"instock","11":"taxable","12":"shipping-taxable","13":"purchasable","14":"product-type-simple"},"acf":[],"_links":{"self":[{"href":"https:\/\/abpolar.ee\/fi\/wp-json\/wp\/v2\/product\/5625","targetHints":{"allow":["GET"]}}],"collection":[{"href":"https:\/\/abpolar.ee\/fi\/wp-json\/wp\/v2\/product"}],"about":[{"href":"https:\/\/abpolar.ee\/fi\/wp-json\/wp\/v2\/types\/product"}],"wp:featuredmedia":[{"embeddable":true,"href":"https:\/\/abpolar.ee\/fi\/wp-json\/wp\/v2\/media\/4464"}],"wp:attachment":[{"href":"https:\/\/abpolar.ee\/fi\/wp-json\/wp\/v2\/media?parent=5625"}],"wp:term":[{"taxonomy":"product_brand","embeddable":true,"href":"https:\/\/abpolar.ee\/fi\/wp-json\/wp\/v2\/product_brand?post=5625"},{"taxonomy":"product_cat","embeddable":true,"href":"https:\/\/abpolar.ee\/fi\/wp-json\/wp\/v2\/product_cat?post=5625"},{"taxonomy":"product_tag","embeddable":true,"href":"https:\/\/abpolar.ee\/fi\/wp-json\/wp\/v2\/product_tag?post=5625"}],"curies":[{"name":"wp","href":"https:\/\/api.w.org\/{rel}","templated":true}]}}