{"id":5626,"date":"2022-11-17T16:09:30","date_gmt":"2022-11-17T14:09:30","guid":{"rendered":"https:\/\/abpolar-ee.vserver.zonevs.eu\/?post_type=product&#038;p=5626"},"modified":"2023-03-01T11:51:20","modified_gmt":"2023-03-01T09:51:20","slug":"kiinnityspihdit-automaattinen","status":"publish","type":"product","link":"https:\/\/abpolar.ee\/fi\/kiinnityspihdit-automaattinen\/","title":{"rendered":"Kiinnityspihdit automaattinen"},"content":{"rendered":"<h2>Kiinnityspihdit automaattinen<\/h2>\n<p>Erikoispihdit sinkil\u00f6iden kiristykseen, joita k\u00e4ytet\u00e4\u00e4n aitaverkon kiinnitt\u00e4miseksi profiilitolpan T-kaistaleen<\/p>\n","protected":false},"excerpt":{"rendered":"<p>Kiinnityspihdit automaattinen Erikoispihdit sinkil\u00f6iden kiristykseen, joita k\u00e4ytet\u00e4\u00e4n aitaverkon kiinnitt\u00e4miseksi profiilitolpan T-kaistaleen<\/p>\n","protected":false},"featured_media":17829,"template":"","meta":{"_acf_changed":false,"inline_featured_image":false},"product_brand":[],"product_cat":[140],"product_tag":[],"class_list":{"0":"post-5626","1":"product","2":"type-product","3":"status-publish","4":"has-post-thumbnail","6":"product_cat-aitojen-porttien-tarvikkeet","7":"product_shipping_class-vaike-pakk-fi","9":"first","10":"instock","11":"taxable","12":"shipping-taxable","13":"purchasable","14":"product-type-simple"},"acf":[],"_links":{"self":[{"href":"https:\/\/abpolar.ee\/fi\/wp-json\/wp\/v2\/product\/5626","targetHints":{"allow":["GET"]}}],"collection":[{"href":"https:\/\/abpolar.ee\/fi\/wp-json\/wp\/v2\/product"}],"about":[{"href":"https:\/\/abpolar.ee\/fi\/wp-json\/wp\/v2\/types\/product"}],"wp:featuredmedia":[{"embeddable":true,"href":"https:\/\/abpolar.ee\/fi\/wp-json\/wp\/v2\/media\/17829"}],"wp:attachment":[{"href":"https:\/\/abpolar.ee\/fi\/wp-json\/wp\/v2\/media?parent=5626"}],"wp:term":[{"taxonomy":"product_brand","embeddable":true,"href":"https:\/\/abpolar.ee\/fi\/wp-json\/wp\/v2\/product_brand?post=5626"},{"taxonomy":"product_cat","embeddable":true,"href":"https:\/\/abpolar.ee\/fi\/wp-json\/wp\/v2\/product_cat?post=5626"},{"taxonomy":"product_tag","embeddable":true,"href":"https:\/\/abpolar.ee\/fi\/wp-json\/wp\/v2\/product_tag?post=5626"}],"curies":[{"name":"wp","href":"https:\/\/api.w.org\/{rel}","templated":true}]}}