{"id":5629,"date":"2022-11-17T16:09:06","date_gmt":"2022-11-17T14:09:06","guid":{"rendered":"https:\/\/abpolar-ee.vserver.zonevs.eu\/?post_type=product&#038;p=5629"},"modified":"2023-03-14T10:22:51","modified_gmt":"2023-03-14T08:22:51","slug":"kasvihuone-hybrid-78m2-hopea","status":"publish","type":"product","link":"https:\/\/abpolar.ee\/fi\/kasvihuone-hybrid-78m2-hopea\/","title":{"rendered":"Kasvihuone Hybrid, 7,8m\u00b2, hopea"},"content":{"rendered":"<h2>Kasvihuone Hybrid, 7,8m\u00b2, hopea<\/h2>\n<p>Korkealaatuinen Hybrid on 7,8 neli\u00f6n kasvihuone, joka takaa suojaisat kasvuolosuhteet kasveille.<br \/>\nHybrid mahdollistaa hy\u00f6tykasvien aikaisen istutuksen ja my\u00f6h\u00e4isen sadonkorjuun.<br \/>\nOmasta kasvihuoneesta on mukavaa poimia suoraan ruokap\u00f6yt\u00e4\u00e4n herkulliset tomaatit, kurkut, salaatit, yrtit ja chilit.<br \/>\nHybrid kasvihuoneessa pystyt kasvattamaan jopa eksoottisia lajeja, jotka eiv\u00e4t muuten menestyisi Suomen kes\u00e4ss\u00e4.<br \/>\nHybrid kasvihuone on valmistettu s\u00e4\u00e4nkest\u00e4v\u00e4st\u00e4 ja UV-k\u00e4sitellyst\u00e4 polykarbonaatista.<br \/>\nPolykarbonaatti on eritt\u00e4in kest\u00e4v\u00e4 ja k\u00e4yt\u00e4nn\u00f6ss\u00e4 s\u00e4rkym\u00e4t\u00f6n materiaali.<br \/>\nHybridissa on j\u00e4m\u00e4kk\u00e4 alumiininen runko ja selke\u00e4t kokoamisohjeet.<br \/>\nHybrid kasvihuoneessa on ruuvikiristeinen j\u00e4mpti runko ja paneeleissa k\u00e4tev\u00e4 liukuasetus, jolloin erillisi\u00e4 levyjen kiinnityslistoja ei tarvita.<br \/>\nKirkkaat polykarbonaattipaneelit pit\u00e4v\u00e4t huoneen kirkkaan valoisana ja kennolevyt katossa antavat varjoisan suojan.<br \/>\nOven matala kynnys helpottaa kasvihuoneeseen kulkua.<\/p>\n<ul>\n<li>Harjakorkeus (cm): 208<\/li>\n<li>R\u00e4yst\u00e4skorkeus (cm): 124<\/li>\n<li>Leveys (cm): 185<\/li>\n<li>Syvyys (cm): 424<\/li>\n<li>Pinta-ala (m\u00b2): 7,8<\/li>\n<li>V\u00e4ri: Hopea<\/li>\n<li>Materiaali: Kennolevy, Polykarbonaatti<\/li>\n<li>Rungon materiaali: Alumiini<\/li>\n<li>Materiaalin tarkenne: Katossa 4 mm paksut ja UV-suojatut polykarbonaattipaneelit, sein\u00e4paneelit 0.7 mm paksuista kirkasta UV-suojattua polykarbonaattia<\/li>\n<li>Sis\u00e4lt\u00e4\u00e4 sokkelin: Kyll\u00e4<\/li>\n<li>Kattoluukkujen lukum\u00e4\u00e4r\u00e4: 1<\/li>\n<li>Lumikuorma (kg\/m\u00b2): 75<\/li>\n<li>Takuuaika: 5 vuotta<\/li>\n<li>Sein\u00e4n valonl\u00e4p\u00e4isy: 90 %<\/li>\n<li>Katon valonl\u00e4p\u00e4isy: 70 %<\/li>\n<li>Tuulenkest\u00e4vyys: 90 km\/h<\/li>\n<li>Asennus: Runkoelementit kiinnitet\u00e4\u00e4n ruuveilla toisiinsa, pleksiosat liutetaan paikoilleen<\/li>\n<li>Toimitussis\u00e4lt\u00f6: Sokkeli, r\u00e4yst\u00e4\u00e4t ja kattoluukku, saranoitu ovi, magneettisalvat, avautumissuunta vaihdettava (oikea\/vasen)<\/li>\n<\/ul>\n<p>Katoilta on aina poistettava liika lumikuorma.<\/p>\n","protected":false},"excerpt":{"rendered":"<p>Kasvihuone Hybrid, 7,8m\u00b2, hopea Korkealaatuinen Hybrid on 7,8 neli\u00f6n kasvihuone, joka takaa suojaisat kasvuolosuhteet kasveille&#8230;.<\/p>\n","protected":false},"featured_media":3354,"template":"","meta":{"_acf_changed":false,"inline_featured_image":false},"product_brand":[],"product_cat":[210,204],"product_tag":[],"class_list":{"0":"post-5629","1":"product","2":"type-product","3":"status-publish","4":"has-post-thumbnail","6":"product_cat-harjakattoiset-kasvihuoneet","7":"product_cat-kasvihuoneet","8":"product_shipping_class-eur-fi","10":"first","11":"instock","12":"sale","13":"taxable","14":"shipping-taxable","15":"purchasable","16":"product-type-simple"},"acf":[],"_links":{"self":[{"href":"https:\/\/abpolar.ee\/fi\/wp-json\/wp\/v2\/product\/5629","targetHints":{"allow":["GET"]}}],"collection":[{"href":"https:\/\/abpolar.ee\/fi\/wp-json\/wp\/v2\/product"}],"about":[{"href":"https:\/\/abpolar.ee\/fi\/wp-json\/wp\/v2\/types\/product"}],"wp:featuredmedia":[{"embeddable":true,"href":"https:\/\/abpolar.ee\/fi\/wp-json\/wp\/v2\/media\/3354"}],"wp:attachment":[{"href":"https:\/\/abpolar.ee\/fi\/wp-json\/wp\/v2\/media?parent=5629"}],"wp:term":[{"taxonomy":"product_brand","embeddable":true,"href":"https:\/\/abpolar.ee\/fi\/wp-json\/wp\/v2\/product_brand?post=5629"},{"taxonomy":"product_cat","embeddable":true,"href":"https:\/\/abpolar.ee\/fi\/wp-json\/wp\/v2\/product_cat?post=5629"},{"taxonomy":"product_tag","embeddable":true,"href":"https:\/\/abpolar.ee\/fi\/wp-json\/wp\/v2\/product_tag?post=5629"}],"curies":[{"name":"wp","href":"https:\/\/api.w.org\/{rel}","templated":true}]}}