{"id":5630,"date":"2022-11-17T16:09:57","date_gmt":"2022-11-17T14:09:57","guid":{"rendered":"https:\/\/abpolar-ee.vserver.zonevs.eu\/?post_type=product&#038;p=5630"},"modified":"2025-08-24T21:58:40","modified_gmt":"2025-08-24T18:58:40","slug":"betoninen-sokkelin-kiinnitys-30x6cm","status":"publish","type":"product","link":"https:\/\/abpolar.ee\/fi\/betoninen-sokkelin-kiinnitys-30x6cm\/","title":{"rendered":"Betoninen sokkelin kiinnitys 30x6cm"},"content":{"rendered":"<h2>Betonisokkelin kiinnike 30&#215;6 cm<\/h2>\n<p>Kiinnike soveltuu 30 cm korkealle betonisokkelille. Kiinnike pit\u00e4\u00e4 betonisokkelit j\u00e4m\u00e4k\u00e4sti paikoillaan. Betonisokkelit taas tekev\u00e4t aidasta aiempaa vakaamman ja pit\u00e4v\u00e4t sen pystyss\u00e4 s\u00e4\u00e4ll\u00e4 kuin s\u00e4\u00e4ll\u00e4.<\/p>\n<p>Aidan alaosassa olevat sokkelit hankaloittavat my\u00f6s erilaisten el\u00e4inten p\u00e4\u00e4sy\u00e4 aitaukseen ja toisaalta kotiel\u00e4inten kaivamista aidan alta.<\/p>\n<p>Tuotepakkaus ei sis\u00e4ll\u00e4 ruuveja, hanki ne erikseen.<\/p>\n<p>Kun haluat vakaan ja j\u00e4m\u00e4k\u00e4n aitauksen, hanki betonisokkelin kiinnike!<\/p>\n<ul>\n<li>Koko: 30\u00d76 cm<\/li>\n<li>RAL9005 musta<\/li>\n<\/ul>\n","protected":false},"excerpt":{"rendered":"<p>Betonisokkelin kiinnike 30&#215;6 cm Kiinnike soveltuu 30 cm korkealle betonisokkelille. Kiinnike pit\u00e4\u00e4 betonisokkelit j\u00e4m\u00e4k\u00e4sti paikoillaan&#8230;.<\/p>\n","protected":false},"featured_media":3999,"template":"","meta":{"_acf_changed":false,"inline_featured_image":false},"product_brand":[],"product_cat":[140,254],"product_tag":[],"class_list":{"0":"post-5630","1":"product","2":"type-product","3":"status-publish","4":"has-post-thumbnail","6":"product_cat-aitojen-porttien-tarvikkeet","7":"product_cat-sokkelit","8":"product_shipping_class-vaike-pakk-fi","10":"first","11":"instock","12":"taxable","13":"shipping-taxable","14":"purchasable","15":"product-type-variable"},"acf":[],"_links":{"self":[{"href":"https:\/\/abpolar.ee\/fi\/wp-json\/wp\/v2\/product\/5630","targetHints":{"allow":["GET"]}}],"collection":[{"href":"https:\/\/abpolar.ee\/fi\/wp-json\/wp\/v2\/product"}],"about":[{"href":"https:\/\/abpolar.ee\/fi\/wp-json\/wp\/v2\/types\/product"}],"wp:featuredmedia":[{"embeddable":true,"href":"https:\/\/abpolar.ee\/fi\/wp-json\/wp\/v2\/media\/3999"}],"wp:attachment":[{"href":"https:\/\/abpolar.ee\/fi\/wp-json\/wp\/v2\/media?parent=5630"}],"wp:term":[{"taxonomy":"product_brand","embeddable":true,"href":"https:\/\/abpolar.ee\/fi\/wp-json\/wp\/v2\/product_brand?post=5630"},{"taxonomy":"product_cat","embeddable":true,"href":"https:\/\/abpolar.ee\/fi\/wp-json\/wp\/v2\/product_cat?post=5630"},{"taxonomy":"product_tag","embeddable":true,"href":"https:\/\/abpolar.ee\/fi\/wp-json\/wp\/v2\/product_tag?post=5630"}],"curies":[{"name":"wp","href":"https:\/\/api.w.org\/{rel}","templated":true}]}}