{"id":5631,"date":"2022-11-17T16:09:30","date_gmt":"2022-11-17T14:09:30","guid":{"rendered":"https:\/\/abpolar-ee.vserver.zonevs.eu\/?post_type=product&#038;p=5631"},"modified":"2023-03-01T11:48:52","modified_gmt":"2023-03-01T09:48:52","slug":"kiinnitysrauta-puuaidan","status":"publish","type":"product","link":"https:\/\/abpolar.ee\/fi\/kiinnitysrauta-puuaidan\/","title":{"rendered":"Kiinnitysrauta puuaidan"},"content":{"rendered":"<h2>Kiinnitysrauta puuaidan<\/h2>\n<p>Kiinnitysrauta on tarkoitettu puuaidan vaakapalkkien kiinnitt\u00e4miseksi aitatolppiin.<\/p>\n<div>Kappale on kuumasinkitty. Materiaalin sein\u00e4m\u00e4npaksuus on 4mm.<\/div>\n<div>Mitat 500x100mm \/ 30x100mm<\/div>\n","protected":false},"excerpt":{"rendered":"<p>Kiinnitysrauta puuaidan Kiinnitysrauta on tarkoitettu puuaidan vaakapalkkien kiinnitt\u00e4miseksi aitatolppiin. Kappale on kuumasinkitty. Materiaalin sein\u00e4m\u00e4npaksuus on&#8230;<\/p>\n","protected":false},"featured_media":4876,"template":"","meta":{"_acf_changed":false,"inline_featured_image":false},"product_brand":[],"product_cat":[140],"product_tag":[],"class_list":{"0":"post-5631","1":"product","2":"type-product","3":"status-publish","4":"has-post-thumbnail","6":"product_cat-aitojen-porttien-tarvikkeet","7":"product_shipping_class-vaike-pakk-fi","9":"first","10":"instock","11":"taxable","12":"shipping-taxable","13":"purchasable","14":"product-type-simple"},"acf":[],"_links":{"self":[{"href":"https:\/\/abpolar.ee\/fi\/wp-json\/wp\/v2\/product\/5631","targetHints":{"allow":["GET"]}}],"collection":[{"href":"https:\/\/abpolar.ee\/fi\/wp-json\/wp\/v2\/product"}],"about":[{"href":"https:\/\/abpolar.ee\/fi\/wp-json\/wp\/v2\/types\/product"}],"wp:featuredmedia":[{"embeddable":true,"href":"https:\/\/abpolar.ee\/fi\/wp-json\/wp\/v2\/media\/4876"}],"wp:attachment":[{"href":"https:\/\/abpolar.ee\/fi\/wp-json\/wp\/v2\/media?parent=5631"}],"wp:term":[{"taxonomy":"product_brand","embeddable":true,"href":"https:\/\/abpolar.ee\/fi\/wp-json\/wp\/v2\/product_brand?post=5631"},{"taxonomy":"product_cat","embeddable":true,"href":"https:\/\/abpolar.ee\/fi\/wp-json\/wp\/v2\/product_cat?post=5631"},{"taxonomy":"product_tag","embeddable":true,"href":"https:\/\/abpolar.ee\/fi\/wp-json\/wp\/v2\/product_tag?post=5631"}],"curies":[{"name":"wp","href":"https:\/\/api.w.org\/{rel}","templated":true}]}}