{"id":5635,"date":"2022-11-17T16:08:54","date_gmt":"2022-11-17T14:08:54","guid":{"rendered":"https:\/\/abpolar-ee.vserver.zonevs.eu\/?post_type=product&#038;p=5635"},"modified":"2025-10-08T19:22:03","modified_gmt":"2025-10-08T16:22:03","slug":"tolpanhattu-80x80mm","status":"publish","type":"product","link":"https:\/\/abpolar.ee\/fi\/tolpanhattu-80x80mm\/","title":{"rendered":"Tolpanhattu\u00a080x80mm\u00a0"},"content":{"rendered":"<h2>Tolpanhattu 80&#215;80 mm<\/h2>\n<p>Tolpanhattu sopii nelikulmaiseen tolppaan, jonka koko on 80\u00d780 mm.<\/p>\n<p>Tuote on valmistettu muovista ja se on v\u00e4rilt\u00e4\u00e4n musta.<\/p>\n<p>Tolpanhattu on helppo asentaa tolpan p\u00e4\u00e4lle.<\/p>\n<p>Tolpanhattu pident\u00e4\u00e4 aitatolpan k\u00e4ytt\u00f6aikaa ja lis\u00e4ksi se viimeistelee tyylikk\u00e4\u00e4n aidan ilmeen.<\/p>\n<p>Muista hankkia my\u00f6s aitatolpat, aitaelementit tai aitaverkot sek\u00e4 kiinnikkeet.<\/p>\n<p>Kun aikeissasi on rakentaa aita, viimeistele se tolpanhatuilla!<\/p>\n","protected":false},"excerpt":{"rendered":"<p>Tolpanhattu 80&#215;80 mm Tolpanhattu sopii nelikulmaiseen tolppaan, jonka koko on 80\u00d780 mm. Tuote on valmistettu&#8230;<\/p>\n","protected":false},"featured_media":4242,"template":"","meta":{"_acf_changed":false,"inline_featured_image":false},"product_brand":[],"product_cat":[140],"product_tag":[],"class_list":{"0":"post-5635","1":"product","2":"type-product","3":"status-publish","4":"has-post-thumbnail","6":"product_cat-aitojen-porttien-tarvikkeet","7":"product_shipping_class-vaike-pakk-fi","9":"first","10":"instock","11":"taxable","12":"shipping-taxable","13":"purchasable","14":"product-type-simple"},"acf":[],"_links":{"self":[{"href":"https:\/\/abpolar.ee\/fi\/wp-json\/wp\/v2\/product\/5635","targetHints":{"allow":["GET"]}}],"collection":[{"href":"https:\/\/abpolar.ee\/fi\/wp-json\/wp\/v2\/product"}],"about":[{"href":"https:\/\/abpolar.ee\/fi\/wp-json\/wp\/v2\/types\/product"}],"wp:featuredmedia":[{"embeddable":true,"href":"https:\/\/abpolar.ee\/fi\/wp-json\/wp\/v2\/media\/4242"}],"wp:attachment":[{"href":"https:\/\/abpolar.ee\/fi\/wp-json\/wp\/v2\/media?parent=5635"}],"wp:term":[{"taxonomy":"product_brand","embeddable":true,"href":"https:\/\/abpolar.ee\/fi\/wp-json\/wp\/v2\/product_brand?post=5635"},{"taxonomy":"product_cat","embeddable":true,"href":"https:\/\/abpolar.ee\/fi\/wp-json\/wp\/v2\/product_cat?post=5635"},{"taxonomy":"product_tag","embeddable":true,"href":"https:\/\/abpolar.ee\/fi\/wp-json\/wp\/v2\/product_tag?post=5635"}],"curies":[{"name":"wp","href":"https:\/\/api.w.org\/{rel}","templated":true}]}}