{"id":5638,"date":"2022-11-17T16:08:24","date_gmt":"2022-11-17T14:08:24","guid":{"rendered":"https:\/\/abpolar-ee.vserver.zonevs.eu\/?post_type=product&#038;p=5638"},"modified":"2025-08-16T20:52:35","modified_gmt":"2025-08-16T17:52:35","slug":"aitatolpan-jalka-60mm-aitatolpalle","status":"publish","type":"product","link":"https:\/\/abpolar.ee\/fi\/aitatolpan-jalka-60mm-aitatolpalle\/","title":{"rendered":"Aitatolpan jalka 60 mm aitatolpalle"},"content":{"rendered":"<h2>Aitatolpan jalka 60 mm aitatolpalle<\/h2>\n<p>Aitatolpan jalan avulla tolppa voidaan pultata betoniin tai muuhun kovaan alustaan kiinni. Aitatolpan jalan avulla saat vakaan ja j\u00e4m\u00e4k\u00e4n aidan, joka takaa aidattavan alueen turvallisuuden. Tolppa asettuu tukevasti jalkaan ja pysyy pystyss\u00e4 vuodesta toiseen.<\/p>\n<p>Jalka j\u00e4\u00e4 asennettaessa tolpan sis\u00e4\u00e4n. Kuumasinkitty jalka sopii 60 mm py\u00f6re\u00e4n tolpan kiinnitykseen.<\/p>\n<p>Haluatko vakaan ja j\u00e4m\u00e4k\u00e4n aidan? Hanki aitatolpan jalka pit\u00e4m\u00e4\u00e4n aitasi pystyss\u00e4!<\/p>\n","protected":false},"excerpt":{"rendered":"<p>Aitatolpan jalka 60 mm aitatolpalle Aitatolpan jalan avulla tolppa voidaan pultata betoniin tai muuhun kovaan&#8230;<\/p>\n","protected":false},"featured_media":5938,"template":"","meta":{"_acf_changed":false,"inline_featured_image":false},"product_brand":[],"product_cat":[140],"product_tag":[],"class_list":{"0":"post-5638","1":"product","2":"type-product","3":"status-publish","4":"has-post-thumbnail","6":"product_cat-aitojen-porttien-tarvikkeet","7":"product_shipping_class-vaike-pakk-fi","9":"first","10":"instock","11":"taxable","12":"shipping-taxable","13":"purchasable","14":"product-type-simple"},"acf":[],"_links":{"self":[{"href":"https:\/\/abpolar.ee\/fi\/wp-json\/wp\/v2\/product\/5638","targetHints":{"allow":["GET"]}}],"collection":[{"href":"https:\/\/abpolar.ee\/fi\/wp-json\/wp\/v2\/product"}],"about":[{"href":"https:\/\/abpolar.ee\/fi\/wp-json\/wp\/v2\/types\/product"}],"wp:featuredmedia":[{"embeddable":true,"href":"https:\/\/abpolar.ee\/fi\/wp-json\/wp\/v2\/media\/5938"}],"wp:attachment":[{"href":"https:\/\/abpolar.ee\/fi\/wp-json\/wp\/v2\/media?parent=5638"}],"wp:term":[{"taxonomy":"product_brand","embeddable":true,"href":"https:\/\/abpolar.ee\/fi\/wp-json\/wp\/v2\/product_brand?post=5638"},{"taxonomy":"product_cat","embeddable":true,"href":"https:\/\/abpolar.ee\/fi\/wp-json\/wp\/v2\/product_cat?post=5638"},{"taxonomy":"product_tag","embeddable":true,"href":"https:\/\/abpolar.ee\/fi\/wp-json\/wp\/v2\/product_tag?post=5638"}],"curies":[{"name":"wp","href":"https:\/\/api.w.org\/{rel}","templated":true}]}}