{"id":5640,"date":"2022-11-17T16:08:27","date_gmt":"2022-11-17T14:08:27","guid":{"rendered":"https:\/\/abpolar-ee.vserver.zonevs.eu\/?post_type=product&#038;p=5640"},"modified":"2025-09-06T13:36:39","modified_gmt":"2025-09-06T10:36:39","slug":"puutarhavaja-2030x1170mm-24m2-harmaa","status":"publish","type":"product","link":"https:\/\/abpolar.ee\/fi\/puutarhavaja-2030x1170mm-24m2-harmaa\/","title":{"rendered":"Puutarhavaja 2030x1170mm (2,4m2), harmaa"},"content":{"rendered":"<h2>Puutarhavaja 2030 x 1170 mm (2,4 m\u00b2), harmaa<\/h2>\n<p><a href=\"https:\/\/abpolar.ee\/fi\/puutarhavajat\/\">Puutarhavaja<\/a> puutarhatarvikkeiden ja ty\u00f6kalujen s\u00e4ilytt\u00e4mist\u00e4 varten. Vajan runko on kuumasinkitty\u00e4 ter\u00e4st\u00e4, sein\u00e4t ja katto 0,25 mm kuumasinkitty\u00e4 pelti\u00e4. Tyylikk\u00e4\u00e4n harmaa s\u00e4vy sopii monenlaiseen pihaan ja puutarhaan.<\/p>\n<p>Kasvihuoneen ja pihan hoito helpottuvat kummasti, kun kaikki tarvittavat ty\u00f6kalut l\u00f6ytyv\u00e4t yhdest\u00e4 paikasta. Piha on my\u00f6s aiempaa siistimpi, kun kastelukannuja ja lapioita ei loju siell\u00e4 t\u00e4\u00e4ll\u00e4.<\/p>\n<p>Kun haluat puutarhaty\u00f6kaluillesi n\u00e4pp\u00e4r\u00e4n s\u00e4ilytyspaikan, tilaa puutarhavaja AB Polarilta!<\/p>\n<h3>Tuotteen ominaisuudet:<\/h3>\n<ul>\n<li>Mitat: 203 x 117 x 173 cm (P x L x K)<\/li>\n<li>V\u00e4ri: harmaa<\/li>\n<li>Materiaali: ter\u00e4s<\/li>\n<li>Pintak\u00e4sittely: kuumasinkitty, jauhemaalattu<\/li>\n<li>Sein\u00e4m\u00e4vahvuus: 0,25 mm<\/li>\n<li>2 tuuletusaukkoa<\/li>\n<li>Oviaukon mitat (K x L): 1510 \u00d7 960 mm<\/li>\n<li>Maks. lumikuorma: 15kg\/m\u00b2<\/li>\n<\/ul>\n","protected":false},"excerpt":{"rendered":"<p>Puutarhavaja 2030 x 1170 mm (2,4 m\u00b2), harmaa Puutarhavaja puutarhatarvikkeiden ja ty\u00f6kalujen s\u00e4ilytt\u00e4mist\u00e4 varten. Vajan&#8230;<\/p>\n","protected":false},"featured_media":2704,"template":"","meta":{"_acf_changed":false,"inline_featured_image":false},"product_brand":[],"product_cat":[213],"product_tag":[],"class_list":{"0":"post-5640","1":"product","2":"type-product","3":"status-publish","4":"has-post-thumbnail","6":"product_cat-puutarhavajat","8":"first","9":"instock","10":"sale","11":"taxable","12":"shipping-taxable","13":"purchasable","14":"product-type-simple"},"acf":[],"_links":{"self":[{"href":"https:\/\/abpolar.ee\/fi\/wp-json\/wp\/v2\/product\/5640","targetHints":{"allow":["GET"]}}],"collection":[{"href":"https:\/\/abpolar.ee\/fi\/wp-json\/wp\/v2\/product"}],"about":[{"href":"https:\/\/abpolar.ee\/fi\/wp-json\/wp\/v2\/types\/product"}],"wp:featuredmedia":[{"embeddable":true,"href":"https:\/\/abpolar.ee\/fi\/wp-json\/wp\/v2\/media\/2704"}],"wp:attachment":[{"href":"https:\/\/abpolar.ee\/fi\/wp-json\/wp\/v2\/media?parent=5640"}],"wp:term":[{"taxonomy":"product_brand","embeddable":true,"href":"https:\/\/abpolar.ee\/fi\/wp-json\/wp\/v2\/product_brand?post=5640"},{"taxonomy":"product_cat","embeddable":true,"href":"https:\/\/abpolar.ee\/fi\/wp-json\/wp\/v2\/product_cat?post=5640"},{"taxonomy":"product_tag","embeddable":true,"href":"https:\/\/abpolar.ee\/fi\/wp-json\/wp\/v2\/product_tag?post=5640"}],"curies":[{"name":"wp","href":"https:\/\/api.w.org\/{rel}","templated":true}]}}