{"id":5654,"date":"2022-11-17T16:08:29","date_gmt":"2022-11-17T14:08:29","guid":{"rendered":"https:\/\/abpolar-ee.vserver.zonevs.eu\/?post_type=product&#038;p=5654"},"modified":"2025-09-08T20:02:20","modified_gmt":"2025-09-08T17:02:20","slug":"autotalli-varasto-17m2-harmaa","status":"publish","type":"product","link":"https:\/\/abpolar.ee\/fi\/autotalli-varasto-17m2-harmaa\/","title":{"rendered":"Autotalli\/varasto  17m2 harmaa"},"content":{"rendered":"<h2>Autotalli \/ varasto 17 m\u00b2 harmaa<\/h2>\n<p>Autotalli \/ varasto on huoltovapaa ja kest\u00e4v\u00e4 ratkaisu, kun pihalle tarvitaan s\u00e4\u00e4nkest\u00e4v\u00e4\u00e4 s\u00e4ilytystilaa. Vajan runko on kuumasinkitty\u00e4 ter\u00e4st\u00e4, sein\u00e4t ja katto 0,25 mm kuumasinkitty\u00e4 pelti\u00e4. Tyylikk\u00e4\u00e4n harmaa s\u00e4vy sopii monenlaiseen pihaan ja puutarhaan.<\/p>\n<p>Auto saa suojan lumelta ja puutarhassa ja pihassa tarvittavat ty\u00f6kalut n\u00e4pp\u00e4r\u00e4n s\u00e4ilytyspaikan. En\u00e4\u00e4 ei tarvitse raaputtaa j\u00e4\u00e4t\u00e4 tuulilasista! Pihakin siisteytyy huomattavasti, kun kaiken voi s\u00e4il\u00f6\u00e4 katseen ulottumattomiin.<\/p>\n<p>Kun haluat k\u00e4tev\u00e4n autotallin, tilaa se AB Polarilta!<\/p>\n<ul>\n<li>Mitat: 590 x 289 x 232 cm (Px L x K)<\/li>\n<li>V\u00e4ri: harmaa<\/li>\n<li>Materiaali: ter\u00e4s<\/li>\n<li>Pintak\u00e4sittely: kuumasinkitty, jauhemaalattu<\/li>\n<li>Sein\u00e4m\u00e4vahvuus (mm): 0,25<\/li>\n<li>Kattomalli: harjakatto<\/li>\n<li>4 tuuletusaukkoa<\/li>\n<li>Ovien lukum\u00e4\u00e4r\u00e4: 1 kpl pariovi 212 x 186 cm ja 1 kpl lukittava sivuovi 78 x 187 cm<\/li>\n<li>Maks. lumikuorma: 15kg\/m\u00b2<\/li>\n<li>Muistathan poistaa lumikuorman katolta.<\/li>\n<\/ul>\n","protected":false},"excerpt":{"rendered":"<p>Autotalli \/ varasto 17 m\u00b2 harmaa Autotalli \/ varasto on huoltovapaa ja kest\u00e4v\u00e4 ratkaisu, kun&#8230;<\/p>\n","protected":false},"featured_media":2966,"template":"","meta":{"_acf_changed":false,"inline_featured_image":false},"product_brand":[],"product_cat":[214,213],"product_tag":[],"class_list":{"0":"post-5654","1":"product","2":"type-product","3":"status-publish","4":"has-post-thumbnail","6":"product_cat-autotallit","7":"product_cat-puutarhavajat","9":"first","10":"instock","11":"sale","12":"taxable","13":"shipping-taxable","14":"purchasable","15":"product-type-simple"},"acf":[],"_links":{"self":[{"href":"https:\/\/abpolar.ee\/fi\/wp-json\/wp\/v2\/product\/5654","targetHints":{"allow":["GET"]}}],"collection":[{"href":"https:\/\/abpolar.ee\/fi\/wp-json\/wp\/v2\/product"}],"about":[{"href":"https:\/\/abpolar.ee\/fi\/wp-json\/wp\/v2\/types\/product"}],"wp:featuredmedia":[{"embeddable":true,"href":"https:\/\/abpolar.ee\/fi\/wp-json\/wp\/v2\/media\/2966"}],"wp:attachment":[{"href":"https:\/\/abpolar.ee\/fi\/wp-json\/wp\/v2\/media?parent=5654"}],"wp:term":[{"taxonomy":"product_brand","embeddable":true,"href":"https:\/\/abpolar.ee\/fi\/wp-json\/wp\/v2\/product_brand?post=5654"},{"taxonomy":"product_cat","embeddable":true,"href":"https:\/\/abpolar.ee\/fi\/wp-json\/wp\/v2\/product_cat?post=5654"},{"taxonomy":"product_tag","embeddable":true,"href":"https:\/\/abpolar.ee\/fi\/wp-json\/wp\/v2\/product_tag?post=5654"}],"curies":[{"name":"wp","href":"https:\/\/api.w.org\/{rel}","templated":true}]}}