{"id":5682,"date":"2023-01-03T10:22:35","date_gmt":"2023-01-03T08:22:35","guid":{"rendered":"https:\/\/abpolar-ee.vserver.zonevs.eu\/?post_type=product&#038;p=5682"},"modified":"2023-03-14T10:23:44","modified_gmt":"2023-03-14T08:23:44","slug":"kasvihuone-balance-89m2-8x12ft-harmaa","status":"publish","type":"product","link":"https:\/\/abpolar.ee\/fi\/kasvihuone-balance-89m2-8x12ft-harmaa\/","title":{"rendered":"Kasvihuone Balance 8,9m\u00b2  harmaa (8x12ft)"},"content":{"rendered":"<h2>Kasvihuone Balance 8,9m\u00b2 harmaa (8x12ft)<\/h2>\n<p>T\u00e4m\u00e4 kaunis kasvihuone mahdollistaa aikaisen istutuksen ja takaa suojaisat kasvuolosuhteet kasveillesi, joten voit nauttia runsaasta sadosta ja my\u00f6h\u00e4isest\u00e4 sadonkorjuusta.<br \/>\nMik\u00e4 palkitsevampaa kuin poimia herkulliset tomaatit, kurkut, salaatit, yrtit ja chilit suoraan ruokap\u00f6yt\u00e4\u00e4n omasta kasvihuoneesta.<br \/>\nBalance -kasvihuoneessa pystyt kasvattamaan jopa eksoottisia lajeja, jotka eiv\u00e4t muuten menestyisi Suomen kes\u00e4ss\u00e4.<br \/>\nBalance-kasvihuoneessa on ruuvikiristeinen j\u00e4mpti alumiinirunko sek\u00e4 Snap-N-Grow-tekniikan slide-in paneeliasetus, jolloin erillisi\u00e4 levyjen kiinnityslistoja ei tarvita.<br \/>\nLasinkirkkaat, polykarbonaatista valmistetut sein\u00e4paneelit pit\u00e4v\u00e4t huoneen kirkkaan valoisana, ja kennolevyt katossa antavat varjoisan suojan.<br \/>\nMatala kynnys ja saranoidut leve\u00e4t tuplaovet helpottavat kulkua ja takaavat esteett\u00f6m\u00e4n liikkumisen.<br \/>\nEi en\u00e4\u00e4 raskasta multas\u00e4kkien kantamista, koska kotik\u00e4rryt mahtuvat ovesta.<br \/>\nSelke\u00e4t kokoamisohjeet tekev\u00e4t kasvihuoneen pystytt\u00e4misest\u00e4 helppoa.<\/p>\n<ul>\n<li>Harjakorkeus (cm): 229<\/li>\n<li>R\u00e4yst\u00e4skorkeus (cm): 125,5<\/li>\n<li>Leveys (cm): 244<\/li>\n<li>Syvyys (cm): 367<\/li>\n<li>Pinta-ala (m\u00b2): 8,9<\/li>\n<li>V\u00e4ri: Harmaa<\/li>\n<li>Materiaali: Kennolevy, Polykarbonaatti<\/li>\n<li>Rungon materiaali: Alumiini<\/li>\n<li>Materiaalin tarkenne: Katossa 4 mm paksut ja UV-suojatut polykarbonaattipaneelit, sein\u00e4paneelit 0.7 mm paksuista kirkasta UV-suojattua polykarbonaattia<\/li>\n<li>Sis\u00e4lt\u00e4\u00e4 sokkelin: Kyll\u00e4<\/li>\n<li>Kattoluukkujen lukum\u00e4\u00e4r\u00e4: 2<\/li>\n<li>Lumikuorma (kg\/m\u00b2): 75<\/li>\n<li>Oviaukon koko: 114,5 x 194,5 cm<\/li>\n<li>Sein\u00e4n valonl\u00e4p\u00e4isy: 90 %<\/li>\n<li>Katon valonl\u00e4p\u00e4isy: 83 %<\/li>\n<li>Tuulenkest\u00e4vyys: 90 km\/h<\/li>\n<li>Asennus: Runkoelementit kiinnitet\u00e4\u00e4n ruuveilla toisiinsa, pleksiosat liutetaan paikoilleen<\/li>\n<li>Toimitussis\u00e4lt\u00f6: Sokkeli, r\u00e4yst\u00e4\u00e4t ja kattoluukku, saranoidut ovet, magneettihaka<\/li>\n<\/ul>\n<p>Katoilta on aina poistettava liika lumikuorma.<\/p>\n","protected":false},"excerpt":{"rendered":"<p>Kasvihuone Balance 8,9m\u00b2 harmaa (8x12ft) T\u00e4m\u00e4 kaunis kasvihuone mahdollistaa aikaisen istutuksen ja takaa suojaisat kasvuolosuhteet&#8230;<\/p>\n","protected":false},"featured_media":13070,"template":"","meta":{"_acf_changed":false,"inline_featured_image":false},"product_brand":[],"product_cat":[210,204],"product_tag":[],"class_list":{"0":"post-5682","1":"product","2":"type-product","3":"status-publish","4":"has-post-thumbnail","6":"product_cat-harjakattoiset-kasvihuoneet","7":"product_cat-kasvihuoneet","9":"first","10":"instock","11":"taxable","12":"shipping-taxable","13":"purchasable","14":"product-type-simple"},"acf":[],"_links":{"self":[{"href":"https:\/\/abpolar.ee\/fi\/wp-json\/wp\/v2\/product\/5682","targetHints":{"allow":["GET"]}}],"collection":[{"href":"https:\/\/abpolar.ee\/fi\/wp-json\/wp\/v2\/product"}],"about":[{"href":"https:\/\/abpolar.ee\/fi\/wp-json\/wp\/v2\/types\/product"}],"wp:featuredmedia":[{"embeddable":true,"href":"https:\/\/abpolar.ee\/fi\/wp-json\/wp\/v2\/media\/13070"}],"wp:attachment":[{"href":"https:\/\/abpolar.ee\/fi\/wp-json\/wp\/v2\/media?parent=5682"}],"wp:term":[{"taxonomy":"product_brand","embeddable":true,"href":"https:\/\/abpolar.ee\/fi\/wp-json\/wp\/v2\/product_brand?post=5682"},{"taxonomy":"product_cat","embeddable":true,"href":"https:\/\/abpolar.ee\/fi\/wp-json\/wp\/v2\/product_cat?post=5682"},{"taxonomy":"product_tag","embeddable":true,"href":"https:\/\/abpolar.ee\/fi\/wp-json\/wp\/v2\/product_tag?post=5682"}],"curies":[{"name":"wp","href":"https:\/\/api.w.org\/{rel}","templated":true}]}}