{"id":5687,"date":"2022-11-17T16:08:26","date_gmt":"2022-11-17T14:08:26","guid":{"rendered":"https:\/\/abpolar-ee.vserver.zonevs.eu\/?post_type=product&#038;p=5687"},"modified":"2023-12-29T14:03:34","modified_gmt":"2023-12-29T12:03:34","slug":"kasvihuone-rancher-59m2","status":"publish","type":"product","link":"https:\/\/abpolar.ee\/fi\/kasvihuone-rancher-59m2\/","title":{"rendered":"Kasvihuone Rancher 5,9m\u00b2"},"content":{"rendered":"<h2>Kasvihuone Rancher 5,9m\u00b2<\/h2>\n<p>K\u00e4yt\u00e4nn\u00f6llisess\u00e4 5,9 neli\u00f6metrin Rancher kasvihuoneessa on yksi kattoikkuna ja ovi, jotka takaavat hyv\u00e4n tuuletuksen.<br \/>\n<a href=\"https:\/\/abpolar.ee\/fi\/kasvihuoneet\/\" target=\"_blank\" rel=\"noopener\">Kasvihuone<\/a> on varustettu sadevesir\u00e4nnill\u00e4, ja siin\u00e4 on 4 mm kaksinkertaiset UV-suojatut polykarbonaattilevyt.<br \/>\nToimitus sis\u00e4lt\u00e4\u00e4 pystytysohjeet.<\/p>\n<ul>\n<li>Harjakorkeus (cm): 195<\/li>\n<li>R\u00e4yst\u00e4skorkeus (cm): 124<\/li>\n<li>Leveys (cm): 177<\/li>\n<li>Syvyys (cm): 310<\/li>\n<li>Pinta-ala (m\u00b2): 5,9<\/li>\n<li>V\u00e4ri: Alumiini<\/li>\n<li>Materiaali: Kennolevy, Polykarbonaatti<\/li>\n<li>Rungon materiaali: Alumiini<\/li>\n<li>Materiaalin tarkenne: 4 mm paksut ja UV-suojatut polykarbonaattipaneelit<\/li>\n<li>Sis\u00e4lt\u00e4\u00e4 sokkelin: Ei<\/li>\n<li>Kattoluukkujen lukum\u00e4\u00e4r\u00e4: 1<\/li>\n<\/ul>\n<p>Katoilta on aina poistettava liika lumikuorma.<\/p>\n","protected":false},"excerpt":{"rendered":"<p>Kasvihuone Rancher 5,9m\u00b2 K\u00e4yt\u00e4nn\u00f6llisess\u00e4 5,9 neli\u00f6metrin Rancher kasvihuoneessa on yksi kattoikkuna ja ovi, jotka takaavat&#8230;<\/p>\n","protected":false},"featured_media":16367,"template":"","meta":{"_acf_changed":false,"inline_featured_image":false},"product_brand":[],"product_cat":[210,204],"product_tag":[],"class_list":{"0":"post-5687","1":"product","2":"type-product","3":"status-publish","4":"has-post-thumbnail","6":"product_cat-harjakattoiset-kasvihuoneet","7":"product_cat-kasvihuoneet","9":"first","10":"instock","11":"sale","12":"taxable","13":"shipping-taxable","14":"purchasable","15":"product-type-simple"},"acf":[],"_links":{"self":[{"href":"https:\/\/abpolar.ee\/fi\/wp-json\/wp\/v2\/product\/5687","targetHints":{"allow":["GET"]}}],"collection":[{"href":"https:\/\/abpolar.ee\/fi\/wp-json\/wp\/v2\/product"}],"about":[{"href":"https:\/\/abpolar.ee\/fi\/wp-json\/wp\/v2\/types\/product"}],"wp:featuredmedia":[{"embeddable":true,"href":"https:\/\/abpolar.ee\/fi\/wp-json\/wp\/v2\/media\/16367"}],"wp:attachment":[{"href":"https:\/\/abpolar.ee\/fi\/wp-json\/wp\/v2\/media?parent=5687"}],"wp:term":[{"taxonomy":"product_brand","embeddable":true,"href":"https:\/\/abpolar.ee\/fi\/wp-json\/wp\/v2\/product_brand?post=5687"},{"taxonomy":"product_cat","embeddable":true,"href":"https:\/\/abpolar.ee\/fi\/wp-json\/wp\/v2\/product_cat?post=5687"},{"taxonomy":"product_tag","embeddable":true,"href":"https:\/\/abpolar.ee\/fi\/wp-json\/wp\/v2\/product_tag?post=5687"}],"curies":[{"name":"wp","href":"https:\/\/api.w.org\/{rel}","templated":true}]}}