{"id":5714,"date":"2022-11-17T16:08:07","date_gmt":"2022-11-17T14:08:07","guid":{"rendered":"https:\/\/abpolar-ee.vserver.zonevs.eu\/?post_type=product&#038;p=5714"},"modified":"2024-05-29T09:55:44","modified_gmt":"2024-05-29T06:55:44","slug":"autoteltta-33x60m-terasrunko","status":"publish","type":"product","link":"https:\/\/abpolar.ee\/fi\/autoteltta-33x60m-terasrunko\/","title":{"rendered":"Autoteltta 3,3&#215;6,0m, ter\u00e4srunko"},"content":{"rendered":"<h2>Autoteltta 3,3&#215;6,0m, ter\u00e4srunko<\/h2>\n<p>Pressutalli on edullinen ja k\u00e4tev\u00e4 ratkaisu auton suojaksi. Ymp\u00e4ri vuoden auton pintaan ja tekniikkaan kohdistuu rasittavia tekij\u00f6it\u00e4: lunta, j\u00e4\u00e4t\u00e4, vett\u00e4, auringonpaahdetta ja ilmassa leijuvia p\u00f6lyj\u00e4. Pressutalli soveltuu auton tai koneiden ymp\u00e4rivuotiseksi suojaksi etenkin silloin, kun suojaksi halutaan edullinen tai v\u00e4liaikainen ratkaisu.<br \/>\n<a href=\"https:\/\/abpolar.ee\/fi\/pressutallit\/\" target=\"_blank\" rel=\"noopener\">Autotelttassa<\/a> on vahva 450g\/m\u00b2 peite.<\/p>\n<h4>TUOTTEEN MITAT:<\/h4>\n<ul>\n<li><strong>Harjakorkeus: 2,5 m<\/strong><\/li>\n<li><strong>Leveys : 3,3 m<\/strong><\/li>\n<li><strong>Syvyys : 6 m<\/strong><\/li>\n<li><strong>Pinta-ala : 19,8 m\u00b2<\/strong><\/li>\n<\/ul>\n<h4>TUOTTEEN OMINAISUUDET:<\/h4>\n<ul>\n<li>V\u00e4ri: Vihre\u00e4<\/li>\n<li>Materiaali: Muovi, Ter\u00e4s<\/li>\n<li>Materiaalin tarkenne: Kest\u00e4v\u00e4 PVC-p\u00e4\u00e4llyskangas 450g\/m\u00b2<\/li>\n<li>Pintak\u00e4sittely: Sinkitty, RAL6005<\/li>\n<li>Kattomalli: Harjakatto<\/li>\n<li>Sis\u00e4lt\u00e4\u00e4 vesikatemateriaalin: Kyll\u00e4<\/li>\n<li>Sis\u00e4lt\u00e4\u00e4 lattian: Ei<\/li>\n<li>Ikkunoiden lukum\u00e4\u00e4r\u00e4: 0 kpl<\/li>\n<li>Ovien lukum\u00e4\u00e4r\u00e4: 1 kpl pressuovi<\/li>\n<li>Autopaikkojen m\u00e4\u00e4r\u00e4: 1 kpl<\/li>\n<li>Oviaukon korkeus n. 180cm, jos poistaa etusein\u00e4n niin 190cm<\/li>\n<li>Kest\u00e4v\u00e4 sinkitty ter\u00e4srunko, 32&#215;1,2mm<\/li>\n<li>Helppo pystytys!<\/li>\n<\/ul>\n<p>&nbsp;<\/p>\n","protected":false},"excerpt":{"rendered":"<p>Autoteltta 3,3&#215;6,0m, ter\u00e4srunko Pressutalli on edullinen ja k\u00e4tev\u00e4 ratkaisu auton suojaksi. Ymp\u00e4ri vuoden auton pintaan&#8230;<\/p>\n","protected":false},"featured_media":15598,"template":"","meta":{"_acf_changed":false,"inline_featured_image":false},"product_brand":[],"product_cat":[215],"product_tag":[],"class_list":{"0":"post-5714","1":"product","2":"type-product","3":"status-publish","4":"has-post-thumbnail","6":"product_cat-autoteltat","8":"first","9":"instock","10":"taxable","11":"shipping-taxable","12":"purchasable","13":"product-type-simple"},"acf":[],"_links":{"self":[{"href":"https:\/\/abpolar.ee\/fi\/wp-json\/wp\/v2\/product\/5714","targetHints":{"allow":["GET"]}}],"collection":[{"href":"https:\/\/abpolar.ee\/fi\/wp-json\/wp\/v2\/product"}],"about":[{"href":"https:\/\/abpolar.ee\/fi\/wp-json\/wp\/v2\/types\/product"}],"wp:featuredmedia":[{"embeddable":true,"href":"https:\/\/abpolar.ee\/fi\/wp-json\/wp\/v2\/media\/15598"}],"wp:attachment":[{"href":"https:\/\/abpolar.ee\/fi\/wp-json\/wp\/v2\/media?parent=5714"}],"wp:term":[{"taxonomy":"product_brand","embeddable":true,"href":"https:\/\/abpolar.ee\/fi\/wp-json\/wp\/v2\/product_brand?post=5714"},{"taxonomy":"product_cat","embeddable":true,"href":"https:\/\/abpolar.ee\/fi\/wp-json\/wp\/v2\/product_cat?post=5714"},{"taxonomy":"product_tag","embeddable":true,"href":"https:\/\/abpolar.ee\/fi\/wp-json\/wp\/v2\/product_tag?post=5714"}],"curies":[{"name":"wp","href":"https:\/\/api.w.org\/{rel}","templated":true}]}}