{"id":5722,"date":"2022-11-17T16:09:38","date_gmt":"2022-11-17T14:09:38","guid":{"rendered":"https:\/\/abpolar-ee.vserver.zonevs.eu\/?post_type=product&#038;p=5722"},"modified":"2023-12-29T13:36:44","modified_gmt":"2023-12-29T11:36:44","slug":"kasinasennettava-ruuvipaalu-u-kenka-1000x76mm-kuumasinkitty","status":"publish","type":"product","link":"https:\/\/abpolar.ee\/fi\/kasinasennettava-ruuvipaalu-u-kenka-1000x76mm-kuumasinkitty\/","title":{"rendered":"K\u00e4sinasennettava ruuvipaalu, U-kenk\u00e4, 76x1000mm, kuumasinkitty"},"content":{"rendered":"<h2>K\u00e4sinasennettava ruuvipaalu, U-kenk\u00e4, 76x1000mm, kuumasinkitty<\/h2>\n<p>K\u00e4sinasennettava ruuvipaalu pienten rakennusten ja rakenteiden nopeaan ja kest\u00e4v\u00e4\u00e4n asennukseen. Ruuvipaalut soveltuvat terassien, ulkorakennusten, aitojen, porttien, autotallien, autokatosten, pienten kes\u00e4m\u00f6kkien ja vajojen perustuksiin. <a href=\"https:\/\/abpolar.ee\/fi\/ruuvipaalut\/\" target=\"_blank\" rel=\"noopener\">Ruuvipaalu<\/a> soveltuu hyvin my\u00f6s tilap\u00e4isiin rakennuksiin, se voidaankiert\u00e4\u00e4 yl\u00f6s ja k\u00e4ytt\u00e4\u00e4 uudelleen. Materiaali on kuumasinkitty\u00e4 ter\u00e4st\u00e4, joten paalu on kest\u00e4v\u00e4.<\/p>\n<h4>TUOTETIEDOT:<\/h4>\n<ul>\n<li><strong>Korkeus: 1000 mm<\/strong><\/li>\n<li><strong>Halkaisija: 76 mm<\/strong><\/li>\n<li><strong>U-kenk\u00e4: 75x130mm<\/strong><\/li>\n<li><strong>Kierteen pituus: 560mm<\/strong><\/li>\n<li><strong>Materiaalivahvuus: 2 mm<\/strong><\/li>\n<li><strong>Materiaali: kuumasinkitty\u00e4 ter\u00e4st\u00e4<\/strong><\/li>\n<\/ul>\n","protected":false},"excerpt":{"rendered":"<p>K\u00e4sinasennettava ruuvipaalu, U-kenk\u00e4, 76x1000mm, kuumasinkitty K\u00e4sinasennettava ruuvipaalu pienten rakennusten ja rakenteiden nopeaan ja kest\u00e4v\u00e4\u00e4n asennukseen&#8230;.<\/p>\n","protected":false},"featured_media":2711,"template":"","meta":{"_acf_changed":false,"inline_featured_image":false},"product_brand":[],"product_cat":[211,216],"product_tag":[],"class_list":{"0":"post-5722","1":"product","2":"type-product","3":"status-publish","4":"has-post-thumbnail","6":"product_cat-piharakennukset","7":"product_cat-ruuvipaalut","8":"product_shipping_class-pakk-kuni-30kg-fi","10":"first","11":"instock","12":"taxable","13":"shipping-taxable","14":"purchasable","15":"product-type-simple"},"acf":[],"_links":{"self":[{"href":"https:\/\/abpolar.ee\/fi\/wp-json\/wp\/v2\/product\/5722","targetHints":{"allow":["GET"]}}],"collection":[{"href":"https:\/\/abpolar.ee\/fi\/wp-json\/wp\/v2\/product"}],"about":[{"href":"https:\/\/abpolar.ee\/fi\/wp-json\/wp\/v2\/types\/product"}],"wp:featuredmedia":[{"embeddable":true,"href":"https:\/\/abpolar.ee\/fi\/wp-json\/wp\/v2\/media\/2711"}],"wp:attachment":[{"href":"https:\/\/abpolar.ee\/fi\/wp-json\/wp\/v2\/media?parent=5722"}],"wp:term":[{"taxonomy":"product_brand","embeddable":true,"href":"https:\/\/abpolar.ee\/fi\/wp-json\/wp\/v2\/product_brand?post=5722"},{"taxonomy":"product_cat","embeddable":true,"href":"https:\/\/abpolar.ee\/fi\/wp-json\/wp\/v2\/product_cat?post=5722"},{"taxonomy":"product_tag","embeddable":true,"href":"https:\/\/abpolar.ee\/fi\/wp-json\/wp\/v2\/product_tag?post=5722"}],"curies":[{"name":"wp","href":"https:\/\/api.w.org\/{rel}","templated":true}]}}