{"id":5727,"date":"2022-11-17T16:09:39","date_gmt":"2022-11-17T14:09:39","guid":{"rendered":"https:\/\/abpolar-ee.vserver.zonevs.eu\/?post_type=product&#038;p=5727"},"modified":"2023-12-29T13:36:33","modified_gmt":"2023-12-29T11:36:33","slug":"kasinasennettava-ruuvipaalu-1400x76mm-kuumasinkitty","status":"publish","type":"product","link":"https:\/\/abpolar.ee\/fi\/kasinasennettava-ruuvipaalu-1400x76mm-kuumasinkitty\/","title":{"rendered":"K\u00e4sinasennettava ruuvipaalu 76x1400mm, kuumasinkitty"},"content":{"rendered":"<h2>K\u00e4sinasennettava ruuvipaalu, 76x1400mm, kuumasinkitty<\/h2>\n<p>2000&#215;76 mm k\u00e4sinasennettava ruuvipaalu pienten rakennusten ja rakenteiden nopeaan ja kest\u00e4v\u00e4\u00e4n asennukseen. <a href=\"https:\/\/abpolar.ee\/fi\/ruuvipaalut\/\" target=\"_blank\" rel=\"noopener\">Ruuvipaalut<\/a> soveltuvat terassien, ulkorakennusten, aitojen, porttien, autotallien, autokatosten, pienten kes\u00e4m\u00f6kkien ja vajojen perustuksiin. Ruuvipaalu soveltuu hyvin my\u00f6s tilap\u00e4isiin rakennuksiin, se voidaankiert\u00e4\u00e4 yl\u00f6s ja k\u00e4ytt\u00e4\u00e4 uudelleen. Materiaali on kuumasinkitty\u00e4 ter\u00e4st\u00e4, joten paalu on kest\u00e4v\u00e4.<\/p>\n<p>&nbsp;<\/p>\n<h4>TUOTETIEDOT:<\/h4>\n<ul>\n<li><strong>Korkeus: 1400 mm<\/strong><\/li>\n<li><strong>Halkaisija: 76 mm<\/strong><\/li>\n<li><strong>Kierteen pituus: 900 mm<\/strong><\/li>\n<li><strong>Materiaalivahvuus: 3 mm<\/strong><\/li>\n<li><strong>Materiaali: kuumasinkitty\u00e4 ter\u00e4st\u00e4<\/strong><\/li>\n<li><strong>Lattakiinnike: 220 x 8 mm<\/strong><\/li>\n<\/ul>\n","protected":false},"excerpt":{"rendered":"<p>K\u00e4sinasennettava ruuvipaalu, 76x1400mm, kuumasinkitty 2000&#215;76 mm k\u00e4sinasennettava ruuvipaalu pienten rakennusten ja rakenteiden nopeaan ja kest\u00e4v\u00e4\u00e4n&#8230;<\/p>\n","protected":false},"featured_media":2740,"template":"","meta":{"_acf_changed":false,"inline_featured_image":false},"product_brand":[],"product_cat":[211,216],"product_tag":[],"class_list":{"0":"post-5727","1":"product","2":"type-product","3":"status-publish","4":"has-post-thumbnail","6":"product_cat-piharakennukset","7":"product_cat-ruuvipaalut","8":"product_shipping_class-pakk-kuni-30kg-fi","10":"first","11":"instock","12":"taxable","13":"shipping-taxable","14":"purchasable","15":"product-type-simple"},"acf":[],"_links":{"self":[{"href":"https:\/\/abpolar.ee\/fi\/wp-json\/wp\/v2\/product\/5727","targetHints":{"allow":["GET"]}}],"collection":[{"href":"https:\/\/abpolar.ee\/fi\/wp-json\/wp\/v2\/product"}],"about":[{"href":"https:\/\/abpolar.ee\/fi\/wp-json\/wp\/v2\/types\/product"}],"wp:featuredmedia":[{"embeddable":true,"href":"https:\/\/abpolar.ee\/fi\/wp-json\/wp\/v2\/media\/2740"}],"wp:attachment":[{"href":"https:\/\/abpolar.ee\/fi\/wp-json\/wp\/v2\/media?parent=5727"}],"wp:term":[{"taxonomy":"product_brand","embeddable":true,"href":"https:\/\/abpolar.ee\/fi\/wp-json\/wp\/v2\/product_brand?post=5727"},{"taxonomy":"product_cat","embeddable":true,"href":"https:\/\/abpolar.ee\/fi\/wp-json\/wp\/v2\/product_cat?post=5727"},{"taxonomy":"product_tag","embeddable":true,"href":"https:\/\/abpolar.ee\/fi\/wp-json\/wp\/v2\/product_tag?post=5727"}],"curies":[{"name":"wp","href":"https:\/\/api.w.org\/{rel}","templated":true}]}}