{"id":5728,"date":"2022-11-17T16:09:05","date_gmt":"2022-11-17T14:09:05","guid":{"rendered":"https:\/\/abpolar-ee.vserver.zonevs.eu\/?post_type=product&#038;p=5728"},"modified":"2023-03-14T10:22:43","modified_gmt":"2023-03-14T08:22:43","slug":"seinakasvihuone-polar-23-m2","status":"publish","type":"product","link":"https:\/\/abpolar.ee\/fi\/seinakasvihuone-polar-23-m2\/","title":{"rendered":"Sein\u00e4kasvihuone Polar 2,3 m\u00b2"},"content":{"rendered":"<h2 class=\"text-xl font-bold leading-6\">Sein\u00e4kasvihuone Polar 2,3\u00a0m\u00b2<\/h2>\n<p class=\"text-xl font-bold leading-6\">Sein\u00e4mallisessa kasvihuoneessa on 3 sein\u00e4\u00e4 ja katto<br \/>\nLis\u00e4ksi 1 kattoikkuna ja 1 liukuovi<br \/>\nKasvihuoneessa on hyv\u00e4 ilmastointi ja sadeviem\u00e4r\u00f6inti<br \/>\nKasvihuoneessa on 4 mm kaksikerroksiset UV-s\u00e4teily\u00e4 kest\u00e4v\u00e4t polykarbonaattilevyt<br \/>\nKasvihuoneen alle on rakennettava perustus vakauden ja tuulenpit\u00e4vyyden varmistamiseksi<br \/>\nPerustuksesi sopii esimerkiksi kyll\u00e4stetty puurunko, joka puolestaan \u200b\u200bkiinnitet\u00e4\u00e4n maahan<br \/>\nLumikuormitus: 25 kg\/m\u00b2<br \/>\nToimitukseen sis\u00e4ltyy kasausohjeet<\/p>\n<ul>\n<li>Leveys (cm): 190<\/li>\n<li>Syvyys (cm): 122<\/li>\n<li>Korkeus (cm): 195<\/li>\n<\/ul>\n<p>Katoilta on aina poistettava liika lumikuorma!<\/p>\n<p>&nbsp;<\/p>\n<table class=\"table-auto w-full\" style=\"width: 0%; height: 47px;\">\n<tbody>\n<tr style=\"height: 25px;\">\n<td class=\"border px-2 py-1 font-bold\" style=\"width: 65.7895%; height: 25px;\"><\/td>\n<td class=\"border px-2 py-1\" style=\"width: 62.5%; height: 25px;\"><\/td>\n<\/tr>\n<tr style=\"height: 24px;\">\n<td class=\"border px-2 py-1 font-bold\" style=\"width: 65.7895%; height: 24px;\"><\/td>\n<td class=\"border px-2 py-1\" style=\"width: 62.5%; height: 24px;\"><\/td>\n<\/tr>\n<tr style=\"height: 24px;\">\n<td class=\"border px-2 py-1 font-bold\" style=\"width: 65.7895%; height: 24px;\"><\/td>\n<td class=\"border px-2 py-1\" style=\"width: 62.5%; height: 24px;\"><\/td>\n<\/tr>\n<\/tbody>\n<\/table>\n","protected":false},"excerpt":{"rendered":"<p>Sein\u00e4kasvihuone Polar 2,3\u00a0m\u00b2 Sein\u00e4mallisessa kasvihuoneessa on 3 sein\u00e4\u00e4 ja katto Lis\u00e4ksi 1 kattoikkuna ja 1&#8230;<\/p>\n","protected":false},"featured_media":3414,"template":"","meta":{"_acf_changed":false,"inline_featured_image":false},"product_brand":[],"product_cat":[210,204],"product_tag":[],"class_list":{"0":"post-5728","1":"product","2":"type-product","3":"status-publish","4":"has-post-thumbnail","6":"product_cat-harjakattoiset-kasvihuoneet","7":"product_cat-kasvihuoneet","8":"product_shipping_class-eur-fi","10":"first","11":"instock","12":"sale","13":"taxable","14":"shipping-taxable","15":"purchasable","16":"product-type-simple"},"acf":[],"_links":{"self":[{"href":"https:\/\/abpolar.ee\/fi\/wp-json\/wp\/v2\/product\/5728","targetHints":{"allow":["GET"]}}],"collection":[{"href":"https:\/\/abpolar.ee\/fi\/wp-json\/wp\/v2\/product"}],"about":[{"href":"https:\/\/abpolar.ee\/fi\/wp-json\/wp\/v2\/types\/product"}],"wp:featuredmedia":[{"embeddable":true,"href":"https:\/\/abpolar.ee\/fi\/wp-json\/wp\/v2\/media\/3414"}],"wp:attachment":[{"href":"https:\/\/abpolar.ee\/fi\/wp-json\/wp\/v2\/media?parent=5728"}],"wp:term":[{"taxonomy":"product_brand","embeddable":true,"href":"https:\/\/abpolar.ee\/fi\/wp-json\/wp\/v2\/product_brand?post=5728"},{"taxonomy":"product_cat","embeddable":true,"href":"https:\/\/abpolar.ee\/fi\/wp-json\/wp\/v2\/product_cat?post=5728"},{"taxonomy":"product_tag","embeddable":true,"href":"https:\/\/abpolar.ee\/fi\/wp-json\/wp\/v2\/product_tag?post=5728"}],"curies":[{"name":"wp","href":"https:\/\/api.w.org\/{rel}","templated":true}]}}