{"id":5730,"date":"2022-11-17T16:09:27","date_gmt":"2022-11-17T14:09:27","guid":{"rendered":"https:\/\/abpolar-ee.vserver.zonevs.eu\/?post_type=product&#038;p=5730"},"modified":"2023-02-28T10:37:01","modified_gmt":"2023-02-28T08:37:01","slug":"parvekesetti-palma-136x60x85cm-musta","status":"publish","type":"product","link":"https:\/\/abpolar.ee\/fi\/parvekesetti-palma-136x60x85cm-musta\/","title":{"rendered":"Parvekesetti Palma, 136x60x85cm, musta"},"content":{"rendered":"<h2>Parvekesetti Palma, 136x60x85cm, musta<\/h2>\n<p>Parvekesetti Palma on kompakti ja k\u00e4yt\u00e4nn\u00f6llinen yhdistelm\u00e4, joka sopii hyvin parvekkeelle, puutarhaan tai terassille. P\u00f6yd\u00e4ss\u00e4 ja tuoleissa on korkealaatuinen polyrottingilla p\u00e4\u00e4llystetty ter\u00e4srunko. P\u00f6yt\u00e4 on kiinnitetty tuolien v\u00e4liin, joten setti pysyy hyvin paikoillaan. P\u00f6yt\u00e4levy on valmistettu kest\u00e4v\u00e4st\u00e4 ja laadukkaasta komposiittimuovista ja tuolin pehmusteet ovat p\u00e4\u00e4llystetty s\u00e4\u00e4nkest\u00e4v\u00e4ll\u00e4 polyesterikankaalla. Tuolien painoraja on 120 kg ja p\u00f6yt\u00e4levyn maksimikuormitus 80 kg.<\/p>\n<h4>TUOTTEEN OMINAISUUDET:<\/h4>\n<ul>\n<li>V\u00e4ri: Musta<\/li>\n<li>Materiaali: Ter\u00e4s<\/li>\n<li>Materiaalin tarkenne: runko polyrottingilla p\u00e4\u00e4llystetty\u00e4 ter\u00e4st\u00e4, istuinpehmusteet p\u00e4\u00e4llystetty polyesterill\u00e4, p\u00f6yt\u00e4 muovia<\/li>\n<li>Henkil\u00f6m\u00e4\u00e4r\u00e4: 2 hl\u00f6\u00e4<\/li>\n<li>Kokoontaittuva: Ei<\/li>\n<li>Valmiiksi koottu: Ei<\/li>\n<li>Sis\u00e4lt\u00e4\u00e4 pehmusteet: Kyll\u00e4<\/li>\n<\/ul>\n<h4>TUOTTEEN MITAT:<\/h4>\n<ul>\n<li>Korkeus : 85 cm<\/li>\n<li>Leveys : 136 cm<\/li>\n<li>Syvyys : 60 cm<\/li>\n<li>Tuotteen paino (kg): 16<\/li>\n<\/ul>\n","protected":false},"excerpt":{"rendered":"<p>Parvekesetti Palma, 136x60x85cm, musta Parvekesetti Palma on kompakti ja k\u00e4yt\u00e4nn\u00f6llinen yhdistelm\u00e4, joka sopii hyvin parvekkeelle,&#8230;<\/p>\n","protected":false},"featured_media":2801,"template":"","meta":{"_acf_changed":false,"inline_featured_image":false},"product_brand":[],"product_cat":[220,188],"product_tag":[],"class_list":{"0":"post-5730","1":"product","2":"type-product","3":"status-publish","4":"has-post-thumbnail","6":"product_cat-piha","7":"product_cat-puutarhakalusteet","8":"product_shipping_class-pakk-kuni-30kg-fi","10":"first","11":"instock","12":"taxable","13":"shipping-taxable","14":"purchasable","15":"product-type-simple"},"acf":[],"_links":{"self":[{"href":"https:\/\/abpolar.ee\/fi\/wp-json\/wp\/v2\/product\/5730","targetHints":{"allow":["GET"]}}],"collection":[{"href":"https:\/\/abpolar.ee\/fi\/wp-json\/wp\/v2\/product"}],"about":[{"href":"https:\/\/abpolar.ee\/fi\/wp-json\/wp\/v2\/types\/product"}],"wp:featuredmedia":[{"embeddable":true,"href":"https:\/\/abpolar.ee\/fi\/wp-json\/wp\/v2\/media\/2801"}],"wp:attachment":[{"href":"https:\/\/abpolar.ee\/fi\/wp-json\/wp\/v2\/media?parent=5730"}],"wp:term":[{"taxonomy":"product_brand","embeddable":true,"href":"https:\/\/abpolar.ee\/fi\/wp-json\/wp\/v2\/product_brand?post=5730"},{"taxonomy":"product_cat","embeddable":true,"href":"https:\/\/abpolar.ee\/fi\/wp-json\/wp\/v2\/product_cat?post=5730"},{"taxonomy":"product_tag","embeddable":true,"href":"https:\/\/abpolar.ee\/fi\/wp-json\/wp\/v2\/product_tag?post=5730"}],"curies":[{"name":"wp","href":"https:\/\/api.w.org\/{rel}","templated":true}]}}