{"id":5731,"date":"2022-11-17T16:08:27","date_gmt":"2022-11-17T14:08:27","guid":{"rendered":"https:\/\/abpolar-ee.vserver.zonevs.eu\/?post_type=product&#038;p=5731"},"modified":"2023-03-01T13:21:53","modified_gmt":"2023-03-01T11:21:53","slug":"kuusikulmainen-kasvihuone","status":"publish","type":"product","link":"https:\/\/abpolar.ee\/fi\/kuusikulmainen-kasvihuone\/","title":{"rendered":"Kuusikulmainen kasvihuone"},"content":{"rendered":"<h2>Kuusikulmainen kasvihuone<\/h2>\n<p>Tyylikk\u00e4\u00e4n kuusikulmaisen kasvihuoneen kehys on alumiinia.<br \/>\nP\u00e4\u00e4llystemateriaali on valmiiksi leikattua 4 mm polykarbonaattilevy\u00e4, jotta kokoaminen olisi mahdollisimman helppoa ja nopeaa.<br \/>\nKaikki tarvittava on mukana tomituksessa pinnoitemateriaalin kiinnitt\u00e4miseksi.<br \/>\nKasvihuone suositellaan asennettavaksi tuulelta suojattuun paikkaan.<\/p>\n<ul>\n<li>Harjakorkeus (cm): 235<\/li>\n<li>R\u00e4yst\u00e4skorkeus (cm): 180<\/li>\n<li>Leveys (cm): 120<\/li>\n<li>Syvyys (cm): 120<\/li>\n<li>Pinta-ala (m\u00b2): 3,7<\/li>\n<li>V\u00e4ri: Alumiini<\/li>\n<li>Materiaali: Kennolevy, Polykarbonaatti<\/li>\n<li>Rungon materiaali: Alumiini<\/li>\n<li>Materiaalin tarkenne: 4 mm paksua ja UV-suojattua polykarbonaattipaneelia<\/li>\n<li>Sis\u00e4lt\u00e4\u00e4 sokkelin: Ei<\/li>\n<li>Asennus: Tuulelta suojaisaan paikkaan<\/li>\n<\/ul>\n<p>Huomioithan, ett\u00e4 kasvihuoneen katolta on aina poistettava liika lumikuorma.<\/p>\n","protected":false},"excerpt":{"rendered":"<p>Kuusikulmainen kasvihuone Tyylikk\u00e4\u00e4n kuusikulmaisen kasvihuoneen kehys on alumiinia. P\u00e4\u00e4llystemateriaali on valmiiksi leikattua 4 mm polykarbonaattilevy\u00e4,&#8230;<\/p>\n","protected":false},"featured_media":3424,"template":"","meta":{"_acf_changed":false,"inline_featured_image":false},"product_brand":[],"product_cat":[210,204],"product_tag":[],"class_list":{"0":"post-5731","1":"product","2":"type-product","3":"status-publish","4":"has-post-thumbnail","6":"product_cat-harjakattoiset-kasvihuoneet","7":"product_cat-kasvihuoneet","9":"first","10":"instock","11":"sale","12":"taxable","13":"shipping-taxable","14":"purchasable","15":"product-type-simple"},"acf":[],"_links":{"self":[{"href":"https:\/\/abpolar.ee\/fi\/wp-json\/wp\/v2\/product\/5731","targetHints":{"allow":["GET"]}}],"collection":[{"href":"https:\/\/abpolar.ee\/fi\/wp-json\/wp\/v2\/product"}],"about":[{"href":"https:\/\/abpolar.ee\/fi\/wp-json\/wp\/v2\/types\/product"}],"wp:featuredmedia":[{"embeddable":true,"href":"https:\/\/abpolar.ee\/fi\/wp-json\/wp\/v2\/media\/3424"}],"wp:attachment":[{"href":"https:\/\/abpolar.ee\/fi\/wp-json\/wp\/v2\/media?parent=5731"}],"wp:term":[{"taxonomy":"product_brand","embeddable":true,"href":"https:\/\/abpolar.ee\/fi\/wp-json\/wp\/v2\/product_brand?post=5731"},{"taxonomy":"product_cat","embeddable":true,"href":"https:\/\/abpolar.ee\/fi\/wp-json\/wp\/v2\/product_cat?post=5731"},{"taxonomy":"product_tag","embeddable":true,"href":"https:\/\/abpolar.ee\/fi\/wp-json\/wp\/v2\/product_tag?post=5731"}],"curies":[{"name":"wp","href":"https:\/\/api.w.org\/{rel}","templated":true}]}}