{"id":5733,"date":"2022-11-17T16:09:29","date_gmt":"2022-11-17T14:09:29","guid":{"rendered":"https:\/\/abpolar-ee.vserver.zonevs.eu\/?post_type=product&#038;p=5733"},"modified":"2023-07-12T21:54:27","modified_gmt":"2023-07-12T18:54:27","slug":"oleskeluryhma-napoli-5-istuttava-kulmasohva-sohvapoyta-harmaa","status":"publish","type":"product","link":"https:\/\/abpolar.ee\/fi\/oleskeluryhma-napoli-5-istuttava-kulmasohva-sohvapoyta-harmaa\/","title":{"rendered":"Oleskeluryhm\u00e4 NAPOLI 5-istuttava kulmasohva + sohvap\u00f6yt\u00e4, harmaa"},"content":{"rendered":"<h2>Oleskeluryhm\u00e4 NAPOLI 5-istuttava kulmasohva + sohvap\u00f6yt\u00e4, harmaa<\/h2>\n<p>Oleskeluryhm\u00e4 Napoli sis\u00e4lt\u00e4\u00e4 5-istuttavan kulmasohvan sek\u00e4 lasikannella varustetun sohvap\u00f6yd\u00e4n. Polyrottinki on laadukasta, s\u00e4\u00e4nkest\u00e4v\u00e4\u00e4 ja huoltovapaata materiaalia. Muhkeat pehmusteet sis\u00e4ltyv\u00e4t toimitukseen. Pehmusteet s\u00e4ilytt\u00e4v\u00e4t parhaiten ominaisuutensa, kun s\u00e4ilyt\u00e4t niit\u00e4 esimerkiksi kuivassa laatikossa silloin kun ne eiv\u00e4t ole k\u00e4yt\u00f6ss\u00e4.<\/p>\n<h4>TUOTTEEN MITAT:<\/h4>\n<ul>\n<li>Korkeus : 62 cm<\/li>\n<li>Syvyys : 72 cm<\/li>\n<li>Istuinkorkeus : 50 cm<\/li>\n<\/ul>\n<h4>TUOTTEEN OMINAISUUDET:<\/h4>\n<ul>\n<li>V\u00e4ri: Harmaa<\/li>\n<li>Materiaali: Ter\u00e4s<\/li>\n<li>Materiaalin tarkenne: Runko polyrottingilla p\u00e4\u00e4llystetty\u00e4 ter\u00e4st\u00e4, pehmusteet polyesteri\u00e4<\/li>\n<li>Henkil\u00f6m\u00e4\u00e4r\u00e4: 5 hl\u00f6\u00e4<\/li>\n<li>Valmiiksi koottu: Ei<\/li>\n<li>Sis\u00e4lt\u00e4\u00e4 pehmusteet: Kyll\u00e4<\/li>\n<li>Hoito-ohjeet: Kes\u00e4kauden p\u00e4\u00e4tytty\u00e4 suosittelemme puutarhakalusteiden s\u00e4ilytt\u00e4mist\u00e4 sis\u00e4tiloissa. Puhdista ja kuivaa huonekalut ennen varastointia. S\u00e4ilyt\u00e4 viile\u00e4ss\u00e4, kuivassa ja hyvin ilmastoidussa tilassa.<\/li>\n<li>Toimitussis\u00e4lt\u00f6: 5-istuttava kulmasohva, sohvap\u00f6yt\u00e4<\/li>\n<li>Sohvan leveys (cm): 192&#215;194<\/li>\n<li>P\u00f6yt\u00e4 (LxKxS): 60x60x60 cm<\/li>\n<\/ul>\n","protected":false},"excerpt":{"rendered":"<p>Oleskeluryhm\u00e4 NAPOLI 5-istuttava kulmasohva + sohvap\u00f6yt\u00e4, harmaa Oleskeluryhm\u00e4 Napoli sis\u00e4lt\u00e4\u00e4 5-istuttavan kulmasohvan sek\u00e4 lasikannella varustetun&#8230;<\/p>\n","protected":false},"featured_media":2800,"template":"","meta":{"_acf_changed":false,"inline_featured_image":false},"product_brand":[],"product_cat":[220,188,347],"product_tag":[],"class_list":{"0":"post-5733","1":"product","2":"type-product","3":"status-publish","4":"has-post-thumbnail","6":"product_cat-piha","7":"product_cat-puutarhakalusteet","8":"product_cat-puutarhakalustesetit","9":"product_shipping_class-eur-fi","11":"first","12":"instock","13":"sale","14":"taxable","15":"shipping-taxable","16":"purchasable","17":"product-type-simple"},"acf":[],"_links":{"self":[{"href":"https:\/\/abpolar.ee\/fi\/wp-json\/wp\/v2\/product\/5733","targetHints":{"allow":["GET"]}}],"collection":[{"href":"https:\/\/abpolar.ee\/fi\/wp-json\/wp\/v2\/product"}],"about":[{"href":"https:\/\/abpolar.ee\/fi\/wp-json\/wp\/v2\/types\/product"}],"wp:featuredmedia":[{"embeddable":true,"href":"https:\/\/abpolar.ee\/fi\/wp-json\/wp\/v2\/media\/2800"}],"wp:attachment":[{"href":"https:\/\/abpolar.ee\/fi\/wp-json\/wp\/v2\/media?parent=5733"}],"wp:term":[{"taxonomy":"product_brand","embeddable":true,"href":"https:\/\/abpolar.ee\/fi\/wp-json\/wp\/v2\/product_brand?post=5733"},{"taxonomy":"product_cat","embeddable":true,"href":"https:\/\/abpolar.ee\/fi\/wp-json\/wp\/v2\/product_cat?post=5733"},{"taxonomy":"product_tag","embeddable":true,"href":"https:\/\/abpolar.ee\/fi\/wp-json\/wp\/v2\/product_tag?post=5733"}],"curies":[{"name":"wp","href":"https:\/\/api.w.org\/{rel}","templated":true}]}}