{"id":5737,"date":"2022-11-16T09:18:12","date_gmt":"2022-11-16T07:18:12","guid":{"rendered":"https:\/\/abpolar-ee.vserver.zonevs.eu\/?post_type=product&#038;p=5737"},"modified":"2023-03-01T12:44:05","modified_gmt":"2023-03-01T10:44:05","slug":"minikasvihuone-harmaa-2","status":"publish","type":"product","link":"https:\/\/abpolar.ee\/fi\/minikasvihuone-harmaa-2\/","title":{"rendered":"Minikasvihuone  harmaa"},"content":{"rendered":"<h2>Minikasvihuone harmaa<\/h2>\n<p>Minikasvihuone sopii hyvin taimi- tai yrttien kasvatukseen.<br \/>\nMuovisessa pienoiskasvihuoneessa on irrotettavat jalat ja kansi s\u00e4\u00e4dett\u00e4vill\u00e4 ilma-aukoilla.<\/p>\n<ul>\n<li>Harjakorkeus (cm): 96<\/li>\n<li>Leveys (cm): 58<\/li>\n<li>Syvyys (cm): 77<\/li>\n<li>Pinta-ala (m\u00b2): 0,4<\/li>\n<li>V\u00e4ri: Harmaa<\/li>\n<li>Materiaali: Muovi<\/li>\n<li>Korkeus: 963 mm<\/li>\n<\/ul>\n","protected":false},"excerpt":{"rendered":"<p>Minikasvihuone harmaa Minikasvihuone sopii hyvin taimi- tai yrttien kasvatukseen. Muovisessa pienoiskasvihuoneessa on irrotettavat jalat ja&#8230;<\/p>\n","protected":false},"featured_media":2655,"template":"","meta":{"_acf_changed":false,"inline_featured_image":false},"product_brand":[],"product_cat":[204,209],"product_tag":[],"class_list":{"0":"post-5737","1":"product","2":"type-product","3":"status-publish","4":"has-post-thumbnail","6":"product_cat-kasvihuoneet","7":"product_cat-minikasvihuoneet","8":"product_shipping_class-pakk-kuni-30kg-fi","10":"first","11":"instock","12":"taxable","13":"shipping-taxable","14":"purchasable","15":"product-type-simple"},"acf":[],"_links":{"self":[{"href":"https:\/\/abpolar.ee\/fi\/wp-json\/wp\/v2\/product\/5737","targetHints":{"allow":["GET"]}}],"collection":[{"href":"https:\/\/abpolar.ee\/fi\/wp-json\/wp\/v2\/product"}],"about":[{"href":"https:\/\/abpolar.ee\/fi\/wp-json\/wp\/v2\/types\/product"}],"wp:featuredmedia":[{"embeddable":true,"href":"https:\/\/abpolar.ee\/fi\/wp-json\/wp\/v2\/media\/2655"}],"wp:attachment":[{"href":"https:\/\/abpolar.ee\/fi\/wp-json\/wp\/v2\/media?parent=5737"}],"wp:term":[{"taxonomy":"product_brand","embeddable":true,"href":"https:\/\/abpolar.ee\/fi\/wp-json\/wp\/v2\/product_brand?post=5737"},{"taxonomy":"product_cat","embeddable":true,"href":"https:\/\/abpolar.ee\/fi\/wp-json\/wp\/v2\/product_cat?post=5737"},{"taxonomy":"product_tag","embeddable":true,"href":"https:\/\/abpolar.ee\/fi\/wp-json\/wp\/v2\/product_tag?post=5737"}],"curies":[{"name":"wp","href":"https:\/\/api.w.org\/{rel}","templated":true}]}}