{"id":5740,"date":"2022-11-16T09:17:38","date_gmt":"2022-11-16T07:17:38","guid":{"rendered":"https:\/\/abpolar-ee.vserver.zonevs.eu\/?post_type=product&#038;p=5740"},"modified":"2023-03-01T12:45:59","modified_gmt":"2023-03-01T10:45:59","slug":"minikasvihuone-nelja-hyllya","status":"publish","type":"product","link":"https:\/\/abpolar.ee\/fi\/minikasvihuone-nelja-hyllya\/","title":{"rendered":"Minikasvihuone nelj\u00e4 hylly\u00e4"},"content":{"rendered":"<h2 class=\"text-xl font-bold leading-6\">Minikasvihuone nelj\u00e4 hylly\u00e4<\/h2>\n<p>Mini-muovikasvihuone nelj\u00e4ll\u00e4 hyllyll\u00e4 mahdolistaa taimien kasvatuksen pieness\u00e4 tilassa<br \/>\nHyllyst\u00f6 on sijoitettavissa pieniin tiloihin, parvekkeelle tai terassille<br \/>\nRunko on ter\u00e4st\u00e4<br \/>\nHelposti kokoonpantava<\/p>\n<ul>\n<li>Harjakorkeus (cm): 155<\/li>\n<li>Leveys (cm): 69<\/li>\n<li>Syvyys (cm): 49<\/li>\n<li>Pinta-ala (m\u00b2): 0,3<\/li>\n<li>V\u00e4ri: Vihre\u00e4<\/li>\n<li>Materiaali: Muovi<\/li>\n<li>Rungon materiaali: Ter\u00e4s<\/li>\n<li>Materiaalin tarkenne: P\u00e4\u00e4llinen l\u00e4pikuultavaa 100% PVC-muovia<\/li>\n<li>Sis\u00e4lt\u00e4\u00e4 sokkelin: Ei<\/li>\n<li>Asennus: Tuulelta suojaisaan paikkaan<\/li>\n<\/ul>\n","protected":false},"excerpt":{"rendered":"<p>Minikasvihuone nelj\u00e4 hylly\u00e4 Mini-muovikasvihuone nelj\u00e4ll\u00e4 hyllyll\u00e4 mahdolistaa taimien kasvatuksen pieness\u00e4 tilassa Hyllyst\u00f6 on sijoitettavissa pieniin&#8230;<\/p>\n","protected":false},"featured_media":2653,"template":"","meta":{"_acf_changed":false,"inline_featured_image":false},"product_brand":[],"product_cat":[204,209],"product_tag":[],"class_list":{"0":"post-5740","1":"product","2":"type-product","3":"status-publish","4":"has-post-thumbnail","6":"product_cat-kasvihuoneet","7":"product_cat-minikasvihuoneet","8":"product_shipping_class-vaike-pakk-fi","10":"first","11":"instock","12":"taxable","13":"shipping-taxable","14":"purchasable","15":"product-type-simple"},"acf":[],"_links":{"self":[{"href":"https:\/\/abpolar.ee\/fi\/wp-json\/wp\/v2\/product\/5740","targetHints":{"allow":["GET"]}}],"collection":[{"href":"https:\/\/abpolar.ee\/fi\/wp-json\/wp\/v2\/product"}],"about":[{"href":"https:\/\/abpolar.ee\/fi\/wp-json\/wp\/v2\/types\/product"}],"wp:featuredmedia":[{"embeddable":true,"href":"https:\/\/abpolar.ee\/fi\/wp-json\/wp\/v2\/media\/2653"}],"wp:attachment":[{"href":"https:\/\/abpolar.ee\/fi\/wp-json\/wp\/v2\/media?parent=5740"}],"wp:term":[{"taxonomy":"product_brand","embeddable":true,"href":"https:\/\/abpolar.ee\/fi\/wp-json\/wp\/v2\/product_brand?post=5740"},{"taxonomy":"product_cat","embeddable":true,"href":"https:\/\/abpolar.ee\/fi\/wp-json\/wp\/v2\/product_cat?post=5740"},{"taxonomy":"product_tag","embeddable":true,"href":"https:\/\/abpolar.ee\/fi\/wp-json\/wp\/v2\/product_tag?post=5740"}],"curies":[{"name":"wp","href":"https:\/\/api.w.org\/{rel}","templated":true}]}}