{"id":5741,"date":"2022-11-17T16:08:29","date_gmt":"2022-11-17T14:08:29","guid":{"rendered":"https:\/\/abpolar-ee.vserver.zonevs.eu\/?post_type=product&#038;p=5741"},"modified":"2023-03-01T12:42:16","modified_gmt":"2023-03-01T10:42:16","slug":"minikasvihuone-100x60x40-30cm-kennolevy","status":"publish","type":"product","link":"https:\/\/abpolar.ee\/fi\/minikasvihuone-100x60x40-30cm-kennolevy\/","title":{"rendered":"Minikasvihuone, 100x60x40\/30cm, kennolevy"},"content":{"rendered":"<h2>Minikasvihuone, 100x60x40\/30cm, kennolevy<\/h2>\n<p>Minikasvihuone on valmistettu kevyist\u00e4 ja kest\u00e4vist\u00e4 4 mm UV-suojatuista polykarbonaattikennolevyist\u00e4.<br \/>\nMinikasvihuone on helppo ja nopea pystytt\u00e4\u00e4.<\/p>\n<ul>\n<li>Harjakorkeus (cm): 40<\/li>\n<li>R\u00e4yst\u00e4skorkeus (cm): 30<\/li>\n<li>Leveys (cm): 100<\/li>\n<li>Syvyys (cm): 60<\/li>\n<li>Materiaali: Polykarbonaatti<\/li>\n<li>Rungon materiaali: Alumiini<\/li>\n<li>Materiaalin tarkenne: 4mm UV-suojatut polykarbonaattilevyt<\/li>\n<li>Sis\u00e4lt\u00e4\u00e4 sokkelin: Ei<\/li>\n<li>Kattoluukkujen lukum\u00e4\u00e4r\u00e4: 1<\/li>\n<\/ul>\n","protected":false},"excerpt":{"rendered":"<p>Minikasvihuone, 100x60x40\/30cm, kennolevy Minikasvihuone on valmistettu kevyist\u00e4 ja kest\u00e4vist\u00e4 4 mm UV-suojatuista polykarbonaattikennolevyist\u00e4. Minikasvihuone on&#8230;<\/p>\n","protected":false},"featured_media":4262,"template":"","meta":{"_acf_changed":false,"inline_featured_image":false},"product_brand":[],"product_cat":[204,209],"product_tag":[],"class_list":{"0":"post-5741","1":"product","2":"type-product","3":"status-publish","4":"has-post-thumbnail","6":"product_cat-kasvihuoneet","7":"product_cat-minikasvihuoneet","8":"product_shipping_class-vaike-pakk-fi","10":"first","11":"instock","12":"taxable","13":"shipping-taxable","14":"purchasable","15":"product-type-simple"},"acf":[],"_links":{"self":[{"href":"https:\/\/abpolar.ee\/fi\/wp-json\/wp\/v2\/product\/5741","targetHints":{"allow":["GET"]}}],"collection":[{"href":"https:\/\/abpolar.ee\/fi\/wp-json\/wp\/v2\/product"}],"about":[{"href":"https:\/\/abpolar.ee\/fi\/wp-json\/wp\/v2\/types\/product"}],"wp:featuredmedia":[{"embeddable":true,"href":"https:\/\/abpolar.ee\/fi\/wp-json\/wp\/v2\/media\/4262"}],"wp:attachment":[{"href":"https:\/\/abpolar.ee\/fi\/wp-json\/wp\/v2\/media?parent=5741"}],"wp:term":[{"taxonomy":"product_brand","embeddable":true,"href":"https:\/\/abpolar.ee\/fi\/wp-json\/wp\/v2\/product_brand?post=5741"},{"taxonomy":"product_cat","embeddable":true,"href":"https:\/\/abpolar.ee\/fi\/wp-json\/wp\/v2\/product_cat?post=5741"},{"taxonomy":"product_tag","embeddable":true,"href":"https:\/\/abpolar.ee\/fi\/wp-json\/wp\/v2\/product_tag?post=5741"}],"curies":[{"name":"wp","href":"https:\/\/api.w.org\/{rel}","templated":true}]}}