{"id":5744,"date":"2022-11-16T09:17:38","date_gmt":"2022-11-16T07:17:38","guid":{"rendered":"https:\/\/abpolar-ee.vserver.zonevs.eu\/?post_type=product&#038;p=5744"},"modified":"2023-03-01T12:38:35","modified_gmt":"2023-03-01T10:38:35","slug":"tunnelikasvihuone-2","status":"publish","type":"product","link":"https:\/\/abpolar.ee\/fi\/tunnelikasvihuone-2\/","title":{"rendered":"Tunnelikasvihuone"},"content":{"rendered":"<h2 class=\"page-title\"><span class=\"base\" data-ui-id=\"page-title-wrapper\">Tunnelikasvihuone, 300x65x45cm, ter\u00e4skaaret, muovikate<\/span><\/h2>\n<p>Kompakti tunnelikasvihuone.<br \/>\nKasvihuoneen p\u00e4\u00e4ll\u00e4 on koko tunnelin p\u00e4\u00e4lt\u00e4 avattava vetoketjullinen kastelu- ja tuuletusaukko, joka tekee kasvutunnelin k\u00e4yt\u00f6n mukavaksi.<br \/>\nKasvihuoneessa on ter\u00e4skaaret ja p\u00e4\u00e4llinen on vahvaa PVC-muovia.<\/p>\n<ul>\n<li>Harjakorkeus (cm): 45<\/li>\n<li>Leveys (cm): 65<\/li>\n<li>Syvyys (cm): 300<\/li>\n<li>Pinta-ala (m\u00b2): 1,95<\/li>\n<li>Materiaali: Muovi<\/li>\n<li>Rungon materiaali: Ter\u00e4s<\/li>\n<li>Materiaalin tarkenne: P\u00e4\u00e4llinen l\u00e4pikuultavaa 100% PVC-muovia paksuus 0,11 mm, ter\u00e4skaarien paksuus 3,5 mm<\/li>\n<li>Sis\u00e4lt\u00e4\u00e4 sokkelin: Ei<\/li>\n<\/ul>\n","protected":false},"excerpt":{"rendered":"<p>Tunnelikasvihuone, 300x65x45cm, ter\u00e4skaaret, muovikate Kompakti tunnelikasvihuone. Kasvihuoneen p\u00e4\u00e4ll\u00e4 on koko tunnelin p\u00e4\u00e4lt\u00e4 avattava vetoketjullinen kastelu-&#8230;<\/p>\n","protected":false},"featured_media":4575,"template":"","meta":{"_acf_changed":false,"inline_featured_image":false},"product_brand":[],"product_cat":[204,206],"product_tag":[],"class_list":{"0":"post-5744","1":"product","2":"type-product","3":"status-publish","4":"has-post-thumbnail","6":"product_cat-kasvihuoneet","7":"product_cat-muovikasvihuoneet","8":"product_shipping_class-vaike-pakk-fi","10":"first","11":"instock","12":"taxable","13":"shipping-taxable","14":"purchasable","15":"product-type-simple"},"acf":[],"_links":{"self":[{"href":"https:\/\/abpolar.ee\/fi\/wp-json\/wp\/v2\/product\/5744","targetHints":{"allow":["GET"]}}],"collection":[{"href":"https:\/\/abpolar.ee\/fi\/wp-json\/wp\/v2\/product"}],"about":[{"href":"https:\/\/abpolar.ee\/fi\/wp-json\/wp\/v2\/types\/product"}],"wp:featuredmedia":[{"embeddable":true,"href":"https:\/\/abpolar.ee\/fi\/wp-json\/wp\/v2\/media\/4575"}],"wp:attachment":[{"href":"https:\/\/abpolar.ee\/fi\/wp-json\/wp\/v2\/media?parent=5744"}],"wp:term":[{"taxonomy":"product_brand","embeddable":true,"href":"https:\/\/abpolar.ee\/fi\/wp-json\/wp\/v2\/product_brand?post=5744"},{"taxonomy":"product_cat","embeddable":true,"href":"https:\/\/abpolar.ee\/fi\/wp-json\/wp\/v2\/product_cat?post=5744"},{"taxonomy":"product_tag","embeddable":true,"href":"https:\/\/abpolar.ee\/fi\/wp-json\/wp\/v2\/product_tag?post=5744"}],"curies":[{"name":"wp","href":"https:\/\/api.w.org\/{rel}","templated":true}]}}