{"id":5745,"date":"2022-11-17T16:09:28","date_gmt":"2022-11-17T14:09:28","guid":{"rendered":"https:\/\/abpolar-ee.vserver.zonevs.eu\/?post_type=product&#038;p=5745"},"modified":"2023-07-12T21:53:48","modified_gmt":"2023-07-12T18:53:48","slug":"ruokailuryhma-ab-polar-malaga-o100cm-poyta-4-tuolia-musta","status":"publish","type":"product","link":"https:\/\/abpolar.ee\/fi\/ruokailuryhma-ab-polar-malaga-o100cm-poyta-4-tuolia-musta\/","title":{"rendered":"Ruokailuryhm\u00e4 AB Polar Malaga, \u00f8100cm p\u00f6yt\u00e4 + 4 tuolia, musta"},"content":{"rendered":"<h2 class=\"page-title\"><span class=\"base\" data-ui-id=\"page-title-wrapper\">Ruokailuryhm\u00e4 AB Polar Malaga, \u00f8100cm p\u00f6yt\u00e4 + 4 tuolia, musta<\/span><\/h2>\n<p>Ruokailuryhm\u00e4 Malaga on ter\u00e4srungolla varustettu kokonaisuus, joka kest\u00e4\u00e4 hyvin vaihtelevia s\u00e4\u00e4olosuhteita. Ryhm\u00e4\u00e4n kuuluu py\u00f6re\u00e4 p\u00f6yt\u00e4 ja 4 tuolia. P\u00f6yt\u00e4 on p\u00e4\u00e4llystetty 5 mm karkaistulla lasilla. P\u00f6yd\u00e4n keskell\u00e4 on halkaisijaltaan 5 cm reik\u00e4 aurinkovarjolle. Tuolien istuinosa ja selk\u00e4noja ovat s\u00e4\u00e4nkest\u00e4v\u00e4 ja hengitt\u00e4v\u00e4 kangasta. Tuolin painoraja on 120 kg.<\/p>\n<h4>TUOTTEEN OMINAISUUDET:<\/h4>\n<ul>\n<li>V\u00e4ri: Musta<\/li>\n<li>Materiaali: Tekstiili<\/li>\n<li>Materiaalin tarkenne: p\u00f6yt\u00e4levy karkaistua lasia, runko ter\u00e4st\u00e4, tuolin istuinosa ja selk\u00e4noja kangasta<\/li>\n<li>Henkil\u00f6m\u00e4\u00e4r\u00e4: 4 hl\u00f6\u00e4<\/li>\n<li>K\u00e4sinojat: Kyll\u00e4<\/li>\n<li>Jatkettava: Ei<\/li>\n<li>Kokoontaittuva: Ei<\/li>\n<li>Pinottava: Kyll\u00e4<\/li>\n<li>Valmiiksi koottu: Ei<\/li>\n<li>Toimitussis\u00e4lt\u00f6: P\u00f6yt\u00e4 ja 4 tuolia<\/li>\n<li>P\u00f6yd\u00e4n mitat (LxSxK): \u00f8100&#215;70 cm<\/li>\n<li>Tuolin mitat (LxSxK): 54x65x90 cm<\/li>\n<\/ul>\n<p>&nbsp;<\/p>\n","protected":false},"excerpt":{"rendered":"<p>Ruokailuryhm\u00e4 AB Polar Malaga, \u00f8100cm p\u00f6yt\u00e4 + 4 tuolia, musta Ruokailuryhm\u00e4 Malaga on ter\u00e4srungolla varustettu&#8230;<\/p>\n","protected":false},"featured_media":4810,"template":"","meta":{"_acf_changed":false,"inline_featured_image":false},"product_brand":[],"product_cat":[220,188,347],"product_tag":[],"class_list":{"0":"post-5745","1":"product","2":"type-product","3":"status-publish","4":"has-post-thumbnail","6":"product_cat-piha","7":"product_cat-puutarhakalusteet","8":"product_cat-puutarhakalustesetit","10":"first","11":"instock","12":"sale","13":"taxable","14":"shipping-taxable","15":"purchasable","16":"product-type-simple"},"acf":[],"_links":{"self":[{"href":"https:\/\/abpolar.ee\/fi\/wp-json\/wp\/v2\/product\/5745","targetHints":{"allow":["GET"]}}],"collection":[{"href":"https:\/\/abpolar.ee\/fi\/wp-json\/wp\/v2\/product"}],"about":[{"href":"https:\/\/abpolar.ee\/fi\/wp-json\/wp\/v2\/types\/product"}],"wp:featuredmedia":[{"embeddable":true,"href":"https:\/\/abpolar.ee\/fi\/wp-json\/wp\/v2\/media\/4810"}],"wp:attachment":[{"href":"https:\/\/abpolar.ee\/fi\/wp-json\/wp\/v2\/media?parent=5745"}],"wp:term":[{"taxonomy":"product_brand","embeddable":true,"href":"https:\/\/abpolar.ee\/fi\/wp-json\/wp\/v2\/product_brand?post=5745"},{"taxonomy":"product_cat","embeddable":true,"href":"https:\/\/abpolar.ee\/fi\/wp-json\/wp\/v2\/product_cat?post=5745"},{"taxonomy":"product_tag","embeddable":true,"href":"https:\/\/abpolar.ee\/fi\/wp-json\/wp\/v2\/product_tag?post=5745"}],"curies":[{"name":"wp","href":"https:\/\/api.w.org\/{rel}","templated":true}]}}