{"id":5748,"date":"2022-11-17T16:09:27","date_gmt":"2022-11-17T14:09:27","guid":{"rendered":"https:\/\/abpolar-ee.vserver.zonevs.eu\/?post_type=product&#038;p=5748"},"modified":"2023-07-28T19:16:38","modified_gmt":"2023-07-28T16:16:38","slug":"poyta-malaga-100x100cm-musta","status":"publish","type":"product","link":"https:\/\/abpolar.ee\/fi\/poyta-malaga-100x100cm-musta\/","title":{"rendered":"P\u00f6yt\u00e4 Malaga, 100x100cm, musta"},"content":{"rendered":"<h2>P\u00f6yt\u00e4 Malaga, 100x100cm, musta<\/h2>\n<p>P\u00f6yt\u00e4 AB Polar on laadukas ja tyylik\u00e4s ter\u00e4srungolla ja lasisella p\u00f6yt\u00e4levyll\u00e4 varustettu p\u00f6yt\u00e4, joka sopii niin puutarhaan kuin terassillekin. P\u00f6yd\u00e4n keskell\u00e4 on halkaisijaltaan 5 cm reik\u00e4 aurinkovarjolle.<\/p>\n<h4><strong>TUOTTEEN MITAT:<\/strong><\/h4>\n<ul>\n<li><strong>Korkeus : 70 cm<\/strong><\/li>\n<li><strong>Leveys : 100 cm<\/strong><\/li>\n<li><strong>Syvyys : 100 cm<\/strong><\/li>\n<li><strong>Tuotteen paino : 19 kg<\/strong><\/li>\n<\/ul>\n<h4>TUOTTEEN OMINAISUUDET:<\/h4>\n<ul>\n<li>V\u00e4ri: Musta<\/li>\n<li>Materiaali: Ter\u00e4s<\/li>\n<li>Materiaalin tarkenne: runko ter\u00e4st\u00e4, p\u00f6yt\u00e4levy karkaistua lasia<\/li>\n<li>Jatkettava: Ei<\/li>\n<li>Kokoontaittuva: Ei<\/li>\n<li>Valmiiksi koottu: Ei<\/li>\n<li>P\u00f6yt\u00e4levy 5 mm karkaistua lasia<\/li>\n<li>Aurinkovarjon reik\u00e4: 5 cm<\/li>\n<\/ul>\n<p>&nbsp;<\/p>\n","protected":false},"excerpt":{"rendered":"<p>P\u00f6yt\u00e4 Malaga, 100x100cm, musta P\u00f6yt\u00e4 AB Polar on laadukas ja tyylik\u00e4s ter\u00e4srungolla ja lasisella p\u00f6yt\u00e4levyll\u00e4&#8230;<\/p>\n","protected":false},"featured_media":2902,"template":"","meta":{"_acf_changed":false,"inline_featured_image":false},"product_brand":[],"product_cat":[220,188,350],"product_tag":[],"class_list":{"0":"post-5748","1":"product","2":"type-product","3":"status-publish","4":"has-post-thumbnail","6":"product_cat-piha","7":"product_cat-puutarhakalusteet","8":"product_cat-puutarhapoydat","9":"product_shipping_class-pakk-kuni-30kg-fi","11":"first","12":"instock","13":"sale","14":"taxable","15":"shipping-taxable","16":"purchasable","17":"product-type-simple"},"acf":[],"_links":{"self":[{"href":"https:\/\/abpolar.ee\/fi\/wp-json\/wp\/v2\/product\/5748","targetHints":{"allow":["GET"]}}],"collection":[{"href":"https:\/\/abpolar.ee\/fi\/wp-json\/wp\/v2\/product"}],"about":[{"href":"https:\/\/abpolar.ee\/fi\/wp-json\/wp\/v2\/types\/product"}],"wp:featuredmedia":[{"embeddable":true,"href":"https:\/\/abpolar.ee\/fi\/wp-json\/wp\/v2\/media\/2902"}],"wp:attachment":[{"href":"https:\/\/abpolar.ee\/fi\/wp-json\/wp\/v2\/media?parent=5748"}],"wp:term":[{"taxonomy":"product_brand","embeddable":true,"href":"https:\/\/abpolar.ee\/fi\/wp-json\/wp\/v2\/product_brand?post=5748"},{"taxonomy":"product_cat","embeddable":true,"href":"https:\/\/abpolar.ee\/fi\/wp-json\/wp\/v2\/product_cat?post=5748"},{"taxonomy":"product_tag","embeddable":true,"href":"https:\/\/abpolar.ee\/fi\/wp-json\/wp\/v2\/product_tag?post=5748"}],"curies":[{"name":"wp","href":"https:\/\/api.w.org\/{rel}","templated":true}]}}