{"id":5750,"date":"2022-11-17T16:08:29","date_gmt":"2022-11-17T14:08:29","guid":{"rendered":"https:\/\/abpolar-ee.vserver.zonevs.eu\/?post_type=product&#038;p=5750"},"modified":"2023-07-28T19:16:52","modified_gmt":"2023-07-28T16:16:52","slug":"taittopoyta-180x74x74cm-terasjalat","status":"publish","type":"product","link":"https:\/\/abpolar.ee\/fi\/taittopoyta-180x74x74cm-terasjalat\/","title":{"rendered":"Taittop\u00f6yt\u00e4, 180x74x74cm, ter\u00e4sjalat"},"content":{"rendered":"<h2>Taittop\u00f6yt\u00e4, 180x74x74cm, ter\u00e4sjalat<\/h2>\n<p>Tyylik\u00e4s ja kevyt taittop\u00f6yt\u00e4, jossa on ter\u00e4ksisist\u00e4 putkista valmistettu jalat ja 4,3cm HDPE-p\u00f6yt\u00e4levy. Valkoinen tukevarakenteinen taittop\u00f6yt\u00e4 sopii moneen tilaan ja tilanteeseen. Helppo kasata ja koota.<\/p>\n<p>&nbsp;<\/p>\n<h4>TUOTTEEN MITAT:<\/h4>\n<ul>\n<li>Korkeus : 74 cm<\/li>\n<li>Leveys : 180 cm<\/li>\n<li>Syvyys : 74 cm<\/li>\n<\/ul>\n<h4>TUOTTEEN OMINAISUUDET:<\/h4>\n<ul>\n<li>Materiaali: Muovi<\/li>\n<li>Henkil\u00f6m\u00e4\u00e4r\u00e4: 6 hl\u00f6\u00e4<\/li>\n<li>Valmiiksi koottu: Ei<\/li>\n<li>Mitat: 74 x 74 x 180 cm<\/li>\n<li>Mitat (taitettuna): 91 x 75 x 8cm<\/li>\n<li>Jalat ter\u00e4sputkea \u00f825*1,0mm<\/li>\n<li>P\u00f6yt\u00e4levyn paksuus: 4,3 cm<\/li>\n<\/ul>\n","protected":false},"excerpt":{"rendered":"<p>Taittop\u00f6yt\u00e4, 180x74x74cm, ter\u00e4sjalat Tyylik\u00e4s ja kevyt taittop\u00f6yt\u00e4, jossa on ter\u00e4ksisist\u00e4 putkista valmistettu jalat ja 4,3cm&#8230;<\/p>\n","protected":false},"featured_media":2894,"template":"","meta":{"_acf_changed":false,"inline_featured_image":false},"product_brand":[],"product_cat":[224,220,188,350],"product_tag":[],"class_list":{"0":"post-5750","1":"product","2":"type-product","3":"status-publish","4":"has-post-thumbnail","6":"product_cat-loytolaatikko","7":"product_cat-piha","8":"product_cat-puutarhakalusteet","9":"product_cat-puutarhapoydat","10":"product_shipping_class-vaike-pakk-fi","12":"first","13":"instock","14":"taxable","15":"shipping-taxable","16":"purchasable","17":"product-type-simple"},"acf":[],"_links":{"self":[{"href":"https:\/\/abpolar.ee\/fi\/wp-json\/wp\/v2\/product\/5750","targetHints":{"allow":["GET"]}}],"collection":[{"href":"https:\/\/abpolar.ee\/fi\/wp-json\/wp\/v2\/product"}],"about":[{"href":"https:\/\/abpolar.ee\/fi\/wp-json\/wp\/v2\/types\/product"}],"wp:featuredmedia":[{"embeddable":true,"href":"https:\/\/abpolar.ee\/fi\/wp-json\/wp\/v2\/media\/2894"}],"wp:attachment":[{"href":"https:\/\/abpolar.ee\/fi\/wp-json\/wp\/v2\/media?parent=5750"}],"wp:term":[{"taxonomy":"product_brand","embeddable":true,"href":"https:\/\/abpolar.ee\/fi\/wp-json\/wp\/v2\/product_brand?post=5750"},{"taxonomy":"product_cat","embeddable":true,"href":"https:\/\/abpolar.ee\/fi\/wp-json\/wp\/v2\/product_cat?post=5750"},{"taxonomy":"product_tag","embeddable":true,"href":"https:\/\/abpolar.ee\/fi\/wp-json\/wp\/v2\/product_tag?post=5750"}],"curies":[{"name":"wp","href":"https:\/\/api.w.org\/{rel}","templated":true}]}}