{"id":5751,"date":"2022-11-17T16:08:44","date_gmt":"2022-11-17T14:08:44","guid":{"rendered":"https:\/\/abpolar-ee.vserver.zonevs.eu\/?post_type=product&#038;p=5751"},"modified":"2025-11-06T20:58:56","modified_gmt":"2025-11-06T18:58:56","slug":"kokoontaitettava-poyta-80cm-valkoinen","status":"publish","type":"product","link":"https:\/\/abpolar.ee\/fi\/kokoontaitettava-poyta-80cm-valkoinen\/","title":{"rendered":"Kokoontaitettava p\u00f6yt\u00e4, 80cm, valkoinen"},"content":{"rendered":"<h2>Kokoontaitettava p\u00f6yt\u00e4, 80cm, valkoinen<\/h2>\n<p>K\u00e4tev\u00e4 ja v\u00e4h\u00e4n s\u00e4ilytystilaa viev\u00e4 py\u00f6re\u00e4 kokoontaitettava p\u00f6yt\u00e4. P\u00f6yt\u00e4levyn halkaisija on 80cm, p\u00f6yd\u00e4n korkeus 74cm. Valkoinen taso on HDPE-muovia ja jalat ter\u00e4st\u00e4. P\u00f6yt\u00e4 on eritt\u00e4in helppo ottaa mukaan ja se vie vain v\u00e4h\u00e4n varastotilaa.<\/p>\n<h4>TUOTTEEN MITAT:<\/h4>\n<ul>\n<li><strong>Korkeus : 75 cm<\/strong><\/li>\n<li><strong>Halkaisija : 80 cm<\/strong><\/li>\n<li><strong>Tuotteen paino : 7,5 cm<\/strong><\/li>\n<\/ul>\n<h4>TUOTTEEN OMINAISUUDET:<\/h4>\n<ul>\n<li>V\u00e4ri: Harmaa, Valkoinen<\/li>\n<li>Materiaali: Muovi<\/li>\n<li>Henkil\u00f6m\u00e4\u00e4r\u00e4: 2 hl\u00f6\u00e4<\/li>\n<li>Kokoontaittuva: Kyll\u00e4<\/li>\n<li>Valmiiksi koottu: Ei<\/li>\n<li>P\u00f6yt\u00e4levyn halkaisija: 80 cm<\/li>\n<li>Mitat (taitettuna): 105 x 82 x 5,5 cm<\/li>\n<li>Jalat ter\u00e4sputkea<\/li>\n<li>HDPE-p\u00f6yt\u00e4levyn paksuus: 4,5 cm<\/li>\n<\/ul>\n","protected":false},"excerpt":{"rendered":"<p>Kokoontaitettava p\u00f6yt\u00e4, 80cm, valkoinen K\u00e4tev\u00e4 ja v\u00e4h\u00e4n s\u00e4ilytystilaa viev\u00e4 py\u00f6re\u00e4 kokoontaitettava p\u00f6yt\u00e4. P\u00f6yt\u00e4levyn halkaisija on&#8230;<\/p>\n","protected":false},"featured_media":2890,"template":"","meta":{"_acf_changed":false,"inline_featured_image":false},"product_brand":[],"product_cat":[220,188,350],"product_tag":[],"class_list":{"0":"post-5751","1":"product","2":"type-product","3":"status-publish","4":"has-post-thumbnail","6":"product_cat-piha","7":"product_cat-puutarhakalusteet","8":"product_cat-puutarhapoydat","9":"product_shipping_class-pakk-kuni-30kg-fi","11":"first","12":"instock","13":"taxable","14":"shipping-taxable","15":"purchasable","16":"product-type-simple"},"acf":[],"_links":{"self":[{"href":"https:\/\/abpolar.ee\/fi\/wp-json\/wp\/v2\/product\/5751","targetHints":{"allow":["GET"]}}],"collection":[{"href":"https:\/\/abpolar.ee\/fi\/wp-json\/wp\/v2\/product"}],"about":[{"href":"https:\/\/abpolar.ee\/fi\/wp-json\/wp\/v2\/types\/product"}],"wp:featuredmedia":[{"embeddable":true,"href":"https:\/\/abpolar.ee\/fi\/wp-json\/wp\/v2\/media\/2890"}],"wp:attachment":[{"href":"https:\/\/abpolar.ee\/fi\/wp-json\/wp\/v2\/media?parent=5751"}],"wp:term":[{"taxonomy":"product_brand","embeddable":true,"href":"https:\/\/abpolar.ee\/fi\/wp-json\/wp\/v2\/product_brand?post=5751"},{"taxonomy":"product_cat","embeddable":true,"href":"https:\/\/abpolar.ee\/fi\/wp-json\/wp\/v2\/product_cat?post=5751"},{"taxonomy":"product_tag","embeddable":true,"href":"https:\/\/abpolar.ee\/fi\/wp-json\/wp\/v2\/product_tag?post=5751"}],"curies":[{"name":"wp","href":"https:\/\/api.w.org\/{rel}","templated":true}]}}