{"id":5757,"date":"2022-11-17T16:08:28","date_gmt":"2022-11-17T14:08:28","guid":{"rendered":"https:\/\/abpolar-ee.vserver.zonevs.eu\/?post_type=product&#038;p=5757"},"modified":"2023-03-01T12:34:45","modified_gmt":"2023-03-01T10:34:45","slug":"muovikasvihuone-pro-8m2","status":"publish","type":"product","link":"https:\/\/abpolar.ee\/fi\/muovikasvihuone-pro-8m2\/","title":{"rendered":"Muovikasvihuone PRO 8m2"},"content":{"rendered":"<h2>Muovikasvihuone PRO 8m2<\/h2>\n<p>Kest\u00e4v\u00e4 ja helposti koottava PRO 8m\u00b2-kaarikasvihuone sinkityll\u00e4 ter\u00e4srungolla.<\/p>\n<ul>\n<li>Harjakorkeus (cm): 200<\/li>\n<li>Leveys (cm): 200<\/li>\n<li>Syvyys (cm): 400<\/li>\n<li>Pinta-ala (m\u00b2): 8<\/li>\n<li>V\u00e4ri: Vihre\u00e4<\/li>\n<li>Materiaali: Muovi<\/li>\n<li>Rungon materiaali: Ter\u00e4s<\/li>\n<li>Materiaalin tarkenne: Runko sinkitty ter\u00e4st\u00e4 24&#215;0,8 mm putkilla ja pulttiliitoksilla + kulmissa vinotuet, kate 140 g\/m\u00b2 PE UV-suojattu polyeteeniverkko<\/li>\n<li>Kattoluukkujen lukum\u00e4\u00e4r\u00e4: 6<\/li>\n<li>Oviaukko ja 6 tuuletusaukkoa<\/li>\n<\/ul>\n<p>&nbsp;<\/p>\n","protected":false},"excerpt":{"rendered":"<p>Muovikasvihuone PRO 8m2 Kest\u00e4v\u00e4 ja helposti koottava PRO 8m\u00b2-kaarikasvihuone sinkityll\u00e4 ter\u00e4srungolla. Harjakorkeus (cm): 200 Leveys&#8230;<\/p>\n","protected":false},"featured_media":3456,"template":"","meta":{"_acf_changed":false,"inline_featured_image":false},"product_brand":[],"product_cat":[204,206],"product_tag":[],"class_list":{"0":"post-5757","1":"product","2":"type-product","3":"status-publish","4":"has-post-thumbnail","6":"product_cat-kasvihuoneet","7":"product_cat-muovikasvihuoneet","8":"product_shipping_class-pakk-kuni-30kg-fi","10":"first","11":"instock","12":"sale","13":"taxable","14":"shipping-taxable","15":"purchasable","16":"product-type-simple"},"acf":[],"_links":{"self":[{"href":"https:\/\/abpolar.ee\/fi\/wp-json\/wp\/v2\/product\/5757","targetHints":{"allow":["GET"]}}],"collection":[{"href":"https:\/\/abpolar.ee\/fi\/wp-json\/wp\/v2\/product"}],"about":[{"href":"https:\/\/abpolar.ee\/fi\/wp-json\/wp\/v2\/types\/product"}],"wp:featuredmedia":[{"embeddable":true,"href":"https:\/\/abpolar.ee\/fi\/wp-json\/wp\/v2\/media\/3456"}],"wp:attachment":[{"href":"https:\/\/abpolar.ee\/fi\/wp-json\/wp\/v2\/media?parent=5757"}],"wp:term":[{"taxonomy":"product_brand","embeddable":true,"href":"https:\/\/abpolar.ee\/fi\/wp-json\/wp\/v2\/product_brand?post=5757"},{"taxonomy":"product_cat","embeddable":true,"href":"https:\/\/abpolar.ee\/fi\/wp-json\/wp\/v2\/product_cat?post=5757"},{"taxonomy":"product_tag","embeddable":true,"href":"https:\/\/abpolar.ee\/fi\/wp-json\/wp\/v2\/product_tag?post=5757"}],"curies":[{"name":"wp","href":"https:\/\/api.w.org\/{rel}","templated":true}]}}