{"id":5767,"date":"2022-11-16T09:17:47","date_gmt":"2022-11-16T07:17:47","guid":{"rendered":"https:\/\/abpolar-ee.vserver.zonevs.eu\/?post_type=product&#038;p=5767"},"modified":"2023-03-01T12:24:00","modified_gmt":"2023-03-01T10:24:00","slug":"automaattinen-kastelujarjestelma-kasvihuoneeseen","status":"publish","type":"product","link":"https:\/\/abpolar.ee\/fi\/automaattinen-kastelujarjestelma-kasvihuoneeseen\/","title":{"rendered":"Automaattinen kasteluj\u00e4rjestelm\u00e4 kasvihuoneeseen"},"content":{"rendered":"<h2>Automaattinen kasteluj\u00e4rjestelm\u00e4 kasvihuoneeseen<\/h2>\n<p>Automaattinen kasteluj\u00e4rjestelm\u00e4 sopii jopa 10 m\u00b2 kasvihuoneiden, kukkapenkkien ja parvekekukkien kasteluun.<\/p>\n<p>Kasteluj\u00e4rjestelm\u00e4 on varustettu ajastimella ja mikrosuuttimilla, yhdistet\u00e4\u00e4n suoraan vesij\u00e4rjestelm\u00e4\u00e4n. Helppo asentaa.<\/p>\n<p><strong>Setti si\u00e4lt\u00e4\u00e4:<\/strong><\/p>\n<ul>\n<li>Ohjelmoitava digiajastin<\/li>\n<li>3\/4\u20131\/2 hanaliitt\u00e4nt\u00e4<\/li>\n<li>20 m 1\/2 letku<\/li>\n<li>5 pikaliitt\u00e4nt\u00e4<\/li>\n<li>8 sadetinpiikki\u00e4 ja sadetinta<\/li>\n<li>Porakone sadetin asennukseen<\/li>\n<\/ul>\n","protected":false},"excerpt":{"rendered":"<p>Automaattinen kasteluj\u00e4rjestelm\u00e4 kasvihuoneeseen Automaattinen kasteluj\u00e4rjestelm\u00e4 sopii jopa 10 m\u00b2 kasvihuoneiden, kukkapenkkien ja parvekekukkien kasteluun. Kasteluj\u00e4rjestelm\u00e4&#8230;<\/p>\n","protected":false},"featured_media":4775,"template":"","meta":{"_acf_changed":false,"inline_featured_image":false},"product_brand":[],"product_cat":[207],"product_tag":[],"class_list":{"0":"post-5767","1":"product","2":"type-product","3":"status-publish","4":"has-post-thumbnail","6":"product_cat-kasvihuoneiden-lisatarvikkeet","7":"product_shipping_class-vaike-pakk-fi","9":"first","10":"outofstock","11":"taxable","12":"shipping-taxable","13":"purchasable","14":"product-type-simple"},"acf":[],"_links":{"self":[{"href":"https:\/\/abpolar.ee\/fi\/wp-json\/wp\/v2\/product\/5767","targetHints":{"allow":["GET"]}}],"collection":[{"href":"https:\/\/abpolar.ee\/fi\/wp-json\/wp\/v2\/product"}],"about":[{"href":"https:\/\/abpolar.ee\/fi\/wp-json\/wp\/v2\/types\/product"}],"wp:featuredmedia":[{"embeddable":true,"href":"https:\/\/abpolar.ee\/fi\/wp-json\/wp\/v2\/media\/4775"}],"wp:attachment":[{"href":"https:\/\/abpolar.ee\/fi\/wp-json\/wp\/v2\/media?parent=5767"}],"wp:term":[{"taxonomy":"product_brand","embeddable":true,"href":"https:\/\/abpolar.ee\/fi\/wp-json\/wp\/v2\/product_brand?post=5767"},{"taxonomy":"product_cat","embeddable":true,"href":"https:\/\/abpolar.ee\/fi\/wp-json\/wp\/v2\/product_cat?post=5767"},{"taxonomy":"product_tag","embeddable":true,"href":"https:\/\/abpolar.ee\/fi\/wp-json\/wp\/v2\/product_tag?post=5767"}],"curies":[{"name":"wp","href":"https:\/\/api.w.org\/{rel}","templated":true}]}}