{"id":5768,"date":"2022-11-16T09:18:20","date_gmt":"2022-11-16T07:18:20","guid":{"rendered":"https:\/\/abpolar-ee.vserver.zonevs.eu\/?post_type=product&#038;p=5768"},"modified":"2025-07-25T13:50:43","modified_gmt":"2025-07-25T10:50:43","slug":"sadetusjarjestelma-lisata","status":"publish","type":"product","link":"https:\/\/abpolar.ee\/fi\/sadetusjarjestelma-lisata\/","title":{"rendered":"Sadetusj\u00e4rjestelm\u00e4 lis\u00e4ta"},"content":{"rendered":"<h2 id=\"tw-target-text\" class=\"tw-data-text tw-text-large tw-ta\" dir=\"ltr\" data-placeholder=\"T\u00f5lge\"><span class=\"Y2IQFc\" lang=\"fi\">Sadetusj\u00e4rjestelm\u00e4 lis\u00e4ta<\/span><\/h2>\n<p id=\"tw-target-text\" class=\"tw-data-text tw-text-large tw-ta\" dir=\"ltr\" data-placeholder=\"T\u00f5lge\"><span class=\"Y2IQFc\" lang=\"fi\">Kasteluj\u00e4rjestelm\u00e4 soveltuu kasvihuoneiden, penkkien ja parvekkeella kasvavien kukkien kasteluun.<br \/>\nKasteluj\u00e4rjestelm\u00e4 on varustettu tiputusj\u00e4rjestelm\u00e4ll\u00e4, joka on liitetty painevesij\u00e4rjestelm\u00e4\u00e4n.<br \/>\nKasteluj\u00e4rjestelm\u00e4 on helppo asentaa ja pystytt\u00e4\u00e4 ja mahdollistaa kastelun.<br \/>\nAjastin ei sis\u00e4lly hintaan<br \/>\nSopii lis\u00e4n\u00e4 automaattiseen kasteluj\u00e4rjestelm\u00e4\u00e4n<\/span><\/p>\n","protected":false},"excerpt":{"rendered":"<p>Sadetusj\u00e4rjestelm\u00e4 lis\u00e4ta Kasteluj\u00e4rjestelm\u00e4 soveltuu kasvihuoneiden, penkkien ja parvekkeella kasvavien kukkien kasteluun. Kasteluj\u00e4rjestelm\u00e4 on varustettu tiputusj\u00e4rjestelm\u00e4ll\u00e4,&#8230;<\/p>\n","protected":false},"featured_media":2628,"template":"","meta":{"_acf_changed":false,"inline_featured_image":false},"product_brand":[],"product_cat":[204,207],"product_tag":[],"class_list":{"0":"post-5768","1":"product","2":"type-product","3":"status-publish","4":"has-post-thumbnail","6":"product_cat-kasvihuoneet","7":"product_cat-kasvihuoneiden-lisatarvikkeet","8":"product_shipping_class-vaike-pakk-fi","10":"first","11":"instock","12":"taxable","13":"shipping-taxable","14":"purchasable","15":"product-type-simple"},"acf":[],"_links":{"self":[{"href":"https:\/\/abpolar.ee\/fi\/wp-json\/wp\/v2\/product\/5768","targetHints":{"allow":["GET"]}}],"collection":[{"href":"https:\/\/abpolar.ee\/fi\/wp-json\/wp\/v2\/product"}],"about":[{"href":"https:\/\/abpolar.ee\/fi\/wp-json\/wp\/v2\/types\/product"}],"wp:featuredmedia":[{"embeddable":true,"href":"https:\/\/abpolar.ee\/fi\/wp-json\/wp\/v2\/media\/2628"}],"wp:attachment":[{"href":"https:\/\/abpolar.ee\/fi\/wp-json\/wp\/v2\/media?parent=5768"}],"wp:term":[{"taxonomy":"product_brand","embeddable":true,"href":"https:\/\/abpolar.ee\/fi\/wp-json\/wp\/v2\/product_brand?post=5768"},{"taxonomy":"product_cat","embeddable":true,"href":"https:\/\/abpolar.ee\/fi\/wp-json\/wp\/v2\/product_cat?post=5768"},{"taxonomy":"product_tag","embeddable":true,"href":"https:\/\/abpolar.ee\/fi\/wp-json\/wp\/v2\/product_tag?post=5768"}],"curies":[{"name":"wp","href":"https:\/\/api.w.org\/{rel}","templated":true}]}}