{"id":5772,"date":"2022-11-16T09:17:38","date_gmt":"2022-11-16T07:17:38","guid":{"rendered":"https:\/\/abpolar-ee.vserver.zonevs.eu\/?post_type=product&#038;p=5772"},"modified":"2023-03-01T11:42:57","modified_gmt":"2023-03-01T09:42:57","slug":"vahvistettu-kasvihuonekalvo-395x50m-1975m2","status":"publish","type":"product","link":"https:\/\/abpolar.ee\/fi\/vahvistettu-kasvihuonekalvo-395x50m-1975m2\/","title":{"rendered":"Vahvistettu kasvihuonekalvo 3,95x50m (197,5m2)"},"content":{"rendered":"<h2 class=\"tw-data-text tw-text-large tw-ta\" dir=\"ltr\" data-placeholder=\"T\u00f5lge\"><span class=\"Y2IQFc\" lang=\"fi\">Vahvistettu kasvihuonekalvo <\/span>3,95x50m (197,5m2)<\/h2>\n<p id=\"tw-target-text\" class=\"tw-data-text tw-text-large tw-ta\" dir=\"ltr\" data-placeholder=\"T\u00f5lge\"><span class=\"Y2IQFc\" lang=\"fi\">Vahvistettu kasvihuonekalvo \u2013 telinepeite on l\u00e4pin\u00e4kyv\u00e4 kalvo, jota voidaan k\u00e4ytt\u00e4\u00e4 kasvihuoneissa tai telineiss\u00e4.<br \/>\nKalvon reunoilla on 5 cm vahvikenauha<br \/>\nKannen paino: 145g\/m2<\/span><\/p>\n","protected":false},"excerpt":{"rendered":"<p>Vahvistettu kasvihuonekalvo 3,95x50m (197,5m2) Vahvistettu kasvihuonekalvo \u2013 telinepeite on l\u00e4pin\u00e4kyv\u00e4 kalvo, jota voidaan k\u00e4ytt\u00e4\u00e4 kasvihuoneissa&#8230;<\/p>\n","protected":false},"featured_media":2667,"template":"","meta":{"_acf_changed":false,"inline_featured_image":false},"product_brand":[],"product_cat":[208,224],"product_tag":[],"class_list":{"0":"post-5772","1":"product","2":"type-product","3":"status-publish","4":"has-post-thumbnail","6":"product_cat-kasvihuonekalvot","7":"product_cat-loytolaatikko","8":"product_shipping_class-pakk-kuni-30kg-fi","10":"first","11":"instock","12":"sale","13":"taxable","14":"shipping-taxable","15":"purchasable","16":"product-type-simple"},"acf":[],"_links":{"self":[{"href":"https:\/\/abpolar.ee\/fi\/wp-json\/wp\/v2\/product\/5772","targetHints":{"allow":["GET"]}}],"collection":[{"href":"https:\/\/abpolar.ee\/fi\/wp-json\/wp\/v2\/product"}],"about":[{"href":"https:\/\/abpolar.ee\/fi\/wp-json\/wp\/v2\/types\/product"}],"wp:featuredmedia":[{"embeddable":true,"href":"https:\/\/abpolar.ee\/fi\/wp-json\/wp\/v2\/media\/2667"}],"wp:attachment":[{"href":"https:\/\/abpolar.ee\/fi\/wp-json\/wp\/v2\/media?parent=5772"}],"wp:term":[{"taxonomy":"product_brand","embeddable":true,"href":"https:\/\/abpolar.ee\/fi\/wp-json\/wp\/v2\/product_brand?post=5772"},{"taxonomy":"product_cat","embeddable":true,"href":"https:\/\/abpolar.ee\/fi\/wp-json\/wp\/v2\/product_cat?post=5772"},{"taxonomy":"product_tag","embeddable":true,"href":"https:\/\/abpolar.ee\/fi\/wp-json\/wp\/v2\/product_tag?post=5772"}],"curies":[{"name":"wp","href":"https:\/\/api.w.org\/{rel}","templated":true}]}}