{"id":5773,"date":"2022-11-16T09:17:25","date_gmt":"2022-11-16T07:17:25","guid":{"rendered":"https:\/\/abpolar-ee.vserver.zonevs.eu\/?post_type=product&#038;p=5773"},"modified":"2023-03-01T12:31:16","modified_gmt":"2023-03-01T10:31:16","slug":"tuuletusikkuna-easy-up-kaarikasvihuoneeseen","status":"publish","type":"product","link":"https:\/\/abpolar.ee\/fi\/tuuletusikkuna-easy-up-kaarikasvihuoneeseen\/","title":{"rendered":"Tuuletusikkuna Easy-UP kaarikasvihuoneeseen"},"content":{"rendered":"<h2>Tuuletusikkuna Easy-UP kaarikasvihuoneeseen<\/h2>\n<ul class=\"list-disc ml-2 mr-3\" data-v-3cbabf1b=\"\">\n<li data-v-3cbabf1b=\"\">Tuuletusikkuna 2m leve\u00e4\u00e4n kaarikasvihuoneeseen<\/li>\n<li data-v-3cbabf1b=\"\">Runko on sinkitty\u00e4 ter\u00e4st\u00e4<\/li>\n<li data-v-3cbabf1b=\"\">Suosittelemme ikkunan asentamista kasvihuoneen asennuksen yhteydess\u00e4, my\u00f6hemmin ikkunan asentaminen on monimutkaisempaa<\/li>\n<\/ul>\n<p>&nbsp;<\/p>\n","protected":false},"excerpt":{"rendered":"<p>Tuuletusikkuna Easy-UP kaarikasvihuoneeseen Tuuletusikkuna 2m leve\u00e4\u00e4n kaarikasvihuoneeseen Runko on sinkitty\u00e4 ter\u00e4st\u00e4 Suosittelemme ikkunan asentamista kasvihuoneen&#8230;<\/p>\n","protected":false},"featured_media":2645,"template":"","meta":{"_acf_changed":false,"inline_featured_image":false},"product_brand":[],"product_cat":[204,207],"product_tag":[],"class_list":{"0":"post-5773","1":"product","2":"type-product","3":"status-publish","4":"has-post-thumbnail","6":"product_cat-kasvihuoneet","7":"product_cat-kasvihuoneiden-lisatarvikkeet","8":"product_shipping_class-pakk-kuni-30kg-fi","10":"first","11":"instock","12":"taxable","13":"shipping-taxable","14":"purchasable","15":"product-type-simple"},"acf":[],"_links":{"self":[{"href":"https:\/\/abpolar.ee\/fi\/wp-json\/wp\/v2\/product\/5773","targetHints":{"allow":["GET"]}}],"collection":[{"href":"https:\/\/abpolar.ee\/fi\/wp-json\/wp\/v2\/product"}],"about":[{"href":"https:\/\/abpolar.ee\/fi\/wp-json\/wp\/v2\/types\/product"}],"wp:featuredmedia":[{"embeddable":true,"href":"https:\/\/abpolar.ee\/fi\/wp-json\/wp\/v2\/media\/2645"}],"wp:attachment":[{"href":"https:\/\/abpolar.ee\/fi\/wp-json\/wp\/v2\/media?parent=5773"}],"wp:term":[{"taxonomy":"product_brand","embeddable":true,"href":"https:\/\/abpolar.ee\/fi\/wp-json\/wp\/v2\/product_brand?post=5773"},{"taxonomy":"product_cat","embeddable":true,"href":"https:\/\/abpolar.ee\/fi\/wp-json\/wp\/v2\/product_cat?post=5773"},{"taxonomy":"product_tag","embeddable":true,"href":"https:\/\/abpolar.ee\/fi\/wp-json\/wp\/v2\/product_tag?post=5773"}],"curies":[{"name":"wp","href":"https:\/\/api.w.org\/{rel}","templated":true}]}}